{"id":6780,"date":"2025-10-09T00:00:00","date_gmt":"2025-10-08T22:00:00","guid":{"rendered":"https:\/\/yotavis.ch\/product\/awg-7202d\/"},"modified":"2026-04-24T13:35:51","modified_gmt":"2026-04-24T11:35:51","slug":"awg-7202d","status":"publish","type":"product","link":"https:\/\/yotavis.ch\/fr\/produit\/awg-7202d\/","title":{"rendered":"AWG-7202D"},"content":{"rendered":"<p>L'AWG-7202D d'Active Technologies dispose d'une sortie \u00e0 2 canaux avec une fr\u00e9quence maximale de 6,5 GHz et un taux d'\u00e9chantillonnage de 20 000 M\u00e9ch\/s. Il offre une profondeur de m\u00e9moire de 9 000 Mpts, ce qui permet de stocker de nombreuses donn\u00e9es. Il offre une profondeur de m\u00e9moire de 9 000 Mpts, ce qui permet de stocker de nombreuses donn\u00e9es pendant le fonctionnement. L'appareil prend en charge les fonctions de balayage et de rafale, ce qui accro\u00eet sa polyvalence en mati\u00e8re de g\u00e9n\u00e9ration de signaux. Il fournit une sortie diff\u00e9rentielle d'une amplitude de 1,25 Vpp et d'une largeur d'impulsion minimale de 0,15 ns, adapt\u00e9e aux applications \u00e0 grande vitesse. Le temps de transition est aussi faible que 0,12 ns, ce qui permet des transitions de signaux pr\u00e9cises. Avec une capacit\u00e9 de m\u00e9moire de 9 Gpts ou 1 Mpts, l'AWG-7202D est con\u00e7u pour traiter efficacement les t\u00e2ches de g\u00e9n\u00e9ration de formes d'onde complexes.<\/p>","protected":false},"excerpt":{"rendered":"<p>2CH &#8211; 20\u00a0\u00a0GS\/s &#8211; 10 GHz &#8211; 9 Gpts \/ 1 Mpts Memory &#8211; 1.25Vpp\u00a0\u00a0differential output<\/p>","protected":false},"featured_media":7821,"comment_status":"closed","ping_status":"closed","template":"","meta":{"_acf_changed":false,"slim_seo":{"title":"AWG-7202D - YOTAVIS AG","description":"2CH - 20 GS\/s - 10 GHz - M\u00e9moire 9 Gpts \/ 1 Mpts - Sortie diff\u00e9rentielle 1.25Vpp"}},"product_brand":[657],"product_cat":[541,513],"product_tag":[],"class_list":{"0":"post-6780","1":"product","2":"type-product","3":"status-publish","4":"has-post-thumbnail","6":"product_brand-active-technologies","7":"product_cat-awg","8":"product_cat-generator","9":"pa_amplitude-v-679","10":"pa_burst-yes","11":"pa_channels-350","12":"pa_frequency-mhz-674","13":"pa_memory-mpts-676","14":"pa_pulse-width-min-ns-0-15","15":"pa_sampling-rate-ms-s-675","16":"pa_sweep-yes","17":"pa_transition-time-min-ns-0-12","18":"pa_vertical-resolution-bits-113","20":"first","21":"instock","22":"taxable","23":"shipping-taxable","24":"product-type-simple"},"acf":[],"_links":{"self":[{"href":"https:\/\/yotavis.ch\/fr\/wp-json\/wp\/v2\/product\/6780","targetHints":{"allow":["GET"]}}],"collection":[{"href":"https:\/\/yotavis.ch\/fr\/wp-json\/wp\/v2\/product"}],"about":[{"href":"https:\/\/yotavis.ch\/fr\/wp-json\/wp\/v2\/types\/product"}],"replies":[{"embeddable":true,"href":"https:\/\/yotavis.ch\/fr\/wp-json\/wp\/v2\/comments?post=6780"}],"wp:featuredmedia":[{"embeddable":true,"href":"https:\/\/yotavis.ch\/fr\/wp-json\/wp\/v2\/media\/7821"}],"wp:attachment":[{"href":"https:\/\/yotavis.ch\/fr\/wp-json\/wp\/v2\/media?parent=6780"}],"wp:term":[{"taxonomy":"product_brand","embeddable":true,"href":"https:\/\/yotavis.ch\/fr\/wp-json\/wp\/v2\/product_brand?post=6780"},{"taxonomy":"product_cat","embeddable":true,"href":"https:\/\/yotavis.ch\/fr\/wp-json\/wp\/v2\/product_cat?post=6780"},{"taxonomy":"product_tag","embeddable":true,"href":"https:\/\/yotavis.ch\/fr\/wp-json\/wp\/v2\/product_tag?post=6780"}],"curies":[{"name":"wp","href":"https:\/\/api.w.org\/{rel}","templated":true}]}}