{"id":6782,"date":"2025-10-09T00:00:00","date_gmt":"2025-10-08T22:00:00","guid":{"rendered":"https:\/\/yotavis.ch\/product\/awg-7172d\/"},"modified":"2026-04-24T13:35:52","modified_gmt":"2026-04-24T11:35:52","slug":"awg-7172d","status":"publish","type":"product","link":"https:\/\/yotavis.ch\/fr\/produit\/awg-7172d\/","title":{"rendered":"AWG-7172D"},"content":{"rendered":"<p>L'AWG-7172D d'Active Technologies dispose d'une configuration \u00e0 2 canaux avec un taux d'\u00e9chantillonnage maximum de 17 GS\/s, permettant la g\u00e9n\u00e9ration de signaux \u00e0 grande vitesse. Il offre une capacit\u00e9 de fr\u00e9quence allant jusqu'\u00e0 6,5 GHz et comprend une profondeur de m\u00e9moire de 9 000 Mpts, ce qui permet un stockage \u00e9tendu des formes d'onde. Le dispositif prend en charge les modes balayage et rafale, ce qui offre des options de sortie de signal polyvalentes. Le temps de transition minimum est de 0,12 ns et la largeur d'impulsion minimum est de 0,15 ns, des param\u00e8tres critiques pour un contr\u00f4le pr\u00e9cis de la synchronisation. L'amplitude de sortie est \u00e9valu\u00e9e \u00e0 1 V, ce qui convient \u00e0 diverses applications de test. Ce mod\u00e8le est con\u00e7u avec une bande passante de 8,5 GHz et une tension de sortie diff\u00e9rentielle de 1,25 Vpp. L'AWG-7172D est \u00e9quip\u00e9 de segments de m\u00e9moire de 9 Gpts et de 1 Mpts, ce qui lui permet de traiter des formes d'onde complexes et de longues s\u00e9quences de signaux.<\/p>","protected":false},"excerpt":{"rendered":"<p>2CH &#8211; 17\u00a0\u00a0GS\/s &#8211; 8.5 GHz &#8211; 9 Gpts \/ 1 Mpts Memory &#8211; 1.25Vpp\u00a0\u00a0differential output<\/p>","protected":false},"featured_media":7821,"comment_status":"closed","ping_status":"closed","template":"","meta":{"_acf_changed":false,"slim_seo":{"title":"AWG-7172D - YOTAVIS AG","description":"2CH - 17 GS\/s - 8.5 GHz - 9 Gpts \/ 1 Mpts M\u00e9moire - Sortie diff\u00e9rentielle 1.25Vpp"}},"product_brand":[657],"product_cat":[541,513],"product_tag":[],"class_list":{"0":"post-6782","1":"product","2":"type-product","3":"status-publish","4":"has-post-thumbnail","6":"product_brand-active-technologies","7":"product_cat-awg","8":"product_cat-generator","9":"pa_amplitude-v-679","10":"pa_burst-yes","11":"pa_channels-350","12":"pa_frequency-mhz-674","13":"pa_memory-mpts-676","14":"pa_pulse-width-min-ns-0-15","15":"pa_sampling-rate-ms-s-680","16":"pa_sweep-yes","17":"pa_transition-time-min-ns-0-12","18":"pa_vertical-resolution-bits-113","20":"first","21":"instock","22":"taxable","23":"shipping-taxable","24":"product-type-simple"},"acf":[],"_links":{"self":[{"href":"https:\/\/yotavis.ch\/fr\/wp-json\/wp\/v2\/product\/6782","targetHints":{"allow":["GET"]}}],"collection":[{"href":"https:\/\/yotavis.ch\/fr\/wp-json\/wp\/v2\/product"}],"about":[{"href":"https:\/\/yotavis.ch\/fr\/wp-json\/wp\/v2\/types\/product"}],"replies":[{"embeddable":true,"href":"https:\/\/yotavis.ch\/fr\/wp-json\/wp\/v2\/comments?post=6782"}],"wp:featuredmedia":[{"embeddable":true,"href":"https:\/\/yotavis.ch\/fr\/wp-json\/wp\/v2\/media\/7821"}],"wp:attachment":[{"href":"https:\/\/yotavis.ch\/fr\/wp-json\/wp\/v2\/media?parent=6782"}],"wp:term":[{"taxonomy":"product_brand","embeddable":true,"href":"https:\/\/yotavis.ch\/fr\/wp-json\/wp\/v2\/product_brand?post=6782"},{"taxonomy":"product_cat","embeddable":true,"href":"https:\/\/yotavis.ch\/fr\/wp-json\/wp\/v2\/product_cat?post=6782"},{"taxonomy":"product_tag","embeddable":true,"href":"https:\/\/yotavis.ch\/fr\/wp-json\/wp\/v2\/product_tag?post=6782"}],"curies":[{"name":"wp","href":"https:\/\/api.w.org\/{rel}","templated":true}]}}