{"id":6783,"date":"2025-10-09T00:00:00","date_gmt":"2025-10-08T22:00:00","guid":{"rendered":"https:\/\/yotavis.ch\/product\/awg-7102\/"},"modified":"2026-04-24T13:35:52","modified_gmt":"2026-04-24T11:35:52","slug":"awg-7102","status":"publish","type":"product","link":"https:\/\/yotavis.ch\/fr\/produit\/awg-7102\/","title":{"rendered":"AWG-7102"},"content":{"rendered":"<p>L'AWG-7102 d'Active Technologies dispose de deux canaux avec une fr\u00e9quence maximale de 3,25 GHz et un taux d'\u00e9chantillonnage de 10 000 MS\/s. Chaque canal est \u00e9quip\u00e9 d'une profondeur de m\u00e9moire de 4,5 Gpts, ce qui permet de stocker et de lire de nombreuses formes d'onde. Chaque canal est \u00e9quip\u00e9 d'une profondeur de m\u00e9moire de 4,5 Gpts, ce qui permet de stocker et de lire de nombreuses formes d'onde. L'appareil prend en charge une amplitude maximale de 5 V cr\u00eate \u00e0 cr\u00eate avec une configuration de sortie asym\u00e9trique. Il comprend des capacit\u00e9s de g\u00e9n\u00e9ration de signaux de balayage et de rafale, ce qui accro\u00eet sa polyvalence dans divers sc\u00e9narios de test. Le temps de transition minimal est de 0,24 ns et la largeur d'impulsion minimale est de 0,3 ns, ce qui permet un contr\u00f4le pr\u00e9cis de la synchronisation des signaux. Ce mod\u00e8le est con\u00e7u pour g\u00e9rer la g\u00e9n\u00e9ration de signaux \u00e0 grande vitesse avec une bande passante de 3 250 MHz, ce qui le rend adapt\u00e9 aux applications \u00e9lectroniques avanc\u00e9es n\u00e9cessitant une synth\u00e8se d\u00e9taill\u00e9e de la forme d'onde.<\/p>","protected":false},"excerpt":{"rendered":"<p>2CH &#8211; 10\u00a0\u00a0GS\/s &#8211; 5 GHz &#8211; 4.5 Gpts Memory per CH &#8211; 5Vpp\u00a0\u00a0single ended output<\/p>","protected":false},"featured_media":7821,"comment_status":"closed","ping_status":"closed","template":"","meta":{"_acf_changed":false,"slim_seo":{"title":"AWG-7102 - YOTAVIS AG","description":"2CH - 10 GS\/s - 5 GHz - 4.5 Gpts M\u00e9moire par CH - 5Vpp sortie single ended"}},"product_brand":[657],"product_cat":[541,513],"product_tag":[],"class_list":{"0":"post-6783","1":"product","2":"type-product","3":"status-publish","4":"has-post-thumbnail","6":"product_brand-active-technologies","7":"product_cat-awg","8":"product_cat-generator","9":"pa_amplitude-v-668","10":"pa_burst-yes","11":"pa_channels-350","12":"pa_frequency-mhz-681","13":"pa_memory-mpts-683","14":"pa_pulse-width-min-ns-0-3","15":"pa_sampling-rate-ms-s-682","16":"pa_sweep-yes","17":"pa_transition-time-min-ns-0-24","18":"pa_vertical-resolution-bits-113","20":"first","21":"instock","22":"taxable","23":"shipping-taxable","24":"product-type-simple"},"acf":[],"_links":{"self":[{"href":"https:\/\/yotavis.ch\/fr\/wp-json\/wp\/v2\/product\/6783","targetHints":{"allow":["GET"]}}],"collection":[{"href":"https:\/\/yotavis.ch\/fr\/wp-json\/wp\/v2\/product"}],"about":[{"href":"https:\/\/yotavis.ch\/fr\/wp-json\/wp\/v2\/types\/product"}],"replies":[{"embeddable":true,"href":"https:\/\/yotavis.ch\/fr\/wp-json\/wp\/v2\/comments?post=6783"}],"wp:featuredmedia":[{"embeddable":true,"href":"https:\/\/yotavis.ch\/fr\/wp-json\/wp\/v2\/media\/7821"}],"wp:attachment":[{"href":"https:\/\/yotavis.ch\/fr\/wp-json\/wp\/v2\/media?parent=6783"}],"wp:term":[{"taxonomy":"product_brand","embeddable":true,"href":"https:\/\/yotavis.ch\/fr\/wp-json\/wp\/v2\/product_brand?post=6783"},{"taxonomy":"product_cat","embeddable":true,"href":"https:\/\/yotavis.ch\/fr\/wp-json\/wp\/v2\/product_cat?post=6783"},{"taxonomy":"product_tag","embeddable":true,"href":"https:\/\/yotavis.ch\/fr\/wp-json\/wp\/v2\/product_tag?post=6783"}],"curies":[{"name":"wp","href":"https:\/\/api.w.org\/{rel}","templated":true}]}}