{"id":6787,"date":"2025-10-09T00:00:00","date_gmt":"2025-10-08T22:00:00","guid":{"rendered":"https:\/\/yotavis.ch\/product\/awg-7174\/"},"modified":"2026-04-24T13:35:53","modified_gmt":"2026-04-24T11:35:53","slug":"awg-7174","status":"publish","type":"product","link":"https:\/\/yotavis.ch\/fr\/produit\/awg-7174\/","title":{"rendered":"AWG-7174"},"content":{"rendered":"<p>L'AWG-7174 d'Active Technologies dispose d'une configuration \u00e0 4 canaux avec un taux d'\u00e9chantillonnage maximum de 17 GS\/s, permettant la g\u00e9n\u00e9ration de signaux \u00e0 grande vitesse. Il offre une capacit\u00e9 de fr\u00e9quence allant jusqu'\u00e0 6,5 GHz et une profondeur de m\u00e9moire de 9 000 Mpts, ce qui permet de stocker de nombreuses formes d'onde. L'appareil fournit une sortie asym\u00e9trique d'une amplitude de 5 Vpp, adapt\u00e9e \u00e0 diverses applications de test. Il prend en charge les modes balayage et rafale, ce qui permet une modulation polyvalente du signal. Le temps de transition minimum est de 0,12 ns et la largeur d'impulsion minimum est de 0,15 ns, ce qui facilite un contr\u00f4le pr\u00e9cis du temps. Avec une capacit\u00e9 de m\u00e9moire de 9 Gpts ou 589 Kpts, l'AWG-7174 est con\u00e7u pour traiter efficacement des s\u00e9quences de formes d'onde complexes. Cette combinaison de caract\u00e9ristiques le rend apte \u00e0 effectuer des tests \u00e9lectroniques avanc\u00e9s et des t\u00e2ches de d\u00e9veloppement.<\/p>","protected":false},"excerpt":{"rendered":"<p>4CH &#8211; 17\u00a0\u00a0GS\/s &#8211; 8.5 GHz &#8211; 9 Gpts \/ 589 Kpts Memory &#8211; 5Vpp\u00a0\u00a0single ended output<\/p>","protected":false},"featured_media":7821,"comment_status":"closed","ping_status":"closed","template":"","meta":{"_acf_changed":false,"slim_seo":{"title":"AWG-7174 - YOTAVIS AG","description":"4CH - 17 GS\/s - 8.5 GHz - 9 Gpts \/ 589 Kpts M\u00e9moire - 5Vpp sortie single ended"}},"product_brand":[657],"product_cat":[541,513],"product_tag":[],"class_list":{"0":"post-6787","1":"product","2":"type-product","3":"status-publish","4":"has-post-thumbnail","6":"product_brand-active-technologies","7":"product_cat-awg","8":"product_cat-generator","9":"pa_amplitude-v-668","10":"pa_burst-yes","11":"pa_channels-338","12":"pa_frequency-mhz-674","13":"pa_memory-mpts-676","14":"pa_pulse-width-min-ns-0-15","15":"pa_sampling-rate-ms-s-680","16":"pa_sweep-yes","17":"pa_transition-time-min-ns-0-12","18":"pa_vertical-resolution-bits-113","20":"first","21":"instock","22":"taxable","23":"shipping-taxable","24":"product-type-simple"},"acf":[],"_links":{"self":[{"href":"https:\/\/yotavis.ch\/fr\/wp-json\/wp\/v2\/product\/6787","targetHints":{"allow":["GET"]}}],"collection":[{"href":"https:\/\/yotavis.ch\/fr\/wp-json\/wp\/v2\/product"}],"about":[{"href":"https:\/\/yotavis.ch\/fr\/wp-json\/wp\/v2\/types\/product"}],"replies":[{"embeddable":true,"href":"https:\/\/yotavis.ch\/fr\/wp-json\/wp\/v2\/comments?post=6787"}],"wp:featuredmedia":[{"embeddable":true,"href":"https:\/\/yotavis.ch\/fr\/wp-json\/wp\/v2\/media\/7821"}],"wp:attachment":[{"href":"https:\/\/yotavis.ch\/fr\/wp-json\/wp\/v2\/media?parent=6787"}],"wp:term":[{"taxonomy":"product_brand","embeddable":true,"href":"https:\/\/yotavis.ch\/fr\/wp-json\/wp\/v2\/product_brand?post=6787"},{"taxonomy":"product_cat","embeddable":true,"href":"https:\/\/yotavis.ch\/fr\/wp-json\/wp\/v2\/product_cat?post=6787"},{"taxonomy":"product_tag","embeddable":true,"href":"https:\/\/yotavis.ch\/fr\/wp-json\/wp\/v2\/product_tag?post=6787"}],"curies":[{"name":"wp","href":"https:\/\/api.w.org\/{rel}","templated":true}]}}