{"id":6788,"date":"2025-10-09T00:00:00","date_gmt":"2025-10-08T22:00:00","guid":{"rendered":"https:\/\/yotavis.ch\/product\/awg-7174d\/"},"modified":"2026-04-24T13:35:54","modified_gmt":"2026-04-24T11:35:54","slug":"awg-7174d","status":"publish","type":"product","link":"https:\/\/yotavis.ch\/fr\/produit\/awg-7174d\/","title":{"rendered":"AWG-7174D"},"content":{"rendered":"<p>L'AWG-7174D d'Active Technologies pr\u00e9sente une configuration \u00e0 4 canaux avec un taux d'\u00e9chantillonnage maximum de 17 GS\/s et une capacit\u00e9 de fr\u00e9quence de 6,5 GHz. Il offre une profondeur de m\u00e9moire de 9 000 Mpts, permettant la g\u00e9n\u00e9ration et le stockage de formes d'ondes d\u00e9taill\u00e9es. Le dispositif fournit une sortie diff\u00e9rentielle avec une amplitude de 1,25 Vpp et une largeur d'impulsion minimale de 0,15 ns, ce qui permet un contr\u00f4le pr\u00e9cis du signal. Il prend en charge les modes balayage et rafale, ce qui accro\u00eet sa polyvalence dans divers sc\u00e9narios de test. Le temps de transition est aussi faible que 0,12 ns, ce qui contribue \u00e0 ses performances \u00e0 grande vitesse. Avec une capacit\u00e9 de m\u00e9moire de 9 Gpts et 589 Kpts, l'AWG-7174D est con\u00e7u pour traiter efficacement des mod\u00e8les de signaux complexes. Ce mod\u00e8le convient aux applications n\u00e9cessitant la g\u00e9n\u00e9ration de formes d'ondes \u00e0 haute fr\u00e9quence et \u00e0 haute r\u00e9solution.<\/p>","protected":false},"excerpt":{"rendered":"<p>4CH &#8211; 17\u00a0\u00a0GS\/s &#8211; 8.5 GHz &#8211; 9 Gpts \/ 589 Kpts Memory &#8211; 1.25Vpp\u00a0\u00a0differential output<\/p>","protected":false},"featured_media":7821,"comment_status":"closed","ping_status":"closed","template":"","meta":{"_acf_changed":false,"slim_seo":{"title":"AWG-7174D - YOTAVIS AG","description":"4CH - 17 GS\/s - 8.5 GHz - 9 Gpts \/ 589 Kpts M\u00e9moire - Sortie diff\u00e9rentielle 1.25Vpp"}},"product_brand":[657],"product_cat":[541,513],"product_tag":[],"class_list":{"0":"post-6788","1":"product","2":"type-product","3":"status-publish","4":"has-post-thumbnail","6":"product_brand-active-technologies","7":"product_cat-awg","8":"product_cat-generator","9":"pa_amplitude-v-679","10":"pa_burst-yes","11":"pa_channels-338","12":"pa_frequency-mhz-674","13":"pa_memory-mpts-676","14":"pa_pulse-width-min-ns-0-15","15":"pa_sampling-rate-ms-s-680","16":"pa_sweep-yes","17":"pa_transition-time-min-ns-0-12","18":"pa_vertical-resolution-bits-113","20":"first","21":"instock","22":"taxable","23":"shipping-taxable","24":"product-type-simple"},"acf":[],"_links":{"self":[{"href":"https:\/\/yotavis.ch\/fr\/wp-json\/wp\/v2\/product\/6788","targetHints":{"allow":["GET"]}}],"collection":[{"href":"https:\/\/yotavis.ch\/fr\/wp-json\/wp\/v2\/product"}],"about":[{"href":"https:\/\/yotavis.ch\/fr\/wp-json\/wp\/v2\/types\/product"}],"replies":[{"embeddable":true,"href":"https:\/\/yotavis.ch\/fr\/wp-json\/wp\/v2\/comments?post=6788"}],"wp:featuredmedia":[{"embeddable":true,"href":"https:\/\/yotavis.ch\/fr\/wp-json\/wp\/v2\/media\/7821"}],"wp:attachment":[{"href":"https:\/\/yotavis.ch\/fr\/wp-json\/wp\/v2\/media?parent=6788"}],"wp:term":[{"taxonomy":"product_brand","embeddable":true,"href":"https:\/\/yotavis.ch\/fr\/wp-json\/wp\/v2\/product_brand?post=6788"},{"taxonomy":"product_cat","embeddable":true,"href":"https:\/\/yotavis.ch\/fr\/wp-json\/wp\/v2\/product_cat?post=6788"},{"taxonomy":"product_tag","embeddable":true,"href":"https:\/\/yotavis.ch\/fr\/wp-json\/wp\/v2\/product_tag?post=6788"}],"curies":[{"name":"wp","href":"https:\/\/api.w.org\/{rel}","templated":true}]}}