{"id":6790,"date":"2025-10-09T00:00:00","date_gmt":"2025-10-08T22:00:00","guid":{"rendered":"https:\/\/yotavis.ch\/product\/awg-7104d\/"},"modified":"2026-04-24T13:35:54","modified_gmt":"2026-04-24T11:35:54","slug":"awg-7104d","status":"publish","type":"product","link":"https:\/\/yotavis.ch\/fr\/produit\/awg-7104d\/","title":{"rendered":"AWG-7104D"},"content":{"rendered":"<p>L'AWG-7104D d'Active Technologies dispose de quatre canaux avec une fr\u00e9quence maximale de 3,25 GHz et un taux d'\u00e9chantillonnage de 10 000 MS\/s. Chaque canal est \u00e9quip\u00e9 d'une profondeur de m\u00e9moire de 4,5 Gpts, ce qui permet de stocker de nombreuses donn\u00e9es. Chaque canal est \u00e9quip\u00e9 d'une profondeur de m\u00e9moire de 4,5 Gpts, ce qui permet de stocker de nombreuses donn\u00e9es pendant le fonctionnement. L'appareil prend en charge les fonctions de balayage et de rafale, ce qui accro\u00eet sa polyvalence en mati\u00e8re de g\u00e9n\u00e9ration de signaux. Il offre une sortie diff\u00e9rentielle d'une amplitude de 1,25 Vpp, adapt\u00e9e \u00e0 diverses applications de test et de mesure. Le temps de transition minimum est de 0,24 ns et la largeur d'impulsion minimum est de 0,3 ns, ce qui permet un contr\u00f4le pr\u00e9cis de la synchronisation du signal. Ce mod\u00e8le est con\u00e7u pour g\u00e9rer la g\u00e9n\u00e9ration de signaux \u00e0 haute vitesse avec une bande passante de 5 GHz, ce qui le rend adapt\u00e9 aux environnements de test \u00e9lectronique avanc\u00e9s.<\/p>","protected":false},"excerpt":{"rendered":"<p>4CH &#8211; 10\u00a0\u00a0GS\/s &#8211; 5 GHz &#8211; 4.5 Gpts Memory per CH &#8211; 1.25Vpp\u00a0\u00a0differential output<\/p>","protected":false},"featured_media":7821,"comment_status":"closed","ping_status":"closed","template":"","meta":{"_acf_changed":false,"slim_seo":{"title":"AWG-7104D - YOTAVIS AG","description":"4CH - 10 GS\/s - 5 GHz - M\u00e9moire 4.5 Gpts par CH - Sortie diff\u00e9rentielle 1.25Vpp"}},"product_brand":[657],"product_cat":[541,513],"product_tag":[],"class_list":{"0":"post-6790","1":"product","2":"type-product","3":"status-publish","4":"has-post-thumbnail","6":"product_brand-active-technologies","7":"product_cat-awg","8":"product_cat-generator","9":"pa_amplitude-v-679","10":"pa_burst-yes","11":"pa_channels-338","12":"pa_frequency-mhz-681","13":"pa_memory-mpts-683","14":"pa_pulse-width-min-ns-0-3","15":"pa_sampling-rate-ms-s-682","16":"pa_sweep-yes","17":"pa_transition-time-min-ns-0-24","18":"pa_vertical-resolution-bits-113","20":"first","21":"instock","22":"taxable","23":"shipping-taxable","24":"product-type-simple"},"acf":[],"_links":{"self":[{"href":"https:\/\/yotavis.ch\/fr\/wp-json\/wp\/v2\/product\/6790","targetHints":{"allow":["GET"]}}],"collection":[{"href":"https:\/\/yotavis.ch\/fr\/wp-json\/wp\/v2\/product"}],"about":[{"href":"https:\/\/yotavis.ch\/fr\/wp-json\/wp\/v2\/types\/product"}],"replies":[{"embeddable":true,"href":"https:\/\/yotavis.ch\/fr\/wp-json\/wp\/v2\/comments?post=6790"}],"wp:featuredmedia":[{"embeddable":true,"href":"https:\/\/yotavis.ch\/fr\/wp-json\/wp\/v2\/media\/7821"}],"wp:attachment":[{"href":"https:\/\/yotavis.ch\/fr\/wp-json\/wp\/v2\/media?parent=6790"}],"wp:term":[{"taxonomy":"product_brand","embeddable":true,"href":"https:\/\/yotavis.ch\/fr\/wp-json\/wp\/v2\/product_brand?post=6790"},{"taxonomy":"product_cat","embeddable":true,"href":"https:\/\/yotavis.ch\/fr\/wp-json\/wp\/v2\/product_cat?post=6790"},{"taxonomy":"product_tag","embeddable":true,"href":"https:\/\/yotavis.ch\/fr\/wp-json\/wp\/v2\/product_tag?post=6790"}],"curies":[{"name":"wp","href":"https:\/\/api.w.org\/{rel}","templated":true}]}}