{"id":6791,"date":"2025-10-09T00:00:00","date_gmt":"2025-10-08T22:00:00","guid":{"rendered":"https:\/\/yotavis.ch\/product\/awg-7204-s\/"},"modified":"2026-04-24T13:35:55","modified_gmt":"2026-04-24T11:35:55","slug":"awg-7204-s","status":"publish","type":"product","link":"https:\/\/yotavis.ch\/fr\/produit\/awg-7204-s\/","title":{"rendered":"AWG-7204-S"},"content":{"rendered":"<p>L'AWG-7204-S d'Active Technologies dispose de quatre canaux avec une fr\u00e9quence maximale de 3250 MHz et un taux d'\u00e9chantillonnage de 20 000 MS\/s. Chaque canal est \u00e9quip\u00e9 d'une m\u00e9moire de 512 Kpts, ce qui permet de g\u00e9n\u00e9rer des formes d'ondes d\u00e9taill\u00e9es et de les stocker. Chaque canal est \u00e9quip\u00e9 d'une m\u00e9moire de 512 Kpts, permettant la g\u00e9n\u00e9ration et le stockage de formes d'ondes d\u00e9taill\u00e9es. L'appareil prend en charge une sortie asym\u00e9trique de 5 Vpp, ce qui permet d'obtenir une amplitude de signal claire et coh\u00e9rente. Il comprend des capacit\u00e9s pour les modes balayage et rafale, ce qui am\u00e9liore sa polyvalence dans divers sc\u00e9narios de test. Le temps de transition minimum est de 0,12 ns et la largeur d'impulsion minimum est de 0,15 ns, ce qui permet un contr\u00f4le pr\u00e9cis de la synchronisation du signal. Ce mod\u00e8le est con\u00e7u pour g\u00e9rer la g\u00e9n\u00e9ration de signaux \u00e0 grande vitesse avec une bande passante de 10 GHz, ce qui le rend adapt\u00e9 aux applications avanc\u00e9es n\u00e9cessitant des sorties de forme d'onde rapides et pr\u00e9cises.<\/p>","protected":false},"excerpt":{"rendered":"<p>4CH &#8211; 20\u00a0\u00a0GS\/s &#8211; 10 GHz &#8211; 512 Kpts Memory per CH &#8211; 5Vpp\u00a0\u00a0single ended output<\/p>","protected":false},"featured_media":7821,"comment_status":"closed","ping_status":"closed","template":"","meta":{"_acf_changed":false,"slim_seo":{"title":"AWG-7204-S - YOTAVIS AG","description":"4CH - 20 GS\/s - 10 GHz - 512 Kpts de m\u00e9moire par CH - 5Vpp single ended output"}},"product_brand":[657],"product_cat":[541,513],"product_tag":[],"class_list":{"0":"post-6791","1":"product","2":"type-product","3":"status-publish","4":"has-post-thumbnail","6":"product_brand-active-technologies","7":"product_cat-awg","8":"product_cat-generator","9":"pa_amplitude-v-668","10":"pa_burst-yes","11":"pa_channels-338","12":"pa_frequency-mhz-681","13":"pa_memory-mpts-0-512","14":"pa_pulse-width-min-ns-0-15","15":"pa_sampling-rate-ms-s-675","16":"pa_sweep-yes","17":"pa_transition-time-min-ns-0-12","18":"pa_vertical-resolution-bits-113","20":"first","21":"instock","22":"taxable","23":"shipping-taxable","24":"product-type-simple"},"acf":[],"_links":{"self":[{"href":"https:\/\/yotavis.ch\/fr\/wp-json\/wp\/v2\/product\/6791","targetHints":{"allow":["GET"]}}],"collection":[{"href":"https:\/\/yotavis.ch\/fr\/wp-json\/wp\/v2\/product"}],"about":[{"href":"https:\/\/yotavis.ch\/fr\/wp-json\/wp\/v2\/types\/product"}],"replies":[{"embeddable":true,"href":"https:\/\/yotavis.ch\/fr\/wp-json\/wp\/v2\/comments?post=6791"}],"wp:featuredmedia":[{"embeddable":true,"href":"https:\/\/yotavis.ch\/fr\/wp-json\/wp\/v2\/media\/7821"}],"wp:attachment":[{"href":"https:\/\/yotavis.ch\/fr\/wp-json\/wp\/v2\/media?parent=6791"}],"wp:term":[{"taxonomy":"product_brand","embeddable":true,"href":"https:\/\/yotavis.ch\/fr\/wp-json\/wp\/v2\/product_brand?post=6791"},{"taxonomy":"product_cat","embeddable":true,"href":"https:\/\/yotavis.ch\/fr\/wp-json\/wp\/v2\/product_cat?post=6791"},{"taxonomy":"product_tag","embeddable":true,"href":"https:\/\/yotavis.ch\/fr\/wp-json\/wp\/v2\/product_tag?post=6791"}],"curies":[{"name":"wp","href":"https:\/\/api.w.org\/{rel}","templated":true}]}}