{"id":6795,"date":"2025-10-09T00:00:00","date_gmt":"2025-10-08T22:00:00","guid":{"rendered":"https:\/\/yotavis.ch\/product\/awg-7202-pat\/"},"modified":"2026-04-24T13:35:58","modified_gmt":"2026-04-24T11:35:58","slug":"awg-7202-pat","status":"publish","type":"product","link":"https:\/\/yotavis.ch\/fr\/produit\/awg-7202-pat\/","title":{"rendered":"AWG-7202-PAT"},"content":{"rendered":"<p>L'AWG-7202-PAT est un g\u00e9n\u00e9rateur de signaux s\u00e9rie \u00e0 2 canaux compatible avec les mod\u00e8les AWG-7202, AWG-7172 et AWG-7102. Fabriqu\u00e9 par Active Technologies, ce produit est con\u00e7u pour am\u00e9liorer la fonctionnalit\u00e9 de ces g\u00e9n\u00e9rateurs de forme d'onde en fournissant des capacit\u00e9s pr\u00e9cises de g\u00e9n\u00e9ration de mod\u00e8les en s\u00e9rie. Il s'int\u00e8gre parfaitement aux mod\u00e8les sp\u00e9cifi\u00e9s, permettant aux utilisateurs de g\u00e9n\u00e9rer des mod\u00e8les de donn\u00e9es s\u00e9rie complexes \u00e0 des fins de test et de d\u00e9veloppement. L'option prend en charge deux canaux, ce qui permet de g\u00e9n\u00e9rer simultan\u00e9ment des mod\u00e8les sur plusieurs sorties. Cette fonction est particuli\u00e8rement utile pour les applications n\u00e9cessitant des flux de donn\u00e9es synchronis\u00e9s ou des tests multi-voies. L'AWG-7202-PAT est un accessoire sp\u00e9cialis\u00e9 qui \u00e9largit la polyvalence des g\u00e9n\u00e9rateurs de formes d'onde de base, ce qui le rend adapt\u00e9 aux environnements de test \u00e9lectronique avanc\u00e9s o\u00f9 la g\u00e9n\u00e9ration de mod\u00e8les de donn\u00e9es en s\u00e9rie est n\u00e9cessaire.<\/p>","protected":false},"excerpt":{"rendered":"<p>Option de g\u00e9n\u00e9rateur de motif s\u00e9riel 2CH pour AWG-7202, AWG-7172 et AWG-7102<\/p>","protected":false},"featured_media":7821,"comment_status":"closed","ping_status":"closed","template":"","meta":{"_acf_changed":false,"slim_seo":{"title":"AWG-7202-PAT - YOTAVIS AG","description":"Option de g\u00e9n\u00e9rateur de motif s\u00e9riel 2CH pour AWG-7202, AWG-7172 et AWG-7102"}},"product_brand":[657],"product_cat":[526,651],"product_tag":[],"class_list":{"0":"post-6795","1":"product","2":"type-product","3":"status-publish","4":"has-post-thumbnail","6":"product_brand-active-technologies","7":"product_cat-accessories","8":"product_cat-software","10":"first","11":"instock","12":"taxable","13":"shipping-taxable","14":"product-type-simple"},"acf":[],"_links":{"self":[{"href":"https:\/\/yotavis.ch\/fr\/wp-json\/wp\/v2\/product\/6795","targetHints":{"allow":["GET"]}}],"collection":[{"href":"https:\/\/yotavis.ch\/fr\/wp-json\/wp\/v2\/product"}],"about":[{"href":"https:\/\/yotavis.ch\/fr\/wp-json\/wp\/v2\/types\/product"}],"replies":[{"embeddable":true,"href":"https:\/\/yotavis.ch\/fr\/wp-json\/wp\/v2\/comments?post=6795"}],"wp:featuredmedia":[{"embeddable":true,"href":"https:\/\/yotavis.ch\/fr\/wp-json\/wp\/v2\/media\/7821"}],"wp:attachment":[{"href":"https:\/\/yotavis.ch\/fr\/wp-json\/wp\/v2\/media?parent=6795"}],"wp:term":[{"taxonomy":"product_brand","embeddable":true,"href":"https:\/\/yotavis.ch\/fr\/wp-json\/wp\/v2\/product_brand?post=6795"},{"taxonomy":"product_cat","embeddable":true,"href":"https:\/\/yotavis.ch\/fr\/wp-json\/wp\/v2\/product_cat?post=6795"},{"taxonomy":"product_tag","embeddable":true,"href":"https:\/\/yotavis.ch\/fr\/wp-json\/wp\/v2\/product_tag?post=6795"}],"curies":[{"name":"wp","href":"https:\/\/api.w.org\/{rel}","templated":true}]}}