{"id":6796,"date":"2025-10-09T00:00:00","date_gmt":"2025-10-08T22:00:00","guid":{"rendered":"https:\/\/yotavis.ch\/product\/awg-7204-pat\/"},"modified":"2026-04-24T13:35:58","modified_gmt":"2026-04-24T11:35:58","slug":"awg-7204-pat","status":"publish","type":"product","link":"https:\/\/yotavis.ch\/fr\/produit\/awg-7204-pat\/","title":{"rendered":"AWG-7204-PAT"},"content":{"rendered":"<p>L'AWG-7204-PAT est un g\u00e9n\u00e9rateur de signaux s\u00e9rie \u00e0 4 canaux compatible avec les mod\u00e8les AWG-7204, AWG-7174 et AWG-7104. Fabriqu\u00e9 par Active Technologies, ce produit est con\u00e7u pour am\u00e9liorer la fonctionnalit\u00e9 de ces g\u00e9n\u00e9rateurs de formes d'onde en fournissant des capacit\u00e9s suppl\u00e9mentaires de g\u00e9n\u00e9ration de mod\u00e8les en s\u00e9rie. Il s'int\u00e8gre parfaitement aux mod\u00e8les sp\u00e9cifi\u00e9s, permettant aux utilisateurs d'\u00e9tendre leurs options de test et de g\u00e9n\u00e9ration de signaux. L'appareil prend en charge quatre canaux ind\u00e9pendants, ce qui permet de g\u00e9n\u00e9rer des mod\u00e8les complexes sur plusieurs sorties simultan\u00e9ment. Cette option est particuli\u00e8rement utile pour les applications n\u00e9cessitant des mod\u00e8les de donn\u00e9es s\u00e9rie pr\u00e9cis et synchronis\u00e9s. Sa conception garantit la compatibilit\u00e9 et la facilit\u00e9 d'int\u00e9gration avec le mat\u00e9riel existant, tout en maintenant les normes de performance des unit\u00e9s de base. L'AWG-7204-PAT est un outil sp\u00e9cialis\u00e9 pour les utilisateurs qui ont besoin d'une g\u00e9n\u00e9ration de motifs s\u00e9rie avanc\u00e9e dans leurs configurations de test.<\/p>","protected":false},"excerpt":{"rendered":"<p>Option de g\u00e9n\u00e9rateur de mod\u00e8le s\u00e9riel 4CH pour AWG-7204, AWG-7174 et AWG-7104<\/p>","protected":false},"featured_media":7821,"comment_status":"closed","ping_status":"closed","template":"","meta":{"_acf_changed":false,"slim_seo":{"title":"AWG-7204-PAT - YOTAVIS AG","description":"Option de g\u00e9n\u00e9rateur de mod\u00e8le s\u00e9riel 4CH pour AWG-7204, AWG-7174 et AWG-7104"}},"product_brand":[657],"product_cat":[526,651],"product_tag":[],"class_list":{"0":"post-6796","1":"product","2":"type-product","3":"status-publish","4":"has-post-thumbnail","6":"product_brand-active-technologies","7":"product_cat-accessories","8":"product_cat-software","10":"first","11":"instock","12":"taxable","13":"shipping-taxable","14":"product-type-simple"},"acf":[],"_links":{"self":[{"href":"https:\/\/yotavis.ch\/fr\/wp-json\/wp\/v2\/product\/6796","targetHints":{"allow":["GET"]}}],"collection":[{"href":"https:\/\/yotavis.ch\/fr\/wp-json\/wp\/v2\/product"}],"about":[{"href":"https:\/\/yotavis.ch\/fr\/wp-json\/wp\/v2\/types\/product"}],"replies":[{"embeddable":true,"href":"https:\/\/yotavis.ch\/fr\/wp-json\/wp\/v2\/comments?post=6796"}],"wp:featuredmedia":[{"embeddable":true,"href":"https:\/\/yotavis.ch\/fr\/wp-json\/wp\/v2\/media\/7821"}],"wp:attachment":[{"href":"https:\/\/yotavis.ch\/fr\/wp-json\/wp\/v2\/media?parent=6796"}],"wp:term":[{"taxonomy":"product_brand","embeddable":true,"href":"https:\/\/yotavis.ch\/fr\/wp-json\/wp\/v2\/product_brand?post=6796"},{"taxonomy":"product_cat","embeddable":true,"href":"https:\/\/yotavis.ch\/fr\/wp-json\/wp\/v2\/product_cat?post=6796"},{"taxonomy":"product_tag","embeddable":true,"href":"https:\/\/yotavis.ch\/fr\/wp-json\/wp\/v2\/product_tag?post=6796"}],"curies":[{"name":"wp","href":"https:\/\/api.w.org\/{rel}","templated":true}]}}