{"id":6797,"date":"2025-10-09T00:00:00","date_gmt":"2025-10-08T22:00:00","guid":{"rendered":"https:\/\/yotavis.ch\/product\/awg-7xx4-8dig\/"},"modified":"2026-04-24T13:35:58","modified_gmt":"2026-04-24T11:35:58","slug":"awg-7xx4-8dig","status":"publish","type":"product","link":"https:\/\/yotavis.ch\/fr\/produit\/awg-7xx4-8dig\/","title":{"rendered":"AWG-7xx4-8DIG"},"content":{"rendered":"<p>L'AWG-7xx4-8DIG est une licence num\u00e9rique \u00e0 8 canaux con\u00e7ue pour la s\u00e9rie AWG-7xx4 d'Active Technologies. Ce produit permet d'activer huit canaux num\u00e9riques, \u00e9largissant ainsi les capacit\u00e9s de l'appareil AWG-7xx4. Il est important de noter que le c\u00e2ble n\u00e9cessaire \u00e0 la connexion n'est pas inclus dans cette licence. La licence permet d'am\u00e9liorer les fonctionnalit\u00e9s num\u00e9riques sans modifier la configuration mat\u00e9rielle de l'unit\u00e9 de base. En tant que licence logicielle, elle constitue une solution flexible pour les utilisateurs qui ont besoin de canaux num\u00e9riques suppl\u00e9mentaires. Le produit est sp\u00e9cialement con\u00e7u pour s'int\u00e9grer de mani\u00e8re transparente \u00e0 la s\u00e9rie AWG-7xx4, garantissant ainsi la compatibilit\u00e9 et la facilit\u00e9 d'utilisation. Cette licence est id\u00e9ale pour les applications n\u00e9cessitant plusieurs sorties num\u00e9riques dans le cadre de l'AWG-7xx4.<\/p>","protected":false},"excerpt":{"rendered":"<p>Licence 8CH Dig pour AWG-7xx4 (c\u00e2ble NON inclus)<\/p>","protected":false},"featured_media":7821,"comment_status":"closed","ping_status":"closed","template":"","meta":{"_acf_changed":false,"slim_seo":{"title":"AWG-7xx4-8DIG - YOTAVIS AG","description":"Licence 8CH Dig pour AWG-7xx4 (c\u00e2ble NON inclus)"}},"product_brand":[657],"product_cat":[526,651],"product_tag":[],"class_list":{"0":"post-6797","1":"product","2":"type-product","3":"status-publish","4":"has-post-thumbnail","6":"product_brand-active-technologies","7":"product_cat-accessories","8":"product_cat-software","10":"first","11":"instock","12":"taxable","13":"shipping-taxable","14":"product-type-simple"},"acf":[],"_links":{"self":[{"href":"https:\/\/yotavis.ch\/fr\/wp-json\/wp\/v2\/product\/6797","targetHints":{"allow":["GET"]}}],"collection":[{"href":"https:\/\/yotavis.ch\/fr\/wp-json\/wp\/v2\/product"}],"about":[{"href":"https:\/\/yotavis.ch\/fr\/wp-json\/wp\/v2\/types\/product"}],"replies":[{"embeddable":true,"href":"https:\/\/yotavis.ch\/fr\/wp-json\/wp\/v2\/comments?post=6797"}],"wp:featuredmedia":[{"embeddable":true,"href":"https:\/\/yotavis.ch\/fr\/wp-json\/wp\/v2\/media\/7821"}],"wp:attachment":[{"href":"https:\/\/yotavis.ch\/fr\/wp-json\/wp\/v2\/media?parent=6797"}],"wp:term":[{"taxonomy":"product_brand","embeddable":true,"href":"https:\/\/yotavis.ch\/fr\/wp-json\/wp\/v2\/product_brand?post=6797"},{"taxonomy":"product_cat","embeddable":true,"href":"https:\/\/yotavis.ch\/fr\/wp-json\/wp\/v2\/product_cat?post=6797"},{"taxonomy":"product_tag","embeddable":true,"href":"https:\/\/yotavis.ch\/fr\/wp-json\/wp\/v2\/product_tag?post=6797"}],"curies":[{"name":"wp","href":"https:\/\/api.w.org\/{rel}","templated":true}]}}