{"id":6798,"date":"2025-10-09T00:00:00","date_gmt":"2025-10-08T22:00:00","guid":{"rendered":"https:\/\/yotavis.ch\/product\/awg-7xx4-16dig\/"},"modified":"2026-04-24T13:35:59","modified_gmt":"2026-04-24T11:35:59","slug":"awg-7xx4-16dig","status":"publish","type":"product","link":"https:\/\/yotavis.ch\/fr\/produit\/awg-7xx4-16dig\/","title":{"rendered":"AWG-7xx4-16DIG"},"content":{"rendered":"<p>L'AWG-7xx4-16DIG est une licence num\u00e9rique \u00e0 16 canaux con\u00e7ue pour la s\u00e9rie AWG-7xx4 d'Active Technologies. Ce produit permet d'utiliser 16 canaux num\u00e9riques, \u00e9largissant ainsi les capacit\u00e9s de l'appareil AWG-7xx4. Il est important de noter que le c\u00e2ble n\u00e9cessaire \u00e0 la connexion n'est pas inclus dans cette licence. La licence ajoute sp\u00e9cifiquement une fonctionnalit\u00e9 num\u00e9rique, permettant d'am\u00e9liorer la g\u00e9n\u00e9ration et le contr\u00f4le des signaux num\u00e9riques dans le cadre du mat\u00e9riel existant. En tant que licence logicielle, elle s'int\u00e8gre parfaitement \u00e0 l'AWG-7xx4, offrant aux utilisateurs des options de sortie num\u00e9rique suppl\u00e9mentaires sans qu'il soit n\u00e9cessaire de modifier le mat\u00e9riel physique. Cette licence est id\u00e9ale pour les utilisateurs qui ont besoin de plusieurs canaux num\u00e9riques pour leurs applications et qui souhaitent mettre \u00e0 niveau leur syst\u00e8me AWG-7xx4 actuel. Ce produit fait partie de la marque Active Technologies, connue pour son souci de pr\u00e9cision et de performance dans les \u00e9quipements de test \u00e9lectronique.<\/p>","protected":false},"excerpt":{"rendered":"<p>Licence Dig 16CH pour AWG-7xx4 (c\u00e2ble NON inclus)<\/p>","protected":false},"featured_media":7821,"comment_status":"closed","ping_status":"closed","template":"","meta":{"_acf_changed":false,"slim_seo":{"title":"AWG-7xx4-16DIG - YOTAVIS AG","description":"Licence Dig 16CH pour AWG-7xx4 (c\u00e2ble NON inclus)"}},"product_brand":[657],"product_cat":[526,651],"product_tag":[],"class_list":{"0":"post-6798","1":"product","2":"type-product","3":"status-publish","4":"has-post-thumbnail","6":"product_brand-active-technologies","7":"product_cat-accessories","8":"product_cat-software","10":"first","11":"instock","12":"taxable","13":"shipping-taxable","14":"product-type-simple"},"acf":[],"_links":{"self":[{"href":"https:\/\/yotavis.ch\/fr\/wp-json\/wp\/v2\/product\/6798","targetHints":{"allow":["GET"]}}],"collection":[{"href":"https:\/\/yotavis.ch\/fr\/wp-json\/wp\/v2\/product"}],"about":[{"href":"https:\/\/yotavis.ch\/fr\/wp-json\/wp\/v2\/types\/product"}],"replies":[{"embeddable":true,"href":"https:\/\/yotavis.ch\/fr\/wp-json\/wp\/v2\/comments?post=6798"}],"wp:featuredmedia":[{"embeddable":true,"href":"https:\/\/yotavis.ch\/fr\/wp-json\/wp\/v2\/media\/7821"}],"wp:attachment":[{"href":"https:\/\/yotavis.ch\/fr\/wp-json\/wp\/v2\/media?parent=6798"}],"wp:term":[{"taxonomy":"product_brand","embeddable":true,"href":"https:\/\/yotavis.ch\/fr\/wp-json\/wp\/v2\/product_brand?post=6798"},{"taxonomy":"product_cat","embeddable":true,"href":"https:\/\/yotavis.ch\/fr\/wp-json\/wp\/v2\/product_cat?post=6798"},{"taxonomy":"product_tag","embeddable":true,"href":"https:\/\/yotavis.ch\/fr\/wp-json\/wp\/v2\/product_tag?post=6798"}],"curies":[{"name":"wp","href":"https:\/\/api.w.org\/{rel}","templated":true}]}}