{"id":6802,"date":"2025-10-09T00:00:00","date_gmt":"2025-10-08T22:00:00","guid":{"rendered":"https:\/\/yotavis.ch\/product\/awg5062d\/"},"modified":"2026-04-24T13:36:01","modified_gmt":"2026-04-24T11:36:01","slug":"awg5062d","status":"publish","type":"product","link":"https:\/\/yotavis.ch\/fr\/produit\/awg5062d\/","title":{"rendered":"AWG5062D"},"content":{"rendered":"<p>L'AWG5062D d'Active Technologies dispose de deux canaux avec une fr\u00e9quence maximale de 2000 MHz et un taux d'\u00e9chantillonnage de 6160 M\u00e9ch\/s. Il offre une profondeur de m\u00e9moire de 4096 Mpts, permettant un stockage important de donn\u00e9es par canal. Il offre une profondeur de m\u00e9moire de 4096 Mpts, ce qui permet de stocker de nombreuses donn\u00e9es par canal. Le dispositif supporte une amplitude de sortie diff\u00e9rentielle de 1,5 Vpp et comprend des fonctionnalit\u00e9s de balayage et de rafale. Il est capable d'atteindre un temps de transition minimum de 0,1 ns et une largeur d'impulsion minimum de 0,5 ns. Ce mod\u00e8le est con\u00e7u pour g\u00e9rer la g\u00e9n\u00e9ration de signaux \u00e0 grande vitesse avec un contr\u00f4le pr\u00e9cis de la synchronisation et de l'amplitude, ce qui le rend adapt\u00e9 \u00e0 diverses applications avanc\u00e9es n\u00e9cessitant une synth\u00e8se d\u00e9taill\u00e9e de la forme d'onde.<\/p>","protected":false},"excerpt":{"rendered":"<p>2CH -6\u00a0\u00a0GS\/s &#8211; 2 GHz &#8211; 2048Mpts per CH &#8211; 1.5Vpp differential output<\/p>","protected":false},"featured_media":7834,"comment_status":"closed","ping_status":"closed","template":"","meta":{"_acf_changed":false,"slim_seo":{"title":"AWG5062D - YOTAVIS AG","description":"2CH -6 GS\/s - 2 GHz - 2048Mpts par CH - Sortie diff\u00e9rentielle 1.5Vpp"}},"product_brand":[657],"product_cat":[541,513],"product_tag":[],"class_list":{"0":"post-6802","1":"product","2":"type-product","3":"status-publish","4":"has-post-thumbnail","6":"product_brand-active-technologies","7":"product_cat-awg","8":"product_cat-generator","9":"pa_amplitude-v-1-5","10":"pa_burst-yes","11":"pa_channels-350","12":"pa_frequency-mhz-686","13":"pa_memory-mpts-688","14":"pa_pulse-width-min-ns-0-5","15":"pa_sampling-rate-ms-s-687","16":"pa_sweep-yes","17":"pa_transition-time-min-ns-0-1","18":"pa_vertical-resolution-bits-125","20":"first","21":"instock","22":"taxable","23":"shipping-taxable","24":"product-type-simple"},"acf":[],"_links":{"self":[{"href":"https:\/\/yotavis.ch\/fr\/wp-json\/wp\/v2\/product\/6802","targetHints":{"allow":["GET"]}}],"collection":[{"href":"https:\/\/yotavis.ch\/fr\/wp-json\/wp\/v2\/product"}],"about":[{"href":"https:\/\/yotavis.ch\/fr\/wp-json\/wp\/v2\/types\/product"}],"replies":[{"embeddable":true,"href":"https:\/\/yotavis.ch\/fr\/wp-json\/wp\/v2\/comments?post=6802"}],"wp:featuredmedia":[{"embeddable":true,"href":"https:\/\/yotavis.ch\/fr\/wp-json\/wp\/v2\/media\/7834"}],"wp:attachment":[{"href":"https:\/\/yotavis.ch\/fr\/wp-json\/wp\/v2\/media?parent=6802"}],"wp:term":[{"taxonomy":"product_brand","embeddable":true,"href":"https:\/\/yotavis.ch\/fr\/wp-json\/wp\/v2\/product_brand?post=6802"},{"taxonomy":"product_cat","embeddable":true,"href":"https:\/\/yotavis.ch\/fr\/wp-json\/wp\/v2\/product_cat?post=6802"},{"taxonomy":"product_tag","embeddable":true,"href":"https:\/\/yotavis.ch\/fr\/wp-json\/wp\/v2\/product_tag?post=6802"}],"curies":[{"name":"wp","href":"https:\/\/api.w.org\/{rel}","templated":true}]}}