{"id":6803,"date":"2025-10-09T00:00:00","date_gmt":"2025-10-08T22:00:00","guid":{"rendered":"https:\/\/yotavis.ch\/product\/awg5032d\/"},"modified":"2026-04-24T13:36:02","modified_gmt":"2026-04-24T11:36:02","slug":"awg5032d","status":"publish","type":"product","link":"https:\/\/yotavis.ch\/fr\/produit\/awg5032d\/","title":{"rendered":"AWG5032D"},"content":{"rendered":"<p>L'AWG5032D d'Active Technologies dispose de deux canaux avec une fr\u00e9quence maximale de 1 GHz et un taux d'\u00e9chantillonnage de 3 GS\/s. Il offre une profondeur de m\u00e9moire de 2048 Mpts par canal, soit un total de 4096 Mpts. Il offre une profondeur de m\u00e9moire de 2048 Mpts par canal, soit un total de 4096 Mpts, ce qui permet de g\u00e9n\u00e9rer et de stocker de nombreuses formes d'ondes. Le dispositif fournit une amplitude de sortie diff\u00e9rentielle de 1,5 Vpp, adapt\u00e9e \u00e0 diverses applications de signaux. Il comprend des fonctionnalit\u00e9s de balayage et de rafale, ce qui accro\u00eet sa polyvalence dans les t\u00e2ches de g\u00e9n\u00e9ration de signaux. Le temps de transition minimum est de 0,2 ns et la largeur d'impulsion minimum est de 1 ns, ce qui permet un contr\u00f4le pr\u00e9cis de la synchronisation du signal. Ce mod\u00e8le est con\u00e7u pour g\u00e9rer la g\u00e9n\u00e9ration de formes d'onde \u00e0 haute vitesse et \u00e0 haute r\u00e9solution gr\u00e2ce \u00e0 ses sp\u00e9cifications avanc\u00e9es.<\/p>","protected":false},"excerpt":{"rendered":"<p>2CH -3\u00a0\u00a0GS\/s &#8211; 1 GHz &#8211; 2048Mpts per CH &#8211; 1.5Vpp differential output<\/p>","protected":false},"featured_media":7834,"comment_status":"closed","ping_status":"closed","template":"","meta":{"_acf_changed":false,"slim_seo":{"title":"AWG5032D - YOTAVIS AG","description":"2CH -3 GS\/s - 1 GHz - 2048Mpts par CH - Sortie diff\u00e9rentielle 1.5Vpp"}},"product_brand":[657],"product_cat":[541,513],"product_tag":[],"class_list":{"0":"post-6803","1":"product","2":"type-product","3":"status-publish","4":"has-post-thumbnail","6":"product_brand-active-technologies","7":"product_cat-awg","8":"product_cat-generator","9":"pa_amplitude-v-1-5","10":"pa_burst-yes","11":"pa_channels-350","12":"pa_frequency-mhz-268","13":"pa_memory-mpts-688","14":"pa_pulse-width-min-ns-266","15":"pa_sampling-rate-ms-s-693","16":"pa_sweep-yes","17":"pa_transition-time-min-ns-0-2","18":"pa_vertical-resolution-bits-125","20":"first","21":"instock","22":"taxable","23":"shipping-taxable","24":"product-type-simple"},"acf":[],"_links":{"self":[{"href":"https:\/\/yotavis.ch\/fr\/wp-json\/wp\/v2\/product\/6803","targetHints":{"allow":["GET"]}}],"collection":[{"href":"https:\/\/yotavis.ch\/fr\/wp-json\/wp\/v2\/product"}],"about":[{"href":"https:\/\/yotavis.ch\/fr\/wp-json\/wp\/v2\/types\/product"}],"replies":[{"embeddable":true,"href":"https:\/\/yotavis.ch\/fr\/wp-json\/wp\/v2\/comments?post=6803"}],"wp:featuredmedia":[{"embeddable":true,"href":"https:\/\/yotavis.ch\/fr\/wp-json\/wp\/v2\/media\/7834"}],"wp:attachment":[{"href":"https:\/\/yotavis.ch\/fr\/wp-json\/wp\/v2\/media?parent=6803"}],"wp:term":[{"taxonomy":"product_brand","embeddable":true,"href":"https:\/\/yotavis.ch\/fr\/wp-json\/wp\/v2\/product_brand?post=6803"},{"taxonomy":"product_cat","embeddable":true,"href":"https:\/\/yotavis.ch\/fr\/wp-json\/wp\/v2\/product_cat?post=6803"},{"taxonomy":"product_tag","embeddable":true,"href":"https:\/\/yotavis.ch\/fr\/wp-json\/wp\/v2\/product_tag?post=6803"}],"curies":[{"name":"wp","href":"https:\/\/api.w.org\/{rel}","templated":true}]}}