{"id":6804,"date":"2025-10-09T00:00:00","date_gmt":"2025-10-08T22:00:00","guid":{"rendered":"https:\/\/yotavis.ch\/product\/awg5064\/"},"modified":"2026-04-24T13:36:03","modified_gmt":"2026-04-24T11:36:03","slug":"awg5064","status":"publish","type":"product","link":"https:\/\/yotavis.ch\/fr\/produit\/awg5064\/","title":{"rendered":"AWG5064"},"content":{"rendered":"<p>L'AWG5064 d'Active Technologies dispose de quatre canaux avec une fr\u00e9quence maximale de 2000 MHz et un taux d'\u00e9chantillonnage de 6160 MS\/s. Chaque canal a une profondeur de m\u00e9moire de 2048 Mpts, soit un total de 4096 Mpts pour l'ensemble des canaux. Chaque canal a une profondeur de m\u00e9moire de 2048 Mpts, soit un total de 4096 Mpts pour l'ensemble des canaux. L'appareil offre une sortie asym\u00e9trique avec une amplitude de 5 Vpp. Il prend en charge les modes balayage et rafale, ce qui permet une g\u00e9n\u00e9ration de signaux polyvalente. La largeur d'impulsion minimale est de 0,5 ns et le temps de transition minimal est de 0,11 ns, ce qui permet un contr\u00f4le pr\u00e9cis de la synchronisation. Ce mod\u00e8le est con\u00e7u pour g\u00e9rer la g\u00e9n\u00e9ration de signaux \u00e0 grande vitesse avec une capacit\u00e9 de m\u00e9moire de forme d'onde d\u00e9taill\u00e9e.<\/p>","protected":false},"excerpt":{"rendered":"<p>4CH -6\u00a0\u00a0GS\/s &#8211; 2 GHz &#8211; 2048Mpts per CH &#8211; 5Vpp\u00a0\u00a0single ended output<\/p>","protected":false},"featured_media":7834,"comment_status":"closed","ping_status":"closed","template":"","meta":{"_acf_changed":false,"slim_seo":{"title":"AWG5064 - YOTAVIS AG","description":"4CH -6 GS\/s - 2 GHz - 2048Mpts par CH - 5Vpp single ended output"}},"product_brand":[657],"product_cat":[541,513],"product_tag":[],"class_list":{"0":"post-6804","1":"product","2":"type-product","3":"status-publish","4":"has-post-thumbnail","6":"product_brand-active-technologies","7":"product_cat-awg","8":"product_cat-generator","9":"pa_amplitude-v-668","10":"pa_burst-yes","11":"pa_channels-338","12":"pa_frequency-mhz-686","13":"pa_memory-mpts-688","14":"pa_pulse-width-min-ns-0-5","15":"pa_sampling-rate-ms-s-687","16":"pa_sweep-yes","17":"pa_transition-time-min-ns-0-11","18":"pa_vertical-resolution-bits-125","20":"first","21":"instock","22":"taxable","23":"shipping-taxable","24":"product-type-simple"},"acf":[],"_links":{"self":[{"href":"https:\/\/yotavis.ch\/fr\/wp-json\/wp\/v2\/product\/6804","targetHints":{"allow":["GET"]}}],"collection":[{"href":"https:\/\/yotavis.ch\/fr\/wp-json\/wp\/v2\/product"}],"about":[{"href":"https:\/\/yotavis.ch\/fr\/wp-json\/wp\/v2\/types\/product"}],"replies":[{"embeddable":true,"href":"https:\/\/yotavis.ch\/fr\/wp-json\/wp\/v2\/comments?post=6804"}],"wp:featuredmedia":[{"embeddable":true,"href":"https:\/\/yotavis.ch\/fr\/wp-json\/wp\/v2\/media\/7834"}],"wp:attachment":[{"href":"https:\/\/yotavis.ch\/fr\/wp-json\/wp\/v2\/media?parent=6804"}],"wp:term":[{"taxonomy":"product_brand","embeddable":true,"href":"https:\/\/yotavis.ch\/fr\/wp-json\/wp\/v2\/product_brand?post=6804"},{"taxonomy":"product_cat","embeddable":true,"href":"https:\/\/yotavis.ch\/fr\/wp-json\/wp\/v2\/product_cat?post=6804"},{"taxonomy":"product_tag","embeddable":true,"href":"https:\/\/yotavis.ch\/fr\/wp-json\/wp\/v2\/product_tag?post=6804"}],"curies":[{"name":"wp","href":"https:\/\/api.w.org\/{rel}","templated":true}]}}