{"id":6805,"date":"2025-10-09T00:00:00","date_gmt":"2025-10-08T22:00:00","guid":{"rendered":"https:\/\/yotavis.ch\/product\/awg5064d\/"},"modified":"2026-04-24T13:36:04","modified_gmt":"2026-04-24T11:36:04","slug":"awg5064d","status":"publish","type":"product","link":"https:\/\/yotavis.ch\/fr\/produit\/awg5064d\/","title":{"rendered":"AWG5064D"},"content":{"rendered":"<p>L'AWG5064D d'Active Technologies dispose de quatre canaux avec une fr\u00e9quence maximale de 2 GHz et un taux d'\u00e9chantillonnage de 6160 MS\/s. Chaque canal offre une profondeur de m\u00e9moire de 2048 Mpts, soit un total de 4096 Mpts pour l'ensemble des canaux. Chaque canal offre une profondeur de m\u00e9moire de 2048 Mpts, soit un total de 4096 Mpts pour l'ensemble des canaux. Le dispositif fournit une amplitude de sortie diff\u00e9rentielle de 1,5 Vpp et prend en charge les modes balayage et rafale. Il a un temps de transition minimum de 0,1 ns et une largeur d'impulsion minimum de 0,5 ns, ce qui permet de g\u00e9n\u00e9rer des signaux pr\u00e9cis. Ce mod\u00e8le est con\u00e7u pour traiter les t\u00e2ches de g\u00e9n\u00e9ration de formes d'onde \u00e0 haute vitesse et \u00e0 haute r\u00e9solution gr\u00e2ce \u00e0 sa m\u00e9moire \u00e9tendue et \u00e0 ses capacit\u00e9s d'\u00e9chantillonnage rapide.<\/p>","protected":false},"excerpt":{"rendered":"<p>4CH -6\u00a0\u00a0GS\/s &#8211; 2 GHz &#8211; 2048Mpts per CH &#8211; 1.5Vpp differential output<\/p>","protected":false},"featured_media":7834,"comment_status":"closed","ping_status":"closed","template":"","meta":{"_acf_changed":false,"slim_seo":{"title":"AWG5064D - YOTAVIS AG","description":"4CH -6 GS\/s - 2 GHz - 2048Mpts par CH - Sortie diff\u00e9rentielle 1.5Vpp"}},"product_brand":[657],"product_cat":[541,513],"product_tag":[],"class_list":{"0":"post-6805","1":"product","2":"type-product","3":"status-publish","4":"has-post-thumbnail","6":"product_brand-active-technologies","7":"product_cat-awg","8":"product_cat-generator","9":"pa_amplitude-v-1-5","10":"pa_burst-yes","11":"pa_channels-338","12":"pa_frequency-mhz-686","13":"pa_memory-mpts-688","14":"pa_pulse-width-min-ns-0-5","15":"pa_sampling-rate-ms-s-687","16":"pa_sweep-yes","17":"pa_transition-time-min-ns-0-1","18":"pa_vertical-resolution-bits-125","20":"first","21":"instock","22":"taxable","23":"shipping-taxable","24":"product-type-simple"},"acf":[],"_links":{"self":[{"href":"https:\/\/yotavis.ch\/fr\/wp-json\/wp\/v2\/product\/6805","targetHints":{"allow":["GET"]}}],"collection":[{"href":"https:\/\/yotavis.ch\/fr\/wp-json\/wp\/v2\/product"}],"about":[{"href":"https:\/\/yotavis.ch\/fr\/wp-json\/wp\/v2\/types\/product"}],"replies":[{"embeddable":true,"href":"https:\/\/yotavis.ch\/fr\/wp-json\/wp\/v2\/comments?post=6805"}],"wp:featuredmedia":[{"embeddable":true,"href":"https:\/\/yotavis.ch\/fr\/wp-json\/wp\/v2\/media\/7834"}],"wp:attachment":[{"href":"https:\/\/yotavis.ch\/fr\/wp-json\/wp\/v2\/media?parent=6805"}],"wp:term":[{"taxonomy":"product_brand","embeddable":true,"href":"https:\/\/yotavis.ch\/fr\/wp-json\/wp\/v2\/product_brand?post=6805"},{"taxonomy":"product_cat","embeddable":true,"href":"https:\/\/yotavis.ch\/fr\/wp-json\/wp\/v2\/product_cat?post=6805"},{"taxonomy":"product_tag","embeddable":true,"href":"https:\/\/yotavis.ch\/fr\/wp-json\/wp\/v2\/product_tag?post=6805"}],"curies":[{"name":"wp","href":"https:\/\/api.w.org\/{rel}","templated":true}]}}