{"id":6806,"date":"2025-10-09T00:00:00","date_gmt":"2025-10-08T22:00:00","guid":{"rendered":"https:\/\/yotavis.ch\/product\/awg5034d\/"},"modified":"2026-04-24T13:36:05","modified_gmt":"2026-04-24T11:36:05","slug":"awg5034d","status":"publish","type":"product","link":"https:\/\/yotavis.ch\/fr\/produit\/awg5034d\/","title":{"rendered":"AWG5034D"},"content":{"rendered":"<p>L'AWG5034D d'Active Technologies dispose de quatre canaux avec une fr\u00e9quence maximale de 1 GHz et un taux d'\u00e9chantillonnage de 3 GS\/s. Chaque canal est \u00e9quip\u00e9 d'une profondeur de m\u00e9moire de 2048 Mpts, contribuant \u00e0 une m\u00e9moire totale de 4096 Mpts. Chaque canal est \u00e9quip\u00e9 d'une profondeur de m\u00e9moire de 2048 Mpts, contribuant \u00e0 une m\u00e9moire totale de 4096 Mpts. Le dispositif offre une amplitude de sortie diff\u00e9rentielle de 1,5 Vpp et prend en charge les modes balayage et rafale. Il a un temps de transition minimum de 0,2 ns et une largeur d'impulsion minimum de 1 ns. Ce mod\u00e8le est con\u00e7u pour g\u00e9rer la g\u00e9n\u00e9ration de signaux \u00e0 grande vitesse avec un contr\u00f4le pr\u00e9cis de la synchronisation et de l'amplitude.<\/p>","protected":false},"excerpt":{"rendered":"<p>4CH -3\u00a0\u00a0GS\/s &#8211; 1 GHz &#8211; 2048Mpts per CH &#8211; 1.5Vpp differential output<\/p>","protected":false},"featured_media":7834,"comment_status":"closed","ping_status":"closed","template":"","meta":{"_acf_changed":false,"slim_seo":{"title":"AWG5034D - YOTAVIS AG","description":"4CH -3 GS\/s - 1 GHz - 2048Mpts par CH - Sortie diff\u00e9rentielle 1.5Vpp"}},"product_brand":[657],"product_cat":[541,513],"product_tag":[],"class_list":{"0":"post-6806","1":"product","2":"type-product","3":"status-publish","4":"has-post-thumbnail","6":"product_brand-active-technologies","7":"product_cat-awg","8":"product_cat-generator","9":"pa_amplitude-v-1-5","10":"pa_burst-yes","11":"pa_channels-338","12":"pa_frequency-mhz-268","13":"pa_memory-mpts-688","14":"pa_pulse-width-min-ns-266","15":"pa_sampling-rate-ms-s-693","16":"pa_sweep-yes","17":"pa_transition-time-min-ns-0-2","18":"pa_vertical-resolution-bits-125","20":"first","21":"instock","22":"taxable","23":"shipping-taxable","24":"product-type-simple"},"acf":[],"_links":{"self":[{"href":"https:\/\/yotavis.ch\/fr\/wp-json\/wp\/v2\/product\/6806","targetHints":{"allow":["GET"]}}],"collection":[{"href":"https:\/\/yotavis.ch\/fr\/wp-json\/wp\/v2\/product"}],"about":[{"href":"https:\/\/yotavis.ch\/fr\/wp-json\/wp\/v2\/types\/product"}],"replies":[{"embeddable":true,"href":"https:\/\/yotavis.ch\/fr\/wp-json\/wp\/v2\/comments?post=6806"}],"wp:featuredmedia":[{"embeddable":true,"href":"https:\/\/yotavis.ch\/fr\/wp-json\/wp\/v2\/media\/7834"}],"wp:attachment":[{"href":"https:\/\/yotavis.ch\/fr\/wp-json\/wp\/v2\/media?parent=6806"}],"wp:term":[{"taxonomy":"product_brand","embeddable":true,"href":"https:\/\/yotavis.ch\/fr\/wp-json\/wp\/v2\/product_brand?post=6806"},{"taxonomy":"product_cat","embeddable":true,"href":"https:\/\/yotavis.ch\/fr\/wp-json\/wp\/v2\/product_cat?post=6806"},{"taxonomy":"product_tag","embeddable":true,"href":"https:\/\/yotavis.ch\/fr\/wp-json\/wp\/v2\/product_tag?post=6806"}],"curies":[{"name":"wp","href":"https:\/\/api.w.org\/{rel}","templated":true}]}}