{"id":6807,"date":"2025-10-09T00:00:00","date_gmt":"2025-10-08T22:00:00","guid":{"rendered":"https:\/\/yotavis.ch\/product\/awg5068\/"},"modified":"2026-04-24T13:36:06","modified_gmt":"2026-04-24T11:36:06","slug":"awg5068","status":"publish","type":"product","link":"https:\/\/yotavis.ch\/fr\/produit\/awg5068\/","title":{"rendered":"AWG5068"},"content":{"rendered":"<p>L'AWG5068 d'Active Technologies pr\u00e9sente une configuration \u00e0 8 canaux avec une fr\u00e9quence maximale de 2 GHz. Il offre un taux d'\u00e9chantillonnage \u00e9lev\u00e9 de 6160 MS\/s et une profondeur de m\u00e9moire substantielle de 4096 Mpts, permettant la g\u00e9n\u00e9ration et le stockage de signaux d\u00e9taill\u00e9s. Le dispositif prend en charge une sortie asym\u00e9trique avec une amplitude de 5 Vpp, ce qui permet un contr\u00f4le pr\u00e9cis de la tension. Il comprend des fonctionnalit\u00e9s avanc\u00e9es telles que les modes balayage et rafale, ce qui accro\u00eet sa polyvalence pour diverses applications. L'AWG5068 pr\u00e9sente \u00e9galement un temps de transition minimal de 0,11 ns et une largeur d'impulsion minimale de 0,5 ns, ce qui permet des transitions de signaux rapides et un contr\u00f4le fin des impulsions. Avec une r\u00e9solution verticale de 16 bits, il assure une repr\u00e9sentation pr\u00e9cise de la forme d'onde. Ce mod\u00e8le est con\u00e7u pour r\u00e9pondre aux exigences \u00e9lev\u00e9es en mati\u00e8re de g\u00e9n\u00e9ration de signaux gr\u00e2ce \u00e0 la combinaison d'une bande passante \u00e9lev\u00e9e, d'un \u00e9chantillonnage rapide et d'une grande capacit\u00e9 de m\u00e9moire.<\/p>","protected":false},"excerpt":{"rendered":"<p>8CH -6\u00a0\u00a0GS\/s &#8211; 2 GHz &#8211; 2048Mpts per CH &#8211; 5Vpp\u00a0\u00a0single ended output<\/p>","protected":false},"featured_media":7834,"comment_status":"closed","ping_status":"closed","template":"","meta":{"_acf_changed":false,"slim_seo":{"title":"AWG5068 - YOTAVIS AG","description":"8CH -6 GS\/s - 2 GHz - 2048Mpts par CH - 5Vpp single ended output"}},"product_brand":[657],"product_cat":[541,513],"product_tag":[],"class_list":{"0":"post-6807","1":"product","2":"type-product","3":"status-publish","4":"has-post-thumbnail","6":"product_brand-active-technologies","7":"product_cat-awg","8":"product_cat-generator","9":"pa_amplitude-v-668","10":"pa_burst-yes","11":"pa_channels-459","12":"pa_frequency-mhz-686","13":"pa_memory-mpts-688","14":"pa_pulse-width-min-ns-0-5","15":"pa_sampling-rate-ms-s-687","16":"pa_sweep-yes","17":"pa_transition-time-min-ns-0-11","18":"pa_vertical-resolution-bits-125","20":"first","21":"instock","22":"taxable","23":"shipping-taxable","24":"product-type-simple"},"acf":[],"_links":{"self":[{"href":"https:\/\/yotavis.ch\/fr\/wp-json\/wp\/v2\/product\/6807","targetHints":{"allow":["GET"]}}],"collection":[{"href":"https:\/\/yotavis.ch\/fr\/wp-json\/wp\/v2\/product"}],"about":[{"href":"https:\/\/yotavis.ch\/fr\/wp-json\/wp\/v2\/types\/product"}],"replies":[{"embeddable":true,"href":"https:\/\/yotavis.ch\/fr\/wp-json\/wp\/v2\/comments?post=6807"}],"wp:featuredmedia":[{"embeddable":true,"href":"https:\/\/yotavis.ch\/fr\/wp-json\/wp\/v2\/media\/7834"}],"wp:attachment":[{"href":"https:\/\/yotavis.ch\/fr\/wp-json\/wp\/v2\/media?parent=6807"}],"wp:term":[{"taxonomy":"product_brand","embeddable":true,"href":"https:\/\/yotavis.ch\/fr\/wp-json\/wp\/v2\/product_brand?post=6807"},{"taxonomy":"product_cat","embeddable":true,"href":"https:\/\/yotavis.ch\/fr\/wp-json\/wp\/v2\/product_cat?post=6807"},{"taxonomy":"product_tag","embeddable":true,"href":"https:\/\/yotavis.ch\/fr\/wp-json\/wp\/v2\/product_tag?post=6807"}],"curies":[{"name":"wp","href":"https:\/\/api.w.org\/{rel}","templated":true}]}}