{"id":6808,"date":"2025-10-09T00:00:00","date_gmt":"2025-10-08T22:00:00","guid":{"rendered":"https:\/\/yotavis.ch\/product\/awg5068d\/"},"modified":"2026-04-24T13:36:07","modified_gmt":"2026-04-24T11:36:07","slug":"awg5068d","status":"publish","type":"product","link":"https:\/\/yotavis.ch\/fr\/produit\/awg5068d\/","title":{"rendered":"AWG5068D"},"content":{"rendered":"<p>L'AWG5068D d'Active Technologies dispose d'une configuration \u00e0 8 canaux avec une fr\u00e9quence maximale de 2 GHz. Il offre un taux d'\u00e9chantillonnage \u00e9lev\u00e9 de 6160 MS\/s et une profondeur de m\u00e9moire substantielle de 4096 Mpts, permettant la g\u00e9n\u00e9ration et le stockage de formes d'ondes d\u00e9taill\u00e9es. Le dispositif prend en charge une amplitude de sortie diff\u00e9rentielle de 1,5 Vpp, adapt\u00e9e \u00e0 diverses applications de signaux. Il comprend des fonctionnalit\u00e9s avanc\u00e9es telles que les modes balayage et rafale, am\u00e9liorant sa polyvalence dans le test et la g\u00e9n\u00e9ration de signaux. L'AWG5068D est capable d'atteindre un temps de transition minimum de 0,1 ns et une largeur d'impulsion minimum de 0,5 ns, ce qui permet un contr\u00f4le pr\u00e9cis de la synchronisation des signaux. Cette combinaison de caract\u00e9ristiques le rend apte \u00e0 la synth\u00e8se de formes d'ondes complexes et aux t\u00e2ches de traitement de signaux \u00e0 grande vitesse.<\/p>","protected":false},"excerpt":{"rendered":"<p>8CH -6\u00a0\u00a0GS\/s &#8211; 2 GHz &#8211; 2048Mpts per CH &#8211; 1.5Vpp differential output<\/p>","protected":false},"featured_media":7834,"comment_status":"closed","ping_status":"closed","template":"","meta":{"_acf_changed":false,"slim_seo":{"title":"AWG5068D - YOTAVIS AG","description":"8CH -6 GS\/s - 2 GHz - 2048Mpts par CH - 1.5Vpp sortie diff\u00e9rentielle"}},"product_brand":[657],"product_cat":[541,513],"product_tag":[],"class_list":{"0":"post-6808","1":"product","2":"type-product","3":"status-publish","4":"has-post-thumbnail","6":"product_brand-active-technologies","7":"product_cat-awg","8":"product_cat-generator","9":"pa_amplitude-v-1-5","10":"pa_burst-yes","11":"pa_channels-459","12":"pa_frequency-mhz-686","13":"pa_memory-mpts-688","14":"pa_pulse-width-min-ns-0-5","15":"pa_sampling-rate-ms-s-687","16":"pa_sweep-yes","17":"pa_transition-time-min-ns-0-1","18":"pa_vertical-resolution-bits-125","20":"first","21":"instock","22":"taxable","23":"shipping-taxable","24":"product-type-simple"},"acf":[],"_links":{"self":[{"href":"https:\/\/yotavis.ch\/fr\/wp-json\/wp\/v2\/product\/6808","targetHints":{"allow":["GET"]}}],"collection":[{"href":"https:\/\/yotavis.ch\/fr\/wp-json\/wp\/v2\/product"}],"about":[{"href":"https:\/\/yotavis.ch\/fr\/wp-json\/wp\/v2\/types\/product"}],"replies":[{"embeddable":true,"href":"https:\/\/yotavis.ch\/fr\/wp-json\/wp\/v2\/comments?post=6808"}],"wp:featuredmedia":[{"embeddable":true,"href":"https:\/\/yotavis.ch\/fr\/wp-json\/wp\/v2\/media\/7834"}],"wp:attachment":[{"href":"https:\/\/yotavis.ch\/fr\/wp-json\/wp\/v2\/media?parent=6808"}],"wp:term":[{"taxonomy":"product_brand","embeddable":true,"href":"https:\/\/yotavis.ch\/fr\/wp-json\/wp\/v2\/product_brand?post=6808"},{"taxonomy":"product_cat","embeddable":true,"href":"https:\/\/yotavis.ch\/fr\/wp-json\/wp\/v2\/product_cat?post=6808"},{"taxonomy":"product_tag","embeddable":true,"href":"https:\/\/yotavis.ch\/fr\/wp-json\/wp\/v2\/product_tag?post=6808"}],"curies":[{"name":"wp","href":"https:\/\/api.w.org\/{rel}","templated":true}]}}