{"id":6810,"date":"2025-10-09T00:00:00","date_gmt":"2025-10-08T22:00:00","guid":{"rendered":"https:\/\/yotavis.ch\/product\/awg-5062-pat\/"},"modified":"2026-04-24T13:36:18","modified_gmt":"2026-04-24T11:36:18","slug":"awg-5062-pat","status":"publish","type":"product","link":"https:\/\/yotavis.ch\/fr\/produit\/awg-5062-pat\/","title":{"rendered":"AWG-5062-PAT"},"content":{"rendered":"<p>L'AWG-5062-PAT est un g\u00e9n\u00e9rateur de pattern s\u00e9rie \u00e0 2 canaux en option con\u00e7u pour \u00eatre utilis\u00e9 avec les mod\u00e8les AWG-5062 et AWG-5062D. Fabriqu\u00e9 par Active Technologies, ce produit sert de fonction suppl\u00e9mentaire pour am\u00e9liorer les capacit\u00e9s des appareils de base. Il est sp\u00e9cialement con\u00e7u pour g\u00e9n\u00e9rer des motifs en s\u00e9rie sur deux canaux, ce qui permet de g\u00e9n\u00e9rer des signaux plus complexes et de r\u00e9aliser des sc\u00e9narios de test. L'option s'int\u00e8gre parfaitement au mat\u00e9riel existant, offrant aux utilisateurs des fonctionnalit\u00e9s \u00e9tendues sans n\u00e9cessiter d'\u00e9quipement s\u00e9par\u00e9. Cet accessoire est id\u00e9al pour les applications n\u00e9cessitant une g\u00e9n\u00e9ration pr\u00e9cise de motifs en s\u00e9rie dans un environnement contr\u00f4l\u00e9. Sa conception garantit la compatibilit\u00e9 et la facilit\u00e9 d'installation avec les mod\u00e8les d\u00e9sign\u00e9s, tout en maintenant les normes de performance \u00e9tablies par Active Technologies. L'AWG-5062-PAT supporte les tests avanc\u00e9s et les processus de d\u00e9veloppement en permettant la cr\u00e9ation de mod\u00e8les de signaux d\u00e9taill\u00e9s sur plusieurs canaux.<\/p>","protected":false},"excerpt":{"rendered":"<p>Option de g\u00e9n\u00e9rateur de motif s\u00e9riel 2CH pour AWG-5062 et AWG-5062D<\/p>","protected":false},"featured_media":7834,"comment_status":"closed","ping_status":"closed","template":"","meta":{"_acf_changed":false,"slim_seo":{"title":"AWG-5062-PAT - YOTAVIS AG","description":"Option de g\u00e9n\u00e9rateur de motif s\u00e9riel 2CH pour AWG-5062 et AWG-5062D"}},"product_brand":[657],"product_cat":[526,651],"product_tag":[],"class_list":{"0":"post-6810","1":"product","2":"type-product","3":"status-publish","4":"has-post-thumbnail","6":"product_brand-active-technologies","7":"product_cat-accessories","8":"product_cat-software","10":"first","11":"instock","12":"taxable","13":"shipping-taxable","14":"product-type-simple"},"acf":[],"_links":{"self":[{"href":"https:\/\/yotavis.ch\/fr\/wp-json\/wp\/v2\/product\/6810","targetHints":{"allow":["GET"]}}],"collection":[{"href":"https:\/\/yotavis.ch\/fr\/wp-json\/wp\/v2\/product"}],"about":[{"href":"https:\/\/yotavis.ch\/fr\/wp-json\/wp\/v2\/types\/product"}],"replies":[{"embeddable":true,"href":"https:\/\/yotavis.ch\/fr\/wp-json\/wp\/v2\/comments?post=6810"}],"wp:featuredmedia":[{"embeddable":true,"href":"https:\/\/yotavis.ch\/fr\/wp-json\/wp\/v2\/media\/7834"}],"wp:attachment":[{"href":"https:\/\/yotavis.ch\/fr\/wp-json\/wp\/v2\/media?parent=6810"}],"wp:term":[{"taxonomy":"product_brand","embeddable":true,"href":"https:\/\/yotavis.ch\/fr\/wp-json\/wp\/v2\/product_brand?post=6810"},{"taxonomy":"product_cat","embeddable":true,"href":"https:\/\/yotavis.ch\/fr\/wp-json\/wp\/v2\/product_cat?post=6810"},{"taxonomy":"product_tag","embeddable":true,"href":"https:\/\/yotavis.ch\/fr\/wp-json\/wp\/v2\/product_tag?post=6810"}],"curies":[{"name":"wp","href":"https:\/\/api.w.org\/{rel}","templated":true}]}}