{"id":6811,"date":"2025-10-09T00:00:00","date_gmt":"2025-10-08T22:00:00","guid":{"rendered":"https:\/\/yotavis.ch\/product\/awg-5064-pat\/"},"modified":"2026-04-24T13:36:19","modified_gmt":"2026-04-24T11:36:19","slug":"awg-5064-pat","status":"publish","type":"product","link":"https:\/\/yotavis.ch\/fr\/produit\/awg-5064-pat\/","title":{"rendered":"AWG-5064-PAT"},"content":{"rendered":"<p>L'AWG-5064-PAT est un g\u00e9n\u00e9rateur de mod\u00e8les s\u00e9riels \u00e0 4 canaux con\u00e7u pour \u00eatre utilis\u00e9 avec les mod\u00e8les AWG-5064 et AWG-5064D. Fabriqu\u00e9 par Active Technologies, ce produit am\u00e9liore les capacit\u00e9s des unit\u00e9s de base en fournissant des fonctionnalit\u00e9s suppl\u00e9mentaires sp\u00e9cialement con\u00e7ues pour la g\u00e9n\u00e9ration de mod\u00e8les en s\u00e9rie. Il s'int\u00e8gre parfaitement aux syst\u00e8mes existants, permettant aux utilisateurs d'\u00e9largir leurs options de test et de g\u00e9n\u00e9ration de signaux. L'appareil est con\u00e7u pour prendre en charge des t\u00e2ches complexes de g\u00e9n\u00e9ration de mod\u00e8les, ce qui le rend adapt\u00e9 \u00e0 diverses applications n\u00e9cessitant une sortie de signal pr\u00e9cise et fiable. Sa conception met l'accent sur la compatibilit\u00e9 et la facilit\u00e9 d'int\u00e9gration, ce qui permet de l'ajouter \u00e0 la s\u00e9rie AWG-5064 sans modifications importantes. Cette option fait partie d'une gamme plus large d'outils offerts par Active Technologies, visant \u00e0 am\u00e9liorer la polyvalence et la performance de leurs g\u00e9n\u00e9rateurs de forme d'onde. L'AWG-5064-PAT contribue \u00e0 la fonctionnalit\u00e9 globale des AWG-5064 et AWG-5064D en permettant des capacit\u00e9s avanc\u00e9es de g\u00e9n\u00e9ration de mod\u00e8les en s\u00e9rie.<\/p>","protected":false},"excerpt":{"rendered":"<p>Option de g\u00e9n\u00e9rateur de mod\u00e8le s\u00e9riel 4CH pour AWG-5064 et AWG-5064D<\/p>","protected":false},"featured_media":7834,"comment_status":"closed","ping_status":"closed","template":"","meta":{"_acf_changed":false,"slim_seo":{"title":"AWG-5064-PAT - YOTAVIS AG","description":"Option de g\u00e9n\u00e9rateur de mod\u00e8le s\u00e9riel 4CH pour AWG-5064 et AWG-5064D"}},"product_brand":[657],"product_cat":[526,651],"product_tag":[],"class_list":{"0":"post-6811","1":"product","2":"type-product","3":"status-publish","4":"has-post-thumbnail","6":"product_brand-active-technologies","7":"product_cat-accessories","8":"product_cat-software","10":"first","11":"instock","12":"taxable","13":"shipping-taxable","14":"product-type-simple"},"acf":[],"_links":{"self":[{"href":"https:\/\/yotavis.ch\/fr\/wp-json\/wp\/v2\/product\/6811","targetHints":{"allow":["GET"]}}],"collection":[{"href":"https:\/\/yotavis.ch\/fr\/wp-json\/wp\/v2\/product"}],"about":[{"href":"https:\/\/yotavis.ch\/fr\/wp-json\/wp\/v2\/types\/product"}],"replies":[{"embeddable":true,"href":"https:\/\/yotavis.ch\/fr\/wp-json\/wp\/v2\/comments?post=6811"}],"wp:featuredmedia":[{"embeddable":true,"href":"https:\/\/yotavis.ch\/fr\/wp-json\/wp\/v2\/media\/7834"}],"wp:attachment":[{"href":"https:\/\/yotavis.ch\/fr\/wp-json\/wp\/v2\/media?parent=6811"}],"wp:term":[{"taxonomy":"product_brand","embeddable":true,"href":"https:\/\/yotavis.ch\/fr\/wp-json\/wp\/v2\/product_brand?post=6811"},{"taxonomy":"product_cat","embeddable":true,"href":"https:\/\/yotavis.ch\/fr\/wp-json\/wp\/v2\/product_cat?post=6811"},{"taxonomy":"product_tag","embeddable":true,"href":"https:\/\/yotavis.ch\/fr\/wp-json\/wp\/v2\/product_tag?post=6811"}],"curies":[{"name":"wp","href":"https:\/\/api.w.org\/{rel}","templated":true}]}}