{"id":6812,"date":"2025-10-09T00:00:00","date_gmt":"2025-10-08T22:00:00","guid":{"rendered":"https:\/\/yotavis.ch\/product\/awg-5068-pat\/"},"modified":"2026-04-24T13:36:19","modified_gmt":"2026-04-24T11:36:19","slug":"awg-5068-pat","status":"publish","type":"product","link":"https:\/\/yotavis.ch\/fr\/produit\/awg-5068-pat\/","title":{"rendered":"AWG-5068-PAT"},"content":{"rendered":"<p>L'AWG-5068-PAT est un g\u00e9n\u00e9rateur de pattern s\u00e9rie \u00e0 8 canaux con\u00e7u pour \u00eatre utilis\u00e9 avec les mod\u00e8les AWG-5068 et AWG-5068D. Fabriqu\u00e9 par Active Technologies, ce produit am\u00e9liore les capacit\u00e9s des appareils compatibles en fournissant des fonctionnalit\u00e9s suppl\u00e9mentaires de g\u00e9n\u00e9ration de mod\u00e8les. Il est sp\u00e9cialement con\u00e7u pour les applications de donn\u00e9es en s\u00e9rie, permettant la g\u00e9n\u00e9ration de signaux complexes sur plusieurs canaux simultan\u00e9ment. L'int\u00e9gration de cette option permet aux utilisateurs d'\u00e9tendre leurs processus de test et de d\u00e9veloppement en incorporant des sorties de motifs pr\u00e9cises et synchronis\u00e9es. Cet accessoire est essentiel pour les utilisateurs qui ont besoin d'une g\u00e9n\u00e9ration avanc\u00e9e de mod\u00e8les en s\u00e9rie dans leurs flux de travail. Sa conception garantit une compatibilit\u00e9 et un fonctionnement sans faille avec les mod\u00e8les de base sp\u00e9cifi\u00e9s, ce qui en fait un compl\u00e9ment pratique pour les utilisateurs de la s\u00e9rie AWG-5068. L'AWG-5068-PAT est un outil sp\u00e9cialis\u00e9 dans la gamme d'\u00e9quipements de g\u00e9n\u00e9ration de signaux propos\u00e9e par Active Technologies.<\/p>","protected":false},"excerpt":{"rendered":"<p>Option de g\u00e9n\u00e9rateur de motifs s\u00e9riels 8CH pour AWG-5068 et AWG-5068D<\/p>","protected":false},"featured_media":7834,"comment_status":"closed","ping_status":"closed","template":"","meta":{"_acf_changed":false,"slim_seo":{"title":"AWG-5068-PAT - YOTAVIS AG","description":"Option de g\u00e9n\u00e9rateur de motifs s\u00e9riels 8CH pour AWG-5068 et AWG-5068D"}},"product_brand":[657],"product_cat":[526,651],"product_tag":[],"class_list":{"0":"post-6812","1":"product","2":"type-product","3":"status-publish","4":"has-post-thumbnail","6":"product_brand-active-technologies","7":"product_cat-accessories","8":"product_cat-software","10":"first","11":"instock","12":"taxable","13":"shipping-taxable","14":"product-type-simple"},"acf":[],"_links":{"self":[{"href":"https:\/\/yotavis.ch\/fr\/wp-json\/wp\/v2\/product\/6812","targetHints":{"allow":["GET"]}}],"collection":[{"href":"https:\/\/yotavis.ch\/fr\/wp-json\/wp\/v2\/product"}],"about":[{"href":"https:\/\/yotavis.ch\/fr\/wp-json\/wp\/v2\/types\/product"}],"replies":[{"embeddable":true,"href":"https:\/\/yotavis.ch\/fr\/wp-json\/wp\/v2\/comments?post=6812"}],"wp:featuredmedia":[{"embeddable":true,"href":"https:\/\/yotavis.ch\/fr\/wp-json\/wp\/v2\/media\/7834"}],"wp:attachment":[{"href":"https:\/\/yotavis.ch\/fr\/wp-json\/wp\/v2\/media?parent=6812"}],"wp:term":[{"taxonomy":"product_brand","embeddable":true,"href":"https:\/\/yotavis.ch\/fr\/wp-json\/wp\/v2\/product_brand?post=6812"},{"taxonomy":"product_cat","embeddable":true,"href":"https:\/\/yotavis.ch\/fr\/wp-json\/wp\/v2\/product_cat?post=6812"},{"taxonomy":"product_tag","embeddable":true,"href":"https:\/\/yotavis.ch\/fr\/wp-json\/wp\/v2\/product_tag?post=6812"}],"curies":[{"name":"wp","href":"https:\/\/api.w.org\/{rel}","templated":true}]}}