{"id":6813,"date":"2025-10-09T00:00:00","date_gmt":"2025-10-08T22:00:00","guid":{"rendered":"https:\/\/yotavis.ch\/product\/awg-5062-4g\/"},"modified":"2026-04-24T13:36:20","modified_gmt":"2026-04-24T11:36:20","slug":"awg-5062-4g","status":"publish","type":"product","link":"https:\/\/yotavis.ch\/fr\/produit\/awg-5062-4g\/","title":{"rendered":"AWG-5062-4G"},"content":{"rendered":"<p>L'AWG-5062-4G est une mise \u00e0 niveau du mod\u00e8le AWG-5062 qui augmente la profondeur de m\u00e9moire \u00e0 4096 millions de points par canal. Cette am\u00e9lioration permet d'augmenter la capacit\u00e9 de stockage des donn\u00e9es, ce qui permet de g\u00e9n\u00e9rer ou d'analyser des signaux plus d\u00e9taill\u00e9s et plus longs. Fabriqu\u00e9 par Active Technologies, ce produit se concentre sur l'am\u00e9lioration des capacit\u00e9s de m\u00e9moire de l'appareil d'origine. La mise \u00e0 niveau cible sp\u00e9cifiquement le param\u00e8tre de profondeur de m\u00e9moire, en l'\u00e9tendant de mani\u00e8re significative \u00e0 4096 Mpts par canal. Cette augmentation de la profondeur de m\u00e9moire peut s'av\u00e9rer cruciale pour les applications n\u00e9cessitant la g\u00e9n\u00e9ration de formes d'onde \u00e0 haute r\u00e9solution ou le traitement de signaux complexes. Le produit n'inclut pas de sp\u00e9cifications suppl\u00e9mentaires telles que la puissance, la tension, le courant ou la fr\u00e9quence. Il est con\u00e7u pour am\u00e9liorer le mat\u00e9riel existant en augmentant consid\u00e9rablement la capacit\u00e9 de m\u00e9moire, ce qui peut \u00eatre essentiel pour les t\u00e2ches de test et de mesure avanc\u00e9es. L'AWG-5062-4G est un composant sp\u00e9cialis\u00e9 destin\u00e9 aux utilisateurs qui ont besoin d'augmenter les performances de la m\u00e9moire dans leur \u00e9quipement de g\u00e9n\u00e9ration de signaux.<\/p>","protected":false},"excerpt":{"rendered":"<p>AWG-5062 Mem upgrade to 4096Mpts per channel<\/p>","protected":false},"featured_media":7834,"comment_status":"closed","ping_status":"closed","template":"","meta":{"_acf_changed":false,"slim_seo":{"title":"AWG-5062-4G - YOTAVIS AG","description":"AWG-5062 Mem upgrade to 4096Mpts per channel"}},"product_brand":[657],"product_cat":[526,651],"product_tag":[],"class_list":{"0":"post-6813","1":"product","2":"type-product","3":"status-publish","4":"has-post-thumbnail","6":"product_brand-active-technologies","7":"product_cat-accessories","8":"product_cat-software","10":"first","11":"instock","12":"taxable","13":"shipping-taxable","14":"product-type-simple"},"acf":[],"_links":{"self":[{"href":"https:\/\/yotavis.ch\/fr\/wp-json\/wp\/v2\/product\/6813","targetHints":{"allow":["GET"]}}],"collection":[{"href":"https:\/\/yotavis.ch\/fr\/wp-json\/wp\/v2\/product"}],"about":[{"href":"https:\/\/yotavis.ch\/fr\/wp-json\/wp\/v2\/types\/product"}],"replies":[{"embeddable":true,"href":"https:\/\/yotavis.ch\/fr\/wp-json\/wp\/v2\/comments?post=6813"}],"wp:featuredmedia":[{"embeddable":true,"href":"https:\/\/yotavis.ch\/fr\/wp-json\/wp\/v2\/media\/7834"}],"wp:attachment":[{"href":"https:\/\/yotavis.ch\/fr\/wp-json\/wp\/v2\/media?parent=6813"}],"wp:term":[{"taxonomy":"product_brand","embeddable":true,"href":"https:\/\/yotavis.ch\/fr\/wp-json\/wp\/v2\/product_brand?post=6813"},{"taxonomy":"product_cat","embeddable":true,"href":"https:\/\/yotavis.ch\/fr\/wp-json\/wp\/v2\/product_cat?post=6813"},{"taxonomy":"product_tag","embeddable":true,"href":"https:\/\/yotavis.ch\/fr\/wp-json\/wp\/v2\/product_tag?post=6813"}],"curies":[{"name":"wp","href":"https:\/\/api.w.org\/{rel}","templated":true}]}}