{"id":6816,"date":"2025-10-09T00:00:00","date_gmt":"2025-10-08T22:00:00","guid":{"rendered":"https:\/\/yotavis.ch\/product\/awg-506x-8dig\/"},"modified":"2026-04-24T13:36:22","modified_gmt":"2026-04-24T11:36:22","slug":"awg-506x-8dig","status":"publish","type":"product","link":"https:\/\/yotavis.ch\/fr\/produit\/awg-506x-8dig\/","title":{"rendered":"AWG-506x-8DIG"},"content":{"rendered":"<p>L'AWG-506x-8DIG est une licence num\u00e9rique \u00e0 8 canaux con\u00e7ue pour \u00eatre utilis\u00e9e avec les mod\u00e8les AWG-5062, AWG-5064 et AWG-5068 d'Active Technologies. Cette licence permet d'utiliser la fonctionnalit\u00e9 num\u00e9rique sur huit canaux, \u00e9largissant ainsi les capacit\u00e9s des appareils compatibles. Il est important de noter que le c\u00e2ble n\u00e9cessaire \u00e0 la connexion n'est pas inclus dans la licence. Le produit est sp\u00e9cialement con\u00e7u pour am\u00e9liorer les options de sortie num\u00e9rique des mod\u00e8les pris en charge, ce qui permet de g\u00e9n\u00e9rer des signaux plus complexes et de r\u00e9aliser des sc\u00e9narios de test. En tant que licence logicielle, elle s'int\u00e8gre parfaitement au mat\u00e9riel pour d\u00e9bloquer des fonctions suppl\u00e9mentaires sans n\u00e9cessiter de modifications physiques. Cette licence fait partie de la ligne de produits Active Technologies, connue pour sa pr\u00e9cision et sa fiabilit\u00e9 en mati\u00e8re d'\u00e9quipement de test \u00e9lectronique. Les utilisateurs peuvent mettre \u00e0 niveau leurs unit\u00e9s AWG existantes en ajoutant cette licence pour r\u00e9pondre \u00e0 des exigences sp\u00e9cifiques en mati\u00e8re de canaux num\u00e9riques. L'AWG-506x-8DIG fournit une solution simple pour \u00e9tendre la capacit\u00e9 des canaux num\u00e9riques dans les g\u00e9n\u00e9rateurs de forme d'onde.<\/p>","protected":false},"excerpt":{"rendered":"<p>8CH Dig license for AWG-5062 &#8211; 5064 &#8211; 5068 (cable NOT included)<\/p>","protected":false},"featured_media":7834,"comment_status":"closed","ping_status":"closed","template":"","meta":{"_acf_changed":false,"slim_seo":{"title":"AWG-506x-8DIG - YOTAVIS AG","description":"Licence de num\u00e9risation 8CH pour AWG-5062 - 5064 - 5068 (c\u00e2ble NON inclus)"}},"product_brand":[657],"product_cat":[526,651],"product_tag":[],"class_list":{"0":"post-6816","1":"product","2":"type-product","3":"status-publish","4":"has-post-thumbnail","6":"product_brand-active-technologies","7":"product_cat-accessories","8":"product_cat-software","10":"first","11":"instock","12":"taxable","13":"shipping-taxable","14":"product-type-simple"},"acf":[],"_links":{"self":[{"href":"https:\/\/yotavis.ch\/fr\/wp-json\/wp\/v2\/product\/6816","targetHints":{"allow":["GET"]}}],"collection":[{"href":"https:\/\/yotavis.ch\/fr\/wp-json\/wp\/v2\/product"}],"about":[{"href":"https:\/\/yotavis.ch\/fr\/wp-json\/wp\/v2\/types\/product"}],"replies":[{"embeddable":true,"href":"https:\/\/yotavis.ch\/fr\/wp-json\/wp\/v2\/comments?post=6816"}],"wp:featuredmedia":[{"embeddable":true,"href":"https:\/\/yotavis.ch\/fr\/wp-json\/wp\/v2\/media\/7834"}],"wp:attachment":[{"href":"https:\/\/yotavis.ch\/fr\/wp-json\/wp\/v2\/media?parent=6816"}],"wp:term":[{"taxonomy":"product_brand","embeddable":true,"href":"https:\/\/yotavis.ch\/fr\/wp-json\/wp\/v2\/product_brand?post=6816"},{"taxonomy":"product_cat","embeddable":true,"href":"https:\/\/yotavis.ch\/fr\/wp-json\/wp\/v2\/product_cat?post=6816"},{"taxonomy":"product_tag","embeddable":true,"href":"https:\/\/yotavis.ch\/fr\/wp-json\/wp\/v2\/product_tag?post=6816"}],"curies":[{"name":"wp","href":"https:\/\/api.w.org\/{rel}","templated":true}]}}