{"id":6817,"date":"2025-10-09T00:00:00","date_gmt":"2025-10-08T22:00:00","guid":{"rendered":"https:\/\/yotavis.ch\/product\/awg-506x-16dig\/"},"modified":"2026-04-24T13:36:22","modified_gmt":"2026-04-24T11:36:22","slug":"awg-506x-16dig","status":"publish","type":"product","link":"https:\/\/yotavis.ch\/fr\/produit\/awg-506x-16dig\/","title":{"rendered":"AWG-506x-16DIG"},"content":{"rendered":"<p>L'AWG-506x-16DIG est une licence num\u00e9rique \u00e0 16 canaux con\u00e7ue pour \u00eatre utilis\u00e9e avec les mod\u00e8les AWG-5064 et AWG-5068. Ce produit est propos\u00e9 par Active Technologies et permet une fonctionnalit\u00e9 num\u00e9rique sur seize canaux. Il est important de noter que le c\u00e2ble n\u00e9cessaire \u00e0 la connexion n'est pas inclus dans cette licence. La licence permet d'am\u00e9liorer les capacit\u00e9s num\u00e9riques des appareils compatibles, en \u00e9largissant leur champ d'action. Ce produit est sp\u00e9cialement con\u00e7u pour s'int\u00e9grer aux s\u00e9ries AWG-5064 et AWG-5068, ce qui garantit la compatibilit\u00e9 et la rationalisation des performances. La capacit\u00e9 de 16 canaux permet de g\u00e9rer simultan\u00e9ment plusieurs signaux num\u00e9riques et de prendre en charge des applications num\u00e9riques complexes. Cette licence est un \u00e9l\u00e9ment cl\u00e9 pour les utilisateurs qui souhaitent mettre \u00e0 niveau leur \u00e9quipement existant avec des canaux num\u00e9riques suppl\u00e9mentaires.<\/p>","protected":false},"excerpt":{"rendered":"<p>16CH Dig license for AWG-5064 &#8211; 5068 (cable NOT included)<\/p>","protected":false},"featured_media":7834,"comment_status":"closed","ping_status":"closed","template":"","meta":{"_acf_changed":false,"slim_seo":{"title":"AWG-506x-16DIG - YOTAVIS AG","description":"Licence Dig 16CH pour AWG-5064 - 5068 (c\u00e2ble NON inclus)"}},"product_brand":[657],"product_cat":[526,651],"product_tag":[],"class_list":{"0":"post-6817","1":"product","2":"type-product","3":"status-publish","4":"has-post-thumbnail","6":"product_brand-active-technologies","7":"product_cat-accessories","8":"product_cat-software","10":"first","11":"instock","12":"taxable","13":"shipping-taxable","14":"product-type-simple"},"acf":[],"_links":{"self":[{"href":"https:\/\/yotavis.ch\/fr\/wp-json\/wp\/v2\/product\/6817","targetHints":{"allow":["GET"]}}],"collection":[{"href":"https:\/\/yotavis.ch\/fr\/wp-json\/wp\/v2\/product"}],"about":[{"href":"https:\/\/yotavis.ch\/fr\/wp-json\/wp\/v2\/types\/product"}],"replies":[{"embeddable":true,"href":"https:\/\/yotavis.ch\/fr\/wp-json\/wp\/v2\/comments?post=6817"}],"wp:featuredmedia":[{"embeddable":true,"href":"https:\/\/yotavis.ch\/fr\/wp-json\/wp\/v2\/media\/7834"}],"wp:attachment":[{"href":"https:\/\/yotavis.ch\/fr\/wp-json\/wp\/v2\/media?parent=6817"}],"wp:term":[{"taxonomy":"product_brand","embeddable":true,"href":"https:\/\/yotavis.ch\/fr\/wp-json\/wp\/v2\/product_brand?post=6817"},{"taxonomy":"product_cat","embeddable":true,"href":"https:\/\/yotavis.ch\/fr\/wp-json\/wp\/v2\/product_cat?post=6817"},{"taxonomy":"product_tag","embeddable":true,"href":"https:\/\/yotavis.ch\/fr\/wp-json\/wp\/v2\/product_tag?post=6817"}],"curies":[{"name":"wp","href":"https:\/\/api.w.org\/{rel}","templated":true}]}}