{"id":6818,"date":"2025-10-09T00:00:00","date_gmt":"2025-10-08T22:00:00","guid":{"rendered":"https:\/\/yotavis.ch\/product\/awg-506x-32dig\/"},"modified":"2026-04-24T13:36:23","modified_gmt":"2026-04-24T11:36:23","slug":"awg-506x-32dig","status":"publish","type":"product","link":"https:\/\/yotavis.ch\/fr\/produit\/awg-506x-32dig\/","title":{"rendered":"AWG-506x-32DIG"},"content":{"rendered":"<p>L'AWG-506x-32DIG est une licence num\u00e9rique \u00e0 32 canaux con\u00e7ue pour \u00eatre utilis\u00e9e avec le mod\u00e8le AWG-5068. Ce produit est offert par Active Technologies et permet l'activation de 32 canaux num\u00e9riques sur l'appareil compatible. Il est important de noter que le c\u00e2ble n\u00e9cessaire \u00e0 la connexion n'est pas inclus dans cette licence. La licence \u00e9tend la fonctionnalit\u00e9 de l'AWG-5068 en fournissant des capacit\u00e9s de canaux num\u00e9riques suppl\u00e9mentaires, permettant une g\u00e9n\u00e9ration de signaux et des sc\u00e9narios de test plus complexes. Cette licence est sp\u00e9cialement con\u00e7ue pour am\u00e9liorer les fonctions de sortie num\u00e9rique de l'AWG-5068, ce qui la rend adapt\u00e9e aux utilisateurs qui ont besoin de plusieurs canaux num\u00e9riques dans leurs applications. Le produit se concentre uniquement sur l'aspect de la licence num\u00e9rique et n'inclut aucun composant mat\u00e9riel en dehors de la licence elle-m\u00eame. Les utilisateurs doivent s'assurer de la compatibilit\u00e9 avec l'AWG-5068 avant d'acheter cette licence afin de garantir un fonctionnement et une int\u00e9gration corrects.<\/p>","protected":false},"excerpt":{"rendered":"<p>Licence 32CH Dig pour AWG-5068 (c\u00e2ble NON inclus)<\/p>","protected":false},"featured_media":7834,"comment_status":"closed","ping_status":"closed","template":"","meta":{"_acf_changed":false,"slim_seo":{"title":"AWG-506x-32DIG - YOTAVIS AG","description":"Licence 32CH Dig pour AWG-5068 (c\u00e2ble NON inclus)"}},"product_brand":[657],"product_cat":[526,651],"product_tag":[],"class_list":{"0":"post-6818","1":"product","2":"type-product","3":"status-publish","4":"has-post-thumbnail","6":"product_brand-active-technologies","7":"product_cat-accessories","8":"product_cat-software","10":"first","11":"instock","12":"taxable","13":"shipping-taxable","14":"product-type-simple"},"acf":[],"_links":{"self":[{"href":"https:\/\/yotavis.ch\/fr\/wp-json\/wp\/v2\/product\/6818","targetHints":{"allow":["GET"]}}],"collection":[{"href":"https:\/\/yotavis.ch\/fr\/wp-json\/wp\/v2\/product"}],"about":[{"href":"https:\/\/yotavis.ch\/fr\/wp-json\/wp\/v2\/types\/product"}],"replies":[{"embeddable":true,"href":"https:\/\/yotavis.ch\/fr\/wp-json\/wp\/v2\/comments?post=6818"}],"wp:featuredmedia":[{"embeddable":true,"href":"https:\/\/yotavis.ch\/fr\/wp-json\/wp\/v2\/media\/7834"}],"wp:attachment":[{"href":"https:\/\/yotavis.ch\/fr\/wp-json\/wp\/v2\/media?parent=6818"}],"wp:term":[{"taxonomy":"product_brand","embeddable":true,"href":"https:\/\/yotavis.ch\/fr\/wp-json\/wp\/v2\/product_brand?post=6818"},{"taxonomy":"product_cat","embeddable":true,"href":"https:\/\/yotavis.ch\/fr\/wp-json\/wp\/v2\/product_cat?post=6818"},{"taxonomy":"product_tag","embeddable":true,"href":"https:\/\/yotavis.ch\/fr\/wp-json\/wp\/v2\/product_tag?post=6818"}],"curies":[{"name":"wp","href":"https:\/\/api.w.org\/{rel}","templated":true}]}}