{"id":6820,"date":"2025-10-09T00:00:00","date_gmt":"2025-10-08T22:00:00","guid":{"rendered":"https:\/\/yotavis.ch\/product\/awg-5064-rf\/"},"modified":"2026-04-24T13:36:23","modified_gmt":"2026-04-24T11:36:23","slug":"awg-5064-rf","status":"publish","type":"product","link":"https:\/\/yotavis.ch\/fr\/produit\/awg-5064-rf\/","title":{"rendered":"AWG-5064-RF"},"content":{"rendered":"<p>L'AWG-5064-RF est con\u00e7u pour fonctionner en mode RF 12GS\/s sp\u00e9cifiquement pour les mod\u00e8les AWG-5064 et AWG-5064D. Fabriqu\u00e9 par Active Technologies, ce produit am\u00e9liore les capacit\u00e9s de la s\u00e9rie AWG-5064 existante en permettant la g\u00e9n\u00e9ration de signaux RF \u00e0 haute vitesse. Le taux d'\u00e9chantillonnage de 12 gigasamples par seconde permet la cr\u00e9ation et la modulation de formes d'ondes pr\u00e9cises, adapt\u00e9es aux tests avanc\u00e9s et aux applications de d\u00e9veloppement. Ce mode s'int\u00e8gre parfaitement aux AWG-5064 et AWG-5064D, ce qui garantit la compatibilit\u00e9 et la facilit\u00e9 d'utilisation au sein de ces syst\u00e8mes. Le produit se concentre sur les performances haute fr\u00e9quence de son mode RF, bien que les d\u00e9tails sp\u00e9cifiques tels que la consommation d'\u00e9nergie, la tension, le courant et d'autres caract\u00e9ristiques \u00e9lectriques ne soient pas indiqu\u00e9s. Il n'inclut pas de fonctions suppl\u00e9mentaires telles que la t\u00e9l\u00e9commande, l'\u00e9cran tactile ou les canaux num\u00e9riques dans les informations fournies. L'AWG-5064-RF est une am\u00e9lioration sp\u00e9cialis\u00e9e de la s\u00e9rie AWG-5064, qui \u00e9tend ses fonctionnalit\u00e9s au domaine RF sans modifier les sp\u00e9cifications mat\u00e9rielles de base.<\/p>","protected":false},"excerpt":{"rendered":"<p>Mode RF 12GS\/s pour AWG-5064 et AWG-5064D<\/p>","protected":false},"featured_media":7834,"comment_status":"closed","ping_status":"closed","template":"","meta":{"_acf_changed":false,"slim_seo":{"title":"AWG-5064-RF - YOTAVIS AG","description":"Mode RF 12GS\/s pour AWG-5064 et AWG-5064D"}},"product_brand":[657],"product_cat":[526,651],"product_tag":[],"class_list":{"0":"post-6820","1":"product","2":"type-product","3":"status-publish","4":"has-post-thumbnail","6":"product_brand-active-technologies","7":"product_cat-accessories","8":"product_cat-software","10":"first","11":"instock","12":"taxable","13":"shipping-taxable","14":"product-type-simple"},"acf":[],"_links":{"self":[{"href":"https:\/\/yotavis.ch\/fr\/wp-json\/wp\/v2\/product\/6820","targetHints":{"allow":["GET"]}}],"collection":[{"href":"https:\/\/yotavis.ch\/fr\/wp-json\/wp\/v2\/product"}],"about":[{"href":"https:\/\/yotavis.ch\/fr\/wp-json\/wp\/v2\/types\/product"}],"replies":[{"embeddable":true,"href":"https:\/\/yotavis.ch\/fr\/wp-json\/wp\/v2\/comments?post=6820"}],"wp:featuredmedia":[{"embeddable":true,"href":"https:\/\/yotavis.ch\/fr\/wp-json\/wp\/v2\/media\/7834"}],"wp:attachment":[{"href":"https:\/\/yotavis.ch\/fr\/wp-json\/wp\/v2\/media?parent=6820"}],"wp:term":[{"taxonomy":"product_brand","embeddable":true,"href":"https:\/\/yotavis.ch\/fr\/wp-json\/wp\/v2\/product_brand?post=6820"},{"taxonomy":"product_cat","embeddable":true,"href":"https:\/\/yotavis.ch\/fr\/wp-json\/wp\/v2\/product_cat?post=6820"},{"taxonomy":"product_tag","embeddable":true,"href":"https:\/\/yotavis.ch\/fr\/wp-json\/wp\/v2\/product_tag?post=6820"}],"curies":[{"name":"wp","href":"https:\/\/api.w.org\/{rel}","templated":true}]}}