{"id":6823,"date":"2025-10-09T00:00:00","date_gmt":"2025-10-08T22:00:00","guid":{"rendered":"https:\/\/yotavis.ch\/product\/awg-4012-2m\/"},"modified":"2026-04-24T13:36:25","modified_gmt":"2026-04-24T11:36:25","slug":"awg-4012-2m","status":"publish","type":"product","link":"https:\/\/yotavis.ch\/fr\/produit\/awg-4012-2m\/","title":{"rendered":"AWG-4012-2M"},"content":{"rendered":"<p>L'AWG-4012-2M d'Active Technologies est un g\u00e9n\u00e9rateur de formes d'ondes arbitraires \u00e0 2 canaux, avec un taux d'\u00e9chantillonnage de 1,2 gigasamples par seconde et une profondeur de m\u00e9moire de 2 millions de points. Il fonctionne avec une fr\u00e9quence maximale de 300 MHz et fournit une amplitude de sortie allant jusqu'\u00e0 6 volts cr\u00eate \u00e0 cr\u00eate. L'appareil prend en charge les modes balayage et rafale, ce qui permet de g\u00e9n\u00e9rer des signaux polyvalents. Le temps de transition minimal est de 2 nanosecondes et la largeur d'impulsion minimale de 2,5 nanosecondes, ce qui permet un contr\u00f4le pr\u00e9cis des caract\u00e9ristiques de la forme d'onde. Ce mod\u00e8le est con\u00e7u pour fournir un signal de sortie \u00e0 haute vitesse et \u00e0 haute r\u00e9solution, adapt\u00e9 \u00e0 diverses applications de test et de mesure. La combinaison de son taux d'\u00e9chantillonnage, de sa profondeur de m\u00e9moire et de sa gamme de fr\u00e9quences lui permet de g\u00e9n\u00e9rer des formes d'onde complexes avec une grande pr\u00e9cision.<\/p>","protected":false},"excerpt":{"rendered":"<p>2ch 1,2Gs\/s AWG- 2Ms memory &#8211; 300MHz AFG &#8211; 6Vpp<\/p>","protected":false},"featured_media":7843,"comment_status":"closed","ping_status":"closed","template":"","meta":{"_acf_changed":false,"slim_seo":{"title":"AWG-4012-2M - YOTAVIS AG","description":"2 canaux 1,2Gs\/s AWG- 2Ms m\u00e9moire - 300MHz AFG - 6Vpp"}},"product_brand":[657],"product_cat":[541,513],"product_tag":[],"class_list":{"0":"post-6823","1":"product","2":"type-product","3":"status-publish","4":"has-post-thumbnail","6":"product_brand-active-technologies","7":"product_cat-awg","8":"product_cat-generator","9":"pa_amplitude-v-262","10":"pa_burst-yes","11":"pa_channels-350","12":"pa_frequency-mhz-695","13":"pa_memory-mpts-654","14":"pa_pulse-width-min-ns-2-5","15":"pa_sampling-rate-ms-s-297","16":"pa_sweep-yes","17":"pa_transition-time-min-ns-134","18":"pa_vertical-resolution-bits-125","20":"first","21":"instock","22":"taxable","23":"shipping-taxable","24":"product-type-simple"},"acf":[],"_links":{"self":[{"href":"https:\/\/yotavis.ch\/fr\/wp-json\/wp\/v2\/product\/6823","targetHints":{"allow":["GET"]}}],"collection":[{"href":"https:\/\/yotavis.ch\/fr\/wp-json\/wp\/v2\/product"}],"about":[{"href":"https:\/\/yotavis.ch\/fr\/wp-json\/wp\/v2\/types\/product"}],"replies":[{"embeddable":true,"href":"https:\/\/yotavis.ch\/fr\/wp-json\/wp\/v2\/comments?post=6823"}],"wp:featuredmedia":[{"embeddable":true,"href":"https:\/\/yotavis.ch\/fr\/wp-json\/wp\/v2\/media\/7843"}],"wp:attachment":[{"href":"https:\/\/yotavis.ch\/fr\/wp-json\/wp\/v2\/media?parent=6823"}],"wp:term":[{"taxonomy":"product_brand","embeddable":true,"href":"https:\/\/yotavis.ch\/fr\/wp-json\/wp\/v2\/product_brand?post=6823"},{"taxonomy":"product_cat","embeddable":true,"href":"https:\/\/yotavis.ch\/fr\/wp-json\/wp\/v2\/product_cat?post=6823"},{"taxonomy":"product_tag","embeddable":true,"href":"https:\/\/yotavis.ch\/fr\/wp-json\/wp\/v2\/product_tag?post=6823"}],"curies":[{"name":"wp","href":"https:\/\/api.w.org\/{rel}","templated":true}]}}