{"id":6825,"date":"2025-10-09T00:00:00","date_gmt":"2025-10-08T22:00:00","guid":{"rendered":"https:\/\/yotavis.ch\/product\/awg-4012-128m\/"},"modified":"2026-04-24T13:36:26","modified_gmt":"2026-04-24T11:36:26","slug":"awg-4012-128m","status":"publish","type":"product","link":"https:\/\/yotavis.ch\/fr\/produit\/awg-4012-128m\/","title":{"rendered":"AWG-4012-128M"},"content":{"rendered":"<p>L'AWG-4012-128M d'Active Technologies est un g\u00e9n\u00e9rateur de formes d'ondes arbitraires \u00e0 2 canaux, avec une fr\u00e9quence maximale de 300 MHz et une amplitude de 6 V cr\u00eate \u00e0 cr\u00eate. Il offre un taux d'\u00e9chantillonnage \u00e9lev\u00e9 de 1,2 gigasamples par seconde, ce qui permet de g\u00e9n\u00e9rer des signaux pr\u00e9cis. L'appareil est \u00e9quip\u00e9 d'une m\u00e9moire de 128 m\u00e9gapoints, ce qui permet de stocker des formes d'onde complexes pendant de longues p\u00e9riodes. Il prend en charge les modes balayage et rafale, ce qui offre une grande souplesse dans la sortie des signaux pour divers sc\u00e9narios de test. Le temps de transition minimal est de 2 nanosecondes et la largeur d'impulsion minimale est de 2,5 nanosecondes, ce qui facilite la g\u00e9n\u00e9ration d'impulsions rapides et pr\u00e9cises. Ce mod\u00e8le est con\u00e7u pour r\u00e9pondre aux besoins des applications n\u00e9cessitant un contr\u00f4le d\u00e9taill\u00e9 de la forme d'onde et une g\u00e9n\u00e9ration de signaux \u00e0 grande vitesse.<\/p>","protected":false},"excerpt":{"rendered":"<p>2ch 1,2Gs\/s AWG- 128Ms memory &#8211; 300MHz AFG &#8211; 6Vpp<\/p>","protected":false},"featured_media":7843,"comment_status":"closed","ping_status":"closed","template":"","meta":{"_acf_changed":false,"slim_seo":{"title":"AWG-4012-128M - YOTAVIS AG","description":"2 canaux 1,2Gs\/s AWG- 128Ms m\u00e9moire - 300MHz AFG - 6Vpp"}},"product_brand":[657],"product_cat":[541,513],"product_tag":[],"class_list":{"0":"post-6825","1":"product","2":"type-product","3":"status-publish","4":"has-post-thumbnail","6":"product_brand-active-technologies","7":"product_cat-awg","8":"product_cat-generator","9":"pa_amplitude-v-262","10":"pa_burst-yes","11":"pa_channels-350","12":"pa_frequency-mhz-695","13":"pa_memory-mpts-128","14":"pa_pulse-width-min-ns-2-5","15":"pa_sampling-rate-ms-s-297","16":"pa_sweep-yes","17":"pa_transition-time-min-ns-134","18":"pa_vertical-resolution-bits-125","20":"first","21":"instock","22":"taxable","23":"shipping-taxable","24":"product-type-simple"},"acf":[],"_links":{"self":[{"href":"https:\/\/yotavis.ch\/fr\/wp-json\/wp\/v2\/product\/6825","targetHints":{"allow":["GET"]}}],"collection":[{"href":"https:\/\/yotavis.ch\/fr\/wp-json\/wp\/v2\/product"}],"about":[{"href":"https:\/\/yotavis.ch\/fr\/wp-json\/wp\/v2\/types\/product"}],"replies":[{"embeddable":true,"href":"https:\/\/yotavis.ch\/fr\/wp-json\/wp\/v2\/comments?post=6825"}],"wp:featuredmedia":[{"embeddable":true,"href":"https:\/\/yotavis.ch\/fr\/wp-json\/wp\/v2\/media\/7843"}],"wp:attachment":[{"href":"https:\/\/yotavis.ch\/fr\/wp-json\/wp\/v2\/media?parent=6825"}],"wp:term":[{"taxonomy":"product_brand","embeddable":true,"href":"https:\/\/yotavis.ch\/fr\/wp-json\/wp\/v2\/product_brand?post=6825"},{"taxonomy":"product_cat","embeddable":true,"href":"https:\/\/yotavis.ch\/fr\/wp-json\/wp\/v2\/product_cat?post=6825"},{"taxonomy":"product_tag","embeddable":true,"href":"https:\/\/yotavis.ch\/fr\/wp-json\/wp\/v2\/product_tag?post=6825"}],"curies":[{"name":"wp","href":"https:\/\/api.w.org\/{rel}","templated":true}]}}