{"id":6829,"date":"2025-10-09T00:00:00","date_gmt":"2025-10-08T22:00:00","guid":{"rendered":"https:\/\/yotavis.ch\/product\/awg-4014-128m\/"},"modified":"2026-04-24T13:36:29","modified_gmt":"2026-04-24T11:36:29","slug":"awg-4014-128m","status":"publish","type":"product","link":"https:\/\/yotavis.ch\/fr\/produit\/awg-4014-128m\/","title":{"rendered":"AWG-4014-128M"},"content":{"rendered":"<p>L'AWG-4014-128M d'Active Technologies est un g\u00e9n\u00e9rateur de formes d'ondes arbitraires polyvalent, dot\u00e9 de quatre canaux avec un taux d'\u00e9chantillonnage maximal de 1,2 gigasamples par seconde. Il offre une profondeur de m\u00e9moire de 128 millions de points, ce qui permet de stocker de nombreuses formes d'onde et de g\u00e9n\u00e9rer des signaux complexes. L'appareil prend en charge une fr\u00e9quence maximale de 300 MHz et une sortie d'amplitude allant jusqu'\u00e0 6 volts cr\u00eate \u00e0 cr\u00eate. Il comprend des fonctionnalit\u00e9s de balayage et de rafale, ce qui renforce sa capacit\u00e9 \u00e0 produire des mod\u00e8les de signaux vari\u00e9s. Le temps de transition minimal est de 2 nanosecondes, tandis que la largeur d'impulsion minimale est de 2,5 nanosecondes, ce qui permet un contr\u00f4le pr\u00e9cis de la synchronisation du signal. Ce mod\u00e8le est con\u00e7u pour r\u00e9pondre aux besoins des applications n\u00e9cessitant une g\u00e9n\u00e9ration de formes d'onde \u00e0 haute vitesse et \u00e0 haute r\u00e9solution avec une capacit\u00e9 de m\u00e9moire importante.<\/p>","protected":false},"excerpt":{"rendered":"<p>4ch 1,2Gs\/s AWG- 128Ms memory &#8211; 300MHz AFG &#8211; 6Vpp<\/p>","protected":false},"featured_media":7843,"comment_status":"closed","ping_status":"closed","template":"","meta":{"_acf_changed":false,"slim_seo":{"title":"AWG-4014-128M - YOTAVIS AG","description":"4 canaux 1,2Gs\/s AWG- 128Ms m\u00e9moire - 300MHz AFG - 6Vpp"}},"product_brand":[657],"product_cat":[541,513],"product_tag":[],"class_list":{"0":"post-6829","1":"product","2":"type-product","3":"status-publish","4":"has-post-thumbnail","6":"product_brand-active-technologies","7":"product_cat-awg","8":"product_cat-generator","9":"pa_amplitude-v-262","10":"pa_burst-yes","11":"pa_channels-338","12":"pa_frequency-mhz-695","13":"pa_memory-mpts-128","14":"pa_pulse-width-min-ns-2-5","15":"pa_sampling-rate-ms-s-297","16":"pa_sweep-yes","17":"pa_transition-time-min-ns-134","18":"pa_vertical-resolution-bits-125","20":"first","21":"instock","22":"taxable","23":"shipping-taxable","24":"product-type-simple"},"acf":[],"_links":{"self":[{"href":"https:\/\/yotavis.ch\/fr\/wp-json\/wp\/v2\/product\/6829","targetHints":{"allow":["GET"]}}],"collection":[{"href":"https:\/\/yotavis.ch\/fr\/wp-json\/wp\/v2\/product"}],"about":[{"href":"https:\/\/yotavis.ch\/fr\/wp-json\/wp\/v2\/types\/product"}],"replies":[{"embeddable":true,"href":"https:\/\/yotavis.ch\/fr\/wp-json\/wp\/v2\/comments?post=6829"}],"wp:featuredmedia":[{"embeddable":true,"href":"https:\/\/yotavis.ch\/fr\/wp-json\/wp\/v2\/media\/7843"}],"wp:attachment":[{"href":"https:\/\/yotavis.ch\/fr\/wp-json\/wp\/v2\/media?parent=6829"}],"wp:term":[{"taxonomy":"product_brand","embeddable":true,"href":"https:\/\/yotavis.ch\/fr\/wp-json\/wp\/v2\/product_brand?post=6829"},{"taxonomy":"product_cat","embeddable":true,"href":"https:\/\/yotavis.ch\/fr\/wp-json\/wp\/v2\/product_cat?post=6829"},{"taxonomy":"product_tag","embeddable":true,"href":"https:\/\/yotavis.ch\/fr\/wp-json\/wp\/v2\/product_tag?post=6829"}],"curies":[{"name":"wp","href":"https:\/\/api.w.org\/{rel}","templated":true}]}}