{"id":6831,"date":"2025-10-09T00:00:00","date_gmt":"2025-10-08T22:00:00","guid":{"rendered":"https:\/\/yotavis.ch\/product\/awg-4018-2m\/"},"modified":"2026-04-24T13:36:30","modified_gmt":"2026-04-24T11:36:30","slug":"awg-4018-2m","status":"publish","type":"product","link":"https:\/\/yotavis.ch\/fr\/produit\/awg-4018-2m\/","title":{"rendered":"AWG-4018-2M"},"content":{"rendered":"<p>L'AWG-4018-2M d'Active Technologies dispose d'une sortie \u00e0 8 canaux avec une fr\u00e9quence maximale de 300 MHz et une amplitude de 6 V cr\u00eate \u00e0 cr\u00eate. Il offre un taux d'\u00e9chantillonnage \u00e9lev\u00e9 de 1,2 gigasamples par seconde et comprend 2 millions de points de profondeur de m\u00e9moire, ce qui permet de g\u00e9n\u00e9rer et de stocker des formes d'onde d\u00e9taill\u00e9es. Le dispositif prend en charge les modes de balayage et de rafale, ce qui accro\u00eet sa polyvalence pour diverses t\u00e2ches de g\u00e9n\u00e9ration de signaux. Il a un temps de transition minimum de 2 nanosecondes et une largeur d'impulsion minimum de 2,5 nanosecondes, ce qui permet un contr\u00f4le pr\u00e9cis de la synchronisation des signaux. Ce g\u00e9n\u00e9rateur de formes d'ondes arbitraires est con\u00e7u pour traiter des mod\u00e8les de signaux complexes avec pr\u00e9cision et rapidit\u00e9, ce qui le rend adapt\u00e9 aux applications de test et de d\u00e9veloppement avanc\u00e9es.<\/p>","protected":false},"excerpt":{"rendered":"<p>8ch 1,2Gs\/s AWG- 2Ms memory &#8211; 300MHz AFG &#8211; 6Vpp<\/p>","protected":false},"featured_media":7843,"comment_status":"closed","ping_status":"closed","template":"","meta":{"_acf_changed":false,"slim_seo":{"title":"AWG-4018-2M - YOTAVIS AG","description":"8ch 1,2Gs\/s AWG- 2Ms memory - 300MHz AFG - 6Vpp"}},"product_brand":[657],"product_cat":[541,513],"product_tag":[],"class_list":{"0":"post-6831","1":"product","2":"type-product","3":"status-publish","4":"has-post-thumbnail","6":"product_brand-active-technologies","7":"product_cat-awg","8":"product_cat-generator","9":"pa_amplitude-v-262","10":"pa_burst-yes","11":"pa_channels-459","12":"pa_frequency-mhz-695","13":"pa_memory-mpts-654","14":"pa_pulse-width-min-ns-2-5","15":"pa_sampling-rate-ms-s-297","16":"pa_sweep-yes","17":"pa_transition-time-min-ns-134","18":"pa_vertical-resolution-bits-125","20":"first","21":"instock","22":"taxable","23":"shipping-taxable","24":"product-type-simple"},"acf":[],"_links":{"self":[{"href":"https:\/\/yotavis.ch\/fr\/wp-json\/wp\/v2\/product\/6831","targetHints":{"allow":["GET"]}}],"collection":[{"href":"https:\/\/yotavis.ch\/fr\/wp-json\/wp\/v2\/product"}],"about":[{"href":"https:\/\/yotavis.ch\/fr\/wp-json\/wp\/v2\/types\/product"}],"replies":[{"embeddable":true,"href":"https:\/\/yotavis.ch\/fr\/wp-json\/wp\/v2\/comments?post=6831"}],"wp:featuredmedia":[{"embeddable":true,"href":"https:\/\/yotavis.ch\/fr\/wp-json\/wp\/v2\/media\/7843"}],"wp:attachment":[{"href":"https:\/\/yotavis.ch\/fr\/wp-json\/wp\/v2\/media?parent=6831"}],"wp:term":[{"taxonomy":"product_brand","embeddable":true,"href":"https:\/\/yotavis.ch\/fr\/wp-json\/wp\/v2\/product_brand?post=6831"},{"taxonomy":"product_cat","embeddable":true,"href":"https:\/\/yotavis.ch\/fr\/wp-json\/wp\/v2\/product_cat?post=6831"},{"taxonomy":"product_tag","embeddable":true,"href":"https:\/\/yotavis.ch\/fr\/wp-json\/wp\/v2\/product_tag?post=6831"}],"curies":[{"name":"wp","href":"https:\/\/api.w.org\/{rel}","templated":true}]}}