{"id":6832,"date":"2025-10-09T00:00:00","date_gmt":"2025-10-08T22:00:00","guid":{"rendered":"https:\/\/yotavis.ch\/product\/awg-4018-64m\/"},"modified":"2026-04-24T13:36:30","modified_gmt":"2026-04-24T11:36:30","slug":"awg-4018-64m","status":"publish","type":"product","link":"https:\/\/yotavis.ch\/fr\/produit\/awg-4018-64m\/","title":{"rendered":"AWG-4018-64M"},"content":{"rendered":"<p>L'AWG-4018-64M d'Active Technologies dispose de 8 canaux avec un taux d'\u00e9chantillonnage de 1,2 Gs\/s et une profondeur de m\u00e9moire de 64 Mpts. Il fonctionne \u00e0 une fr\u00e9quence maximale de 300 MHz et fournit une amplitude de 6 Vpp. L'appareil prend en charge les fonctions de balayage et de rafale, ce qui accro\u00eet sa polyvalence en mati\u00e8re de g\u00e9n\u00e9ration de signaux. Il offre un temps de transition minimal de 2 ns et une largeur d'impulsion minimale de 2,5 ns, ce qui permet un contr\u00f4le pr\u00e9cis de la forme d'onde. Ce g\u00e9n\u00e9rateur de formes d'onde arbitraires est con\u00e7u pour r\u00e9pondre aux exigences de signaux complexes gr\u00e2ce \u00e0 son taux d'\u00e9chantillonnage \u00e9lev\u00e9 et \u00e0 sa capacit\u00e9 de m\u00e9moire substantielle. La combinaison de ces sp\u00e9cifications le rend adapt\u00e9 \u00e0 diverses applications n\u00e9cessitant une g\u00e9n\u00e9ration de forme d'onde d\u00e9taill\u00e9e et pr\u00e9cise.<\/p>","protected":false},"excerpt":{"rendered":"<p>8ch 1,2Gs\/s AWG- 64Ms memory &#8211; 300MHz AFG &#8211; 6Vpp<\/p>","protected":false},"featured_media":7843,"comment_status":"closed","ping_status":"closed","template":"","meta":{"_acf_changed":false,"slim_seo":{"title":"AWG-4018-64M - YOTAVIS AG","description":"8ch 1,2Gs\/s AWG- 64Ms memory - 300MHz AFG - 6Vpp"}},"product_brand":[657],"product_cat":[541,513],"product_tag":[],"class_list":{"0":"post-6832","1":"product","2":"type-product","3":"status-publish","4":"has-post-thumbnail","6":"product_brand-active-technologies","7":"product_cat-awg","8":"product_cat-generator","9":"pa_amplitude-v-262","10":"pa_burst-yes","11":"pa_channels-459","12":"pa_frequency-mhz-695","13":"pa_memory-mpts-697","14":"pa_pulse-width-min-ns-2-5","15":"pa_sampling-rate-ms-s-297","16":"pa_sweep-yes","17":"pa_transition-time-min-ns-134","18":"pa_vertical-resolution-bits-125","20":"first","21":"instock","22":"taxable","23":"shipping-taxable","24":"product-type-simple"},"acf":[],"_links":{"self":[{"href":"https:\/\/yotavis.ch\/fr\/wp-json\/wp\/v2\/product\/6832","targetHints":{"allow":["GET"]}}],"collection":[{"href":"https:\/\/yotavis.ch\/fr\/wp-json\/wp\/v2\/product"}],"about":[{"href":"https:\/\/yotavis.ch\/fr\/wp-json\/wp\/v2\/types\/product"}],"replies":[{"embeddable":true,"href":"https:\/\/yotavis.ch\/fr\/wp-json\/wp\/v2\/comments?post=6832"}],"wp:featuredmedia":[{"embeddable":true,"href":"https:\/\/yotavis.ch\/fr\/wp-json\/wp\/v2\/media\/7843"}],"wp:attachment":[{"href":"https:\/\/yotavis.ch\/fr\/wp-json\/wp\/v2\/media?parent=6832"}],"wp:term":[{"taxonomy":"product_brand","embeddable":true,"href":"https:\/\/yotavis.ch\/fr\/wp-json\/wp\/v2\/product_brand?post=6832"},{"taxonomy":"product_cat","embeddable":true,"href":"https:\/\/yotavis.ch\/fr\/wp-json\/wp\/v2\/product_cat?post=6832"},{"taxonomy":"product_tag","embeddable":true,"href":"https:\/\/yotavis.ch\/fr\/wp-json\/wp\/v2\/product_tag?post=6832"}],"curies":[{"name":"wp","href":"https:\/\/api.w.org\/{rel}","templated":true}]}}