{"id":6835,"date":"2025-10-09T00:00:00","date_gmt":"2025-10-08T22:00:00","guid":{"rendered":"https:\/\/yotavis.ch\/product\/awg-4012-pat\/"},"modified":"2026-04-24T13:36:31","modified_gmt":"2026-04-24T11:36:31","slug":"awg-4012-pat","status":"publish","type":"product","link":"https:\/\/yotavis.ch\/fr\/produit\/awg-4012-pat\/","title":{"rendered":"AWG-4012-PAT"},"content":{"rendered":"<p>L'AWG-4012-PAT est un g\u00e9n\u00e9rateur de motifs s\u00e9riels \u00e0 2 canaux fabriqu\u00e9 par Active Technologies. Ce dispositif est con\u00e7u pour g\u00e9n\u00e9rer des motifs s\u00e9riels sur deux canaux, offrant une fonctionnalit\u00e9 adapt\u00e9e aux applications n\u00e9cessitant une g\u00e9n\u00e9ration de motifs pr\u00e9cise. Il est identifi\u00e9 par le num\u00e9ro de mod\u00e8le AWG-4012-PAT et fait partie de la gamme de produits d'Active Technologies. La description du produit met l'accent sur ses capacit\u00e9s en tant que g\u00e9n\u00e9rateur de motifs en s\u00e9rie, en insistant sur son fonctionnement \u00e0 deux canaux. Aucune autre sp\u00e9cification telle que la puissance, la tension, le courant, la fr\u00e9quence ou la profondeur de m\u00e9moire n'est fournie pour ce mod\u00e8le. L'accent reste mis sur son r\u00f4le en tant que g\u00e9n\u00e9rateur de motifs en s\u00e9rie \u00e0 2 canaux, indiquant son utilisation dans des syst\u00e8mes o\u00f9 une telle g\u00e9n\u00e9ration de motifs est n\u00e9cessaire.<\/p>","protected":false},"excerpt":{"rendered":"<p>Option g\u00e9n\u00e9rateur de motifs s\u00e9riels 2CH<\/p>","protected":false},"featured_media":7843,"comment_status":"closed","ping_status":"closed","template":"","meta":{"_acf_changed":false,"slim_seo":{"title":"AWG-4012-PAT - YOTAVIS AG","description":"Option g\u00e9n\u00e9rateur de motifs s\u00e9riels 2CH"}},"product_brand":[657],"product_cat":[526,651],"product_tag":[],"class_list":{"0":"post-6835","1":"product","2":"type-product","3":"status-publish","4":"has-post-thumbnail","6":"product_brand-active-technologies","7":"product_cat-accessories","8":"product_cat-software","10":"first","11":"instock","12":"taxable","13":"shipping-taxable","14":"product-type-simple"},"acf":[],"_links":{"self":[{"href":"https:\/\/yotavis.ch\/fr\/wp-json\/wp\/v2\/product\/6835","targetHints":{"allow":["GET"]}}],"collection":[{"href":"https:\/\/yotavis.ch\/fr\/wp-json\/wp\/v2\/product"}],"about":[{"href":"https:\/\/yotavis.ch\/fr\/wp-json\/wp\/v2\/types\/product"}],"replies":[{"embeddable":true,"href":"https:\/\/yotavis.ch\/fr\/wp-json\/wp\/v2\/comments?post=6835"}],"wp:featuredmedia":[{"embeddable":true,"href":"https:\/\/yotavis.ch\/fr\/wp-json\/wp\/v2\/media\/7843"}],"wp:attachment":[{"href":"https:\/\/yotavis.ch\/fr\/wp-json\/wp\/v2\/media?parent=6835"}],"wp:term":[{"taxonomy":"product_brand","embeddable":true,"href":"https:\/\/yotavis.ch\/fr\/wp-json\/wp\/v2\/product_brand?post=6835"},{"taxonomy":"product_cat","embeddable":true,"href":"https:\/\/yotavis.ch\/fr\/wp-json\/wp\/v2\/product_cat?post=6835"},{"taxonomy":"product_tag","embeddable":true,"href":"https:\/\/yotavis.ch\/fr\/wp-json\/wp\/v2\/product_tag?post=6835"}],"curies":[{"name":"wp","href":"https:\/\/api.w.org\/{rel}","templated":true}]}}