{"id":6837,"date":"2025-10-09T00:00:00","date_gmt":"2025-10-08T22:00:00","guid":{"rendered":"https:\/\/yotavis.ch\/product\/awg-4018-pat\/"},"modified":"2026-04-24T13:36:32","modified_gmt":"2026-04-24T11:36:32","slug":"awg-4018-pat","status":"publish","type":"product","link":"https:\/\/yotavis.ch\/fr\/produit\/awg-4018-pat\/","title":{"rendered":"AWG-4018-PAT"},"content":{"rendered":"<p>L'AWG-4018-PAT est un g\u00e9n\u00e9rateur de signaux s\u00e9rie \u00e0 8 canaux fabriqu\u00e9 par Active Technologies. Ce dispositif est con\u00e7u pour g\u00e9n\u00e9rer des motifs s\u00e9riels complexes sur plusieurs canaux, supportant des applications qui requi\u00e8rent une g\u00e9n\u00e9ration de signaux pr\u00e9cise et synchronis\u00e9e. Il dispose de huit canaux ind\u00e9pendants, permettant la sortie simultan\u00e9e de diff\u00e9rents motifs. Le produit est con\u00e7u pour \u00eatre utilis\u00e9 dans des environnements o\u00f9 la g\u00e9n\u00e9ration de motifs d\u00e9taill\u00e9s et pr\u00e9cis est essentielle. Sa conception permet l'int\u00e9gration avec d'autres syst\u00e8mes, ce qui accro\u00eet sa polyvalence dans divers sc\u00e9narios de test et de d\u00e9veloppement. L'AWG-4018-PAT fait partie d'une gamme plus large d'\u00e9quipements destin\u00e9s \u00e0 fournir des capacit\u00e9s de g\u00e9n\u00e9ration de signaux sp\u00e9cialis\u00e9s pour des applications techniques et industrielles.<\/p>","protected":false},"excerpt":{"rendered":"<p>Option g\u00e9n\u00e9rateur de motifs s\u00e9riels 8CH<\/p>","protected":false},"featured_media":7843,"comment_status":"closed","ping_status":"closed","template":"","meta":{"_acf_changed":false,"slim_seo":{"title":"AWG-4018-PAT - YOTAVIS AG","description":"Option g\u00e9n\u00e9rateur de motifs s\u00e9riels 8CH"}},"product_brand":[657],"product_cat":[526,651],"product_tag":[],"class_list":{"0":"post-6837","1":"product","2":"type-product","3":"status-publish","4":"has-post-thumbnail","6":"product_brand-active-technologies","7":"product_cat-accessories","8":"product_cat-software","10":"first","11":"instock","12":"taxable","13":"shipping-taxable","14":"product-type-simple"},"acf":[],"_links":{"self":[{"href":"https:\/\/yotavis.ch\/fr\/wp-json\/wp\/v2\/product\/6837","targetHints":{"allow":["GET"]}}],"collection":[{"href":"https:\/\/yotavis.ch\/fr\/wp-json\/wp\/v2\/product"}],"about":[{"href":"https:\/\/yotavis.ch\/fr\/wp-json\/wp\/v2\/types\/product"}],"replies":[{"embeddable":true,"href":"https:\/\/yotavis.ch\/fr\/wp-json\/wp\/v2\/comments?post=6837"}],"wp:featuredmedia":[{"embeddable":true,"href":"https:\/\/yotavis.ch\/fr\/wp-json\/wp\/v2\/media\/7843"}],"wp:attachment":[{"href":"https:\/\/yotavis.ch\/fr\/wp-json\/wp\/v2\/media?parent=6837"}],"wp:term":[{"taxonomy":"product_brand","embeddable":true,"href":"https:\/\/yotavis.ch\/fr\/wp-json\/wp\/v2\/product_brand?post=6837"},{"taxonomy":"product_cat","embeddable":true,"href":"https:\/\/yotavis.ch\/fr\/wp-json\/wp\/v2\/product_cat?post=6837"},{"taxonomy":"product_tag","embeddable":true,"href":"https:\/\/yotavis.ch\/fr\/wp-json\/wp\/v2\/product_tag?post=6837"}],"curies":[{"name":"wp","href":"https:\/\/api.w.org\/{rel}","templated":true}]}}