{"id":6841,"date":"2025-10-09T00:00:00","date_gmt":"2025-10-08T22:00:00","guid":{"rendered":"https:\/\/yotavis.ch\/product\/awg-4010-dig8\/"},"modified":"2026-04-24T13:36:34","modified_gmt":"2026-04-24T11:36:34","slug":"awg-4010-dig8","status":"publish","type":"product","link":"https:\/\/yotavis.ch\/fr\/produit\/awg-4010-dig8\/","title":{"rendered":"AWG-4010-DIG8"},"content":{"rendered":"<p>L'AWG-4010-DIG8 est une licence num\u00e9rique \u00e0 8 canaux con\u00e7ue pour \u00eatre utilis\u00e9e avec la s\u00e9rie AWG-401x. Ce produit n\u00e9cessite un c\u00e2ble Mini SAS, qui n'est pas inclus. Fabriqu\u00e9e par Active Technologies, cette licence permet d'utiliser des fonctionnalit\u00e9s num\u00e9riques sur huit canaux, \u00e9largissant ainsi les capacit\u00e9s des appareils compatibles. Elle est sp\u00e9cialement con\u00e7ue pour s'int\u00e9grer de mani\u00e8re transparente aux mod\u00e8les AWG-401x, en fournissant un support de canal num\u00e9rique suppl\u00e9mentaire. La licence elle-m\u00eame n'inclut pas les composants mat\u00e9riels tels que les c\u00e2bles, ce qui souligne la n\u00e9cessit\u00e9 d'acqu\u00e9rir s\u00e9par\u00e9ment le c\u00e2ble Mini SAS pour un fonctionnement complet. Ce produit est destin\u00e9 aux utilisateurs qui ont besoin d'am\u00e9liorer leurs syst\u00e8mes AWG-401x existants avec des capacit\u00e9s de canaux num\u00e9riques. L'AWG-4010-DIG8 met l'accent sur les licences num\u00e9riques plut\u00f4t que sur l'expansion mat\u00e9rielle. Il s'agit d'une solution logicielle qui d\u00e9bloque des canaux num\u00e9riques suppl\u00e9mentaires au sein de la plateforme AWG-401x.<\/p>","protected":false},"excerpt":{"rendered":"<p>Licence Dig 8 canaux pour AWG-401x (c\u00e2ble Mini SAS NON inclus)<\/p>","protected":false},"featured_media":7843,"comment_status":"closed","ping_status":"closed","template":"","meta":{"_acf_changed":false,"slim_seo":{"title":"AWG-4010-DIG8 - YOTAVIS AG","description":"Licence Dig 8 canaux pour AWG-401x (c\u00e2ble Mini SAS NON inclus)"}},"product_brand":[657],"product_cat":[526,651],"product_tag":[],"class_list":{"0":"post-6841","1":"product","2":"type-product","3":"status-publish","4":"has-post-thumbnail","6":"product_brand-active-technologies","7":"product_cat-accessories","8":"product_cat-software","10":"first","11":"instock","12":"taxable","13":"shipping-taxable","14":"product-type-simple"},"acf":[],"_links":{"self":[{"href":"https:\/\/yotavis.ch\/fr\/wp-json\/wp\/v2\/product\/6841","targetHints":{"allow":["GET"]}}],"collection":[{"href":"https:\/\/yotavis.ch\/fr\/wp-json\/wp\/v2\/product"}],"about":[{"href":"https:\/\/yotavis.ch\/fr\/wp-json\/wp\/v2\/types\/product"}],"replies":[{"embeddable":true,"href":"https:\/\/yotavis.ch\/fr\/wp-json\/wp\/v2\/comments?post=6841"}],"wp:featuredmedia":[{"embeddable":true,"href":"https:\/\/yotavis.ch\/fr\/wp-json\/wp\/v2\/media\/7843"}],"wp:attachment":[{"href":"https:\/\/yotavis.ch\/fr\/wp-json\/wp\/v2\/media?parent=6841"}],"wp:term":[{"taxonomy":"product_brand","embeddable":true,"href":"https:\/\/yotavis.ch\/fr\/wp-json\/wp\/v2\/product_brand?post=6841"},{"taxonomy":"product_cat","embeddable":true,"href":"https:\/\/yotavis.ch\/fr\/wp-json\/wp\/v2\/product_cat?post=6841"},{"taxonomy":"product_tag","embeddable":true,"href":"https:\/\/yotavis.ch\/fr\/wp-json\/wp\/v2\/product_tag?post=6841"}],"curies":[{"name":"wp","href":"https:\/\/api.w.org\/{rel}","templated":true}]}}