{"id":6842,"date":"2025-10-09T00:00:00","date_gmt":"2025-10-08T22:00:00","guid":{"rendered":"https:\/\/yotavis.ch\/product\/awg-4010-dig16\/"},"modified":"2026-04-24T13:36:34","modified_gmt":"2026-04-24T11:36:34","slug":"awg-4010-dig16","status":"publish","type":"product","link":"https:\/\/yotavis.ch\/fr\/produit\/awg-4010-dig16\/","title":{"rendered":"AWG-4010-DIG16"},"content":{"rendered":"<p>L'AWG-4010-DIG16 est une licence num\u00e9rique \u00e0 16 canaux con\u00e7ue pour \u00eatre utilis\u00e9e avec la s\u00e9rie AWG-401x. Ce produit n\u00e9cessite un c\u00e2ble Mini SAS, qui n'est pas inclus. Il est fabriqu\u00e9 par Active Technologies. La licence permet d'activer 16 canaux num\u00e9riques, \u00e9largissant ainsi les capacit\u00e9s de l'appareil AWG-401x. Aucune sp\u00e9cification suppl\u00e9mentaire en mati\u00e8re d'alimentation, de tension, de courant ou de fr\u00e9quence n'est fournie pour cette licence. Le produit se concentre sur la fonctionnalit\u00e9 des canaux num\u00e9riques sans inclure les composants mat\u00e9riels tels que les c\u00e2bles. Il est destin\u00e9 \u00e0 am\u00e9liorer la capacit\u00e9 de sortie num\u00e9rique des appareils compatibles de la m\u00eame s\u00e9rie.<\/p>","protected":false},"excerpt":{"rendered":"<p>Licence Dig 16 canaux pour AWG-401x (c\u00e2ble Mini SAS NON inclus)<\/p>","protected":false},"featured_media":7843,"comment_status":"closed","ping_status":"closed","template":"","meta":{"_acf_changed":false,"slim_seo":{"title":"AWG-4010-DIG16 - YOTAVIS AG","description":"Licence Dig 16 canaux pour AWG-401x (c\u00e2ble Mini SAS NON inclus)"}},"product_brand":[657],"product_cat":[526,651],"product_tag":[],"class_list":{"0":"post-6842","1":"product","2":"type-product","3":"status-publish","4":"has-post-thumbnail","6":"product_brand-active-technologies","7":"product_cat-accessories","8":"product_cat-software","10":"first","11":"instock","12":"taxable","13":"shipping-taxable","14":"product-type-simple"},"acf":[],"_links":{"self":[{"href":"https:\/\/yotavis.ch\/fr\/wp-json\/wp\/v2\/product\/6842","targetHints":{"allow":["GET"]}}],"collection":[{"href":"https:\/\/yotavis.ch\/fr\/wp-json\/wp\/v2\/product"}],"about":[{"href":"https:\/\/yotavis.ch\/fr\/wp-json\/wp\/v2\/types\/product"}],"replies":[{"embeddable":true,"href":"https:\/\/yotavis.ch\/fr\/wp-json\/wp\/v2\/comments?post=6842"}],"wp:featuredmedia":[{"embeddable":true,"href":"https:\/\/yotavis.ch\/fr\/wp-json\/wp\/v2\/media\/7843"}],"wp:attachment":[{"href":"https:\/\/yotavis.ch\/fr\/wp-json\/wp\/v2\/media?parent=6842"}],"wp:term":[{"taxonomy":"product_brand","embeddable":true,"href":"https:\/\/yotavis.ch\/fr\/wp-json\/wp\/v2\/product_brand?post=6842"},{"taxonomy":"product_cat","embeddable":true,"href":"https:\/\/yotavis.ch\/fr\/wp-json\/wp\/v2\/product_cat?post=6842"},{"taxonomy":"product_tag","embeddable":true,"href":"https:\/\/yotavis.ch\/fr\/wp-json\/wp\/v2\/product_tag?post=6842"}],"curies":[{"name":"wp","href":"https:\/\/api.w.org\/{rel}","templated":true}]}}