{"id":6843,"date":"2025-10-09T00:00:00","date_gmt":"2025-10-08T22:00:00","guid":{"rendered":"https:\/\/yotavis.ch\/product\/awg-4010-dig32\/"},"modified":"2026-04-24T13:36:34","modified_gmt":"2026-04-24T11:36:34","slug":"awg-4010-dig32","status":"publish","type":"product","link":"https:\/\/yotavis.ch\/fr\/produit\/awg-4010-dig32\/","title":{"rendered":"AWG-4010-DIG32"},"content":{"rendered":"<p>L'AWG-4010-DIG32 est une licence num\u00e9rique \u00e0 32 canaux con\u00e7ue pour \u00eatre utilis\u00e9e avec la s\u00e9rie AWG-401x. Ce produit n\u00e9cessite un c\u00e2ble Mini SAS, qui n'est pas inclus. Fabriqu\u00e9e par Active Technologies, cette licence permet d'utiliser des canaux num\u00e9riques pour les appareils compatibles. Elle est sp\u00e9cialement con\u00e7ue pour \u00e9tendre les capacit\u00e9s num\u00e9riques de l'AWG-401x, ce qui permet d'am\u00e9liorer les performances des applications n\u00e9cessitant plusieurs canaux num\u00e9riques. La licence facilite l'int\u00e9gration avec les configurations mat\u00e9rielles existantes, offrant une voie de mise \u00e0 niveau directe. Ce produit est destin\u00e9 aux utilisateurs qui ont besoin d'augmenter le nombre de canaux num\u00e9riques disponibles sur leur \u00e9quipement AWG-401x.<\/p>","protected":false},"excerpt":{"rendered":"<p>Licence Dig 32 canaux pour AWG-401x (c\u00e2ble Mini SAS NON inclus)<\/p>","protected":false},"featured_media":7843,"comment_status":"closed","ping_status":"closed","template":"","meta":{"_acf_changed":false,"slim_seo":{"title":"AWG-4010-DIG32 - YOTAVIS AG","description":"Licence Dig 32 canaux pour AWG-401x (c\u00e2ble Mini SAS NON inclus)"}},"product_brand":[657],"product_cat":[526,651],"product_tag":[],"class_list":{"0":"post-6843","1":"product","2":"type-product","3":"status-publish","4":"has-post-thumbnail","6":"product_brand-active-technologies","7":"product_cat-accessories","8":"product_cat-software","10":"first","11":"instock","12":"taxable","13":"shipping-taxable","14":"product-type-simple"},"acf":[],"_links":{"self":[{"href":"https:\/\/yotavis.ch\/fr\/wp-json\/wp\/v2\/product\/6843","targetHints":{"allow":["GET"]}}],"collection":[{"href":"https:\/\/yotavis.ch\/fr\/wp-json\/wp\/v2\/product"}],"about":[{"href":"https:\/\/yotavis.ch\/fr\/wp-json\/wp\/v2\/types\/product"}],"replies":[{"embeddable":true,"href":"https:\/\/yotavis.ch\/fr\/wp-json\/wp\/v2\/comments?post=6843"}],"wp:featuredmedia":[{"embeddable":true,"href":"https:\/\/yotavis.ch\/fr\/wp-json\/wp\/v2\/media\/7843"}],"wp:attachment":[{"href":"https:\/\/yotavis.ch\/fr\/wp-json\/wp\/v2\/media?parent=6843"}],"wp:term":[{"taxonomy":"product_brand","embeddable":true,"href":"https:\/\/yotavis.ch\/fr\/wp-json\/wp\/v2\/product_brand?post=6843"},{"taxonomy":"product_cat","embeddable":true,"href":"https:\/\/yotavis.ch\/fr\/wp-json\/wp\/v2\/product_cat?post=6843"},{"taxonomy":"product_tag","embeddable":true,"href":"https:\/\/yotavis.ch\/fr\/wp-json\/wp\/v2\/product_tag?post=6843"}],"curies":[{"name":"wp","href":"https:\/\/api.w.org\/{rel}","templated":true}]}}