{"id":6847,"date":"2025-10-09T00:00:00","date_gmt":"2025-10-08T22:00:00","guid":{"rendered":"https:\/\/yotavis.ch\/product\/awg2182-512m\/"},"modified":"2026-04-24T13:36:38","modified_gmt":"2026-04-24T11:36:38","slug":"awg2182-512m","status":"publish","type":"product","link":"https:\/\/yotavis.ch\/fr\/produit\/awg2182-512m\/","title":{"rendered":"AWG2182-512M"},"content":{"rendered":"<p>L'AWG2182-512M d'Active Technologies a une fr\u00e9quence maximale de 180 MHz et une amplitude de 6 V. Il supporte les fonctions de balayage et de rafale, ce qui permet une g\u00e9n\u00e9ration de signaux polyvalente. Le dispositif offre un taux d'\u00e9chantillonnage de 600 MS\/s et comprend une profondeur de m\u00e9moire de 512 Mpts, permettant le stockage et la lecture de formes d'ondes d\u00e9taill\u00e9es. Il a un temps de transition minimum de 4 ns et une largeur d'impulsion minimum de 5 ns, ce qui convient aux applications de synchronisation pr\u00e9cises. Ce mod\u00e8le est con\u00e7u avec deux canaux, offrant des capacit\u00e9s de double sortie pour les t\u00e2ches de g\u00e9n\u00e9ration de signaux complexes. La combinaison de ces sp\u00e9cifications fait de l'AWG2182-512M un instrument capable de r\u00e9pondre \u00e0 divers sc\u00e9narios de test et de d\u00e9veloppement \u00e9lectroniques.<\/p>","protected":false},"excerpt":{"rendered":"<p>2ch 600Ms\/s AWG 512Ms memory &#8211; 180MHz AFG<\/p>","protected":false},"featured_media":7858,"comment_status":"closed","ping_status":"closed","template":"","meta":{"_acf_changed":false,"slim_seo":{"title":"AWG2182-512M - YOTAVIS AG","description":"2ch 600Ms\/s AWG 512Ms memory - 180MHz AFG"}},"product_brand":[657],"product_cat":[1189,541,513],"product_tag":[],"class_list":{"0":"post-6847","1":"product","2":"type-product","3":"status-publish","4":"has-post-thumbnail","6":"product_brand-active-technologies","7":"product_cat-afg","8":"product_cat-awg","9":"product_cat-generator","10":"pa_amplitude-v-262","11":"pa_burst-yes","12":"pa_channels-350","13":"pa_frequency-mhz-699","14":"pa_memory-mpts-264","15":"pa_pulse-width-min-ns-702","16":"pa_sampling-rate-ms-s-700","17":"pa_sweep-yes","18":"pa_transition-time-min-ns-701","19":"pa_vertical-resolution-bits-125","21":"first","22":"instock","23":"taxable","24":"shipping-taxable","25":"purchasable","26":"product-type-simple"},"acf":[],"_links":{"self":[{"href":"https:\/\/yotavis.ch\/fr\/wp-json\/wp\/v2\/product\/6847","targetHints":{"allow":["GET"]}}],"collection":[{"href":"https:\/\/yotavis.ch\/fr\/wp-json\/wp\/v2\/product"}],"about":[{"href":"https:\/\/yotavis.ch\/fr\/wp-json\/wp\/v2\/types\/product"}],"replies":[{"embeddable":true,"href":"https:\/\/yotavis.ch\/fr\/wp-json\/wp\/v2\/comments?post=6847"}],"wp:featuredmedia":[{"embeddable":true,"href":"https:\/\/yotavis.ch\/fr\/wp-json\/wp\/v2\/media\/7858"}],"wp:attachment":[{"href":"https:\/\/yotavis.ch\/fr\/wp-json\/wp\/v2\/media?parent=6847"}],"wp:term":[{"taxonomy":"product_brand","embeddable":true,"href":"https:\/\/yotavis.ch\/fr\/wp-json\/wp\/v2\/product_brand?post=6847"},{"taxonomy":"product_cat","embeddable":true,"href":"https:\/\/yotavis.ch\/fr\/wp-json\/wp\/v2\/product_cat?post=6847"},{"taxonomy":"product_tag","embeddable":true,"href":"https:\/\/yotavis.ch\/fr\/wp-json\/wp\/v2\/product_tag?post=6847"}],"curies":[{"name":"wp","href":"https:\/\/api.w.org\/{rel}","templated":true}]}}