{"id":6848,"date":"2025-10-09T00:00:00","date_gmt":"2025-10-08T22:00:00","guid":{"rendered":"https:\/\/yotavis.ch\/product\/awg2184-2m\/"},"modified":"2026-04-24T13:36:38","modified_gmt":"2026-04-24T11:36:38","slug":"awg2184-2m","status":"publish","type":"product","link":"https:\/\/yotavis.ch\/fr\/produit\/awg2184-2m\/","title":{"rendered":"AWG2184-2M"},"content":{"rendered":"<p>L'AWG2184-2M d'Active Technologies est un g\u00e9n\u00e9rateur de formes d'ondes arbitraires \u00e0 4 canaux avec une fr\u00e9quence maximale de 180 MHz. Il offre un taux d'\u00e9chantillonnage \u00e9lev\u00e9 de 600 MS\/s et comprend une profondeur de m\u00e9moire de 2 Mpts, permettant une g\u00e9n\u00e9ration de forme d'onde d\u00e9taill\u00e9e. Le dispositif prend en charge les fonctions de balayage et de rafale, ce qui accro\u00eet sa polyvalence dans les t\u00e2ches de g\u00e9n\u00e9ration de signaux. Le temps de transition minimal est de 4 ns et la largeur d'impulsion minimale de 5 ns, ce qui permet un contr\u00f4le pr\u00e9cis de la synchronisation du signal. L'amplitude peut atteindre 6 V, ce qui offre une large gamme de niveaux de sortie pour diverses applications. Ce mod\u00e8le associe un \u00e9chantillonnage \u00e0 grande vitesse \u00e0 une capacit\u00e9 de m\u00e9moire substantielle pour prendre en charge des sc\u00e9narios complexes de cr\u00e9ation et de test de formes d'onde.<\/p>","protected":false},"excerpt":{"rendered":"<p>4ch 600Ms\/s AWG 2Ms memory &#8211; 180MHz AFG<\/p>","protected":false},"featured_media":7858,"comment_status":"closed","ping_status":"closed","template":"","meta":{"_acf_changed":false,"slim_seo":{"title":"AWG2184-2M - YOTAVIS AG","description":"4ch 600Ms\/s AWG 2Ms memory - 180MHz AFG"}},"product_brand":[657],"product_cat":[1189,541,513],"product_tag":[],"class_list":{"0":"post-6848","1":"product","2":"type-product","3":"status-publish","4":"has-post-thumbnail","6":"product_brand-active-technologies","7":"product_cat-afg","8":"product_cat-awg","9":"product_cat-generator","10":"pa_amplitude-v-262","11":"pa_burst-yes","12":"pa_channels-338","13":"pa_frequency-mhz-699","14":"pa_memory-mpts-654","15":"pa_pulse-width-min-ns-702","16":"pa_sampling-rate-ms-s-700","17":"pa_sweep-yes","18":"pa_transition-time-min-ns-701","19":"pa_vertical-resolution-bits-125","21":"first","22":"instock","23":"taxable","24":"shipping-taxable","25":"purchasable","26":"product-type-simple"},"acf":[],"_links":{"self":[{"href":"https:\/\/yotavis.ch\/fr\/wp-json\/wp\/v2\/product\/6848","targetHints":{"allow":["GET"]}}],"collection":[{"href":"https:\/\/yotavis.ch\/fr\/wp-json\/wp\/v2\/product"}],"about":[{"href":"https:\/\/yotavis.ch\/fr\/wp-json\/wp\/v2\/types\/product"}],"replies":[{"embeddable":true,"href":"https:\/\/yotavis.ch\/fr\/wp-json\/wp\/v2\/comments?post=6848"}],"wp:featuredmedia":[{"embeddable":true,"href":"https:\/\/yotavis.ch\/fr\/wp-json\/wp\/v2\/media\/7858"}],"wp:attachment":[{"href":"https:\/\/yotavis.ch\/fr\/wp-json\/wp\/v2\/media?parent=6848"}],"wp:term":[{"taxonomy":"product_brand","embeddable":true,"href":"https:\/\/yotavis.ch\/fr\/wp-json\/wp\/v2\/product_brand?post=6848"},{"taxonomy":"product_cat","embeddable":true,"href":"https:\/\/yotavis.ch\/fr\/wp-json\/wp\/v2\/product_cat?post=6848"},{"taxonomy":"product_tag","embeddable":true,"href":"https:\/\/yotavis.ch\/fr\/wp-json\/wp\/v2\/product_tag?post=6848"}],"curies":[{"name":"wp","href":"https:\/\/api.w.org\/{rel}","templated":true}]}}