{"id":6852,"date":"2025-10-09T00:00:00","date_gmt":"2025-10-08T22:00:00","guid":{"rendered":"https:\/\/yotavis.ch\/product\/awg2104-2m\/"},"modified":"2026-04-24T13:36:40","modified_gmt":"2026-04-24T11:36:40","slug":"awg2104-2m","status":"publish","type":"product","link":"https:\/\/yotavis.ch\/fr\/produit\/awg2104-2m\/","title":{"rendered":"AWG2104-2M"},"content":{"rendered":"<p>L'AWG2104-2M d'Active Technologies dispose de quatre canaux avec une fr\u00e9quence maximale de 100 MHz et un taux d'\u00e9chantillonnage de 600 MS\/s. Il comprend une profondeur de m\u00e9moire de 2 Mpts, ce qui permet de g\u00e9n\u00e9rer des formes d'ondes d\u00e9taill\u00e9es et de les stocker. Il comprend une profondeur de m\u00e9moire de 2 Mpts, ce qui permet de g\u00e9n\u00e9rer et de stocker des formes d'onde d\u00e9taill\u00e9es. L'appareil offre une amplitude de sortie de 12 Vpp, \u00e9quivalente \u00e0 une amplitude de 6 V, adapt\u00e9e \u00e0 diverses applications de signaux. Il prend en charge les modes balayage et rafale, ce qui accro\u00eet sa polyvalence dans les t\u00e2ches de g\u00e9n\u00e9ration de signaux. Le temps de transition minimal est de 5 ns et la largeur d'impulsion minimale est de 7 ns, ce qui permet un contr\u00f4le pr\u00e9cis de la synchronisation du signal. Ce g\u00e9n\u00e9rateur de formes d'ondes arbitraires associe une vitesse d'\u00e9chantillonnage \u00e9lev\u00e9e \u00e0 une capacit\u00e9 de m\u00e9moire importante pour r\u00e9pondre aux exigences de formes d'ondes complexes.<\/p>","protected":false},"excerpt":{"rendered":"<p>4ch 600Ms\/s AWG 2Ms memory &#8211; 100MHz AFG &#8211; 12Vpp output<\/p>","protected":false},"featured_media":7858,"comment_status":"closed","ping_status":"closed","template":"","meta":{"_acf_changed":false,"slim_seo":{"title":"AWG2104-2M - YOTAVIS AG","description":"4 canaux 600Ms\/s AWG 2Ms memory - 100MHz AFG - 12Vpp output"}},"product_brand":[657],"product_cat":[1189,541,513],"product_tag":[],"class_list":{"0":"post-6852","1":"product","2":"type-product","3":"status-publish","4":"has-post-thumbnail","6":"product_brand-active-technologies","7":"product_cat-afg","8":"product_cat-awg","9":"product_cat-generator","10":"pa_amplitude-v-262","11":"pa_burst-yes","12":"pa_channels-338","13":"pa_frequency-mhz-704","14":"pa_memory-mpts-654","15":"pa_pulse-width-min-ns-706","16":"pa_sampling-rate-ms-s-700","17":"pa_sweep-yes","18":"pa_transition-time-min-ns-705","19":"pa_vertical-resolution-bits-125","21":"first","22":"instock","23":"taxable","24":"shipping-taxable","25":"purchasable","26":"product-type-simple"},"acf":[],"_links":{"self":[{"href":"https:\/\/yotavis.ch\/fr\/wp-json\/wp\/v2\/product\/6852","targetHints":{"allow":["GET"]}}],"collection":[{"href":"https:\/\/yotavis.ch\/fr\/wp-json\/wp\/v2\/product"}],"about":[{"href":"https:\/\/yotavis.ch\/fr\/wp-json\/wp\/v2\/types\/product"}],"replies":[{"embeddable":true,"href":"https:\/\/yotavis.ch\/fr\/wp-json\/wp\/v2\/comments?post=6852"}],"wp:featuredmedia":[{"embeddable":true,"href":"https:\/\/yotavis.ch\/fr\/wp-json\/wp\/v2\/media\/7858"}],"wp:attachment":[{"href":"https:\/\/yotavis.ch\/fr\/wp-json\/wp\/v2\/media?parent=6852"}],"wp:term":[{"taxonomy":"product_brand","embeddable":true,"href":"https:\/\/yotavis.ch\/fr\/wp-json\/wp\/v2\/product_brand?post=6852"},{"taxonomy":"product_cat","embeddable":true,"href":"https:\/\/yotavis.ch\/fr\/wp-json\/wp\/v2\/product_cat?post=6852"},{"taxonomy":"product_tag","embeddable":true,"href":"https:\/\/yotavis.ch\/fr\/wp-json\/wp\/v2\/product_tag?post=6852"}],"curies":[{"name":"wp","href":"https:\/\/api.w.org\/{rel}","templated":true}]}}