{"id":6855,"date":"2025-10-09T00:00:00","date_gmt":"2025-10-08T22:00:00","guid":{"rendered":"https:\/\/yotavis.ch\/product\/awg-2184-hv\/"},"modified":"2026-04-24T13:36:41","modified_gmt":"2026-04-24T11:36:41","slug":"awg-2184-hv","status":"publish","type":"product","link":"https:\/\/yotavis.ch\/fr\/produit\/awg-2184-hv\/","title":{"rendered":"AWG-2184-HV"},"content":{"rendered":"<p>L'AWG-2184-HV d'Active Technologies est con\u00e7u pour fournir une sortie haute tension de 12V cr\u00eate \u00e0 cr\u00eate sur une charge de 50 ohms. Cette sp\u00e9cification indique sa capacit\u00e9 \u00e0 fournir des niveaux de tension significatifs convenant \u00e0 diverses applications n\u00e9cessitant des signaux \u00e0 haute tension. Le num\u00e9ro de mod\u00e8le AWG-2184-HV indique qu'il s'agit d'une variante de la s\u00e9rie AWG2184, sp\u00e9cialement con\u00e7ue pour la sortie haute tension. Le produit se concentre sur la fourniture de cette caract\u00e9ristique \u00e9lectrique particuli\u00e8re, sans autres caract\u00e9ristiques ou sp\u00e9cifications. Sa conception met probablement l'accent sur le param\u00e8tre de la tension de sortie, ce qui en fait un outil sp\u00e9cialis\u00e9 dans sa gamme. L'absence d'autres sp\u00e9cifications d\u00e9taill\u00e9es met en \u00e9vidence la fonction principale de ce dispositif en tant que source de sortie haute tension. Cela en fait un composant qui peut \u00eatre int\u00e9gr\u00e9 dans des syst\u00e8mes o\u00f9 un signal de 12Vpp sur une charge de 50 ohms est n\u00e9cessaire \u00e0 des fins de fonctionnement ou de test.<\/p>","protected":false},"excerpt":{"rendered":"<p>Sortie haute tension (12Vpp sur 50ohm) pour AWG2184<\/p>","protected":false},"featured_media":7858,"comment_status":"closed","ping_status":"closed","template":"","meta":{"_acf_changed":false,"slim_seo":{"title":"AWG-2184-HV - YOTAVIS AG","description":"Sortie haute tension (12Vpp sur 50ohm) pour AWG2184"}},"product_brand":[657],"product_cat":[526,651],"product_tag":[],"class_list":{"0":"post-6855","1":"product","2":"type-product","3":"status-publish","4":"has-post-thumbnail","6":"product_brand-active-technologies","7":"product_cat-accessories","8":"product_cat-software","10":"first","11":"instock","12":"taxable","13":"shipping-taxable","14":"purchasable","15":"product-type-simple"},"acf":[],"_links":{"self":[{"href":"https:\/\/yotavis.ch\/fr\/wp-json\/wp\/v2\/product\/6855","targetHints":{"allow":["GET"]}}],"collection":[{"href":"https:\/\/yotavis.ch\/fr\/wp-json\/wp\/v2\/product"}],"about":[{"href":"https:\/\/yotavis.ch\/fr\/wp-json\/wp\/v2\/types\/product"}],"replies":[{"embeddable":true,"href":"https:\/\/yotavis.ch\/fr\/wp-json\/wp\/v2\/comments?post=6855"}],"wp:featuredmedia":[{"embeddable":true,"href":"https:\/\/yotavis.ch\/fr\/wp-json\/wp\/v2\/media\/7858"}],"wp:attachment":[{"href":"https:\/\/yotavis.ch\/fr\/wp-json\/wp\/v2\/media?parent=6855"}],"wp:term":[{"taxonomy":"product_brand","embeddable":true,"href":"https:\/\/yotavis.ch\/fr\/wp-json\/wp\/v2\/product_brand?post=6855"},{"taxonomy":"product_cat","embeddable":true,"href":"https:\/\/yotavis.ch\/fr\/wp-json\/wp\/v2\/product_cat?post=6855"},{"taxonomy":"product_tag","embeddable":true,"href":"https:\/\/yotavis.ch\/fr\/wp-json\/wp\/v2\/product_tag?post=6855"}],"curies":[{"name":"wp","href":"https:\/\/api.w.org\/{rel}","templated":true}]}}