{"id":6856,"date":"2025-10-09T00:00:00","date_gmt":"2025-10-08T22:00:00","guid":{"rendered":"https:\/\/yotavis.ch\/product\/awg-2100-dig8\/"},"modified":"2026-04-24T13:36:41","modified_gmt":"2026-04-24T11:36:41","slug":"awg-2100-dig8","status":"publish","type":"product","link":"https:\/\/yotavis.ch\/fr\/produit\/awg-2100-dig8\/","title":{"rendered":"AWG-2100-DIG8"},"content":{"rendered":"<p>L'AWG-2100-DIG8 est une licence num\u00e9rique \u00e0 8 canaux con\u00e7ue pour \u00eatre utilis\u00e9e avec la s\u00e9rie AWG2000 d'Active Technologies. Ce produit permet d'activer huit canaux num\u00e9riques, \u00e9largissant ainsi les capacit\u00e9s de l'appareil AWG2000. Il est important de noter que le c\u00e2ble n\u00e9cessaire \u00e0 la connexion n'est pas inclus dans cette licence. La licence facilite la g\u00e9n\u00e9ration de signaux num\u00e9riques sur plusieurs canaux, ce qui permet de cr\u00e9er et de tester des formes d'ondes complexes. En tant que licence logicielle, elle s'int\u00e8gre de mani\u00e8re transparente au mat\u00e9riel existant, offrant des fonctionnalit\u00e9s am\u00e9lior\u00e9es sans n\u00e9cessiter de composants physiques suppl\u00e9mentaires. L'AWG-2100-DIG8 est destin\u00e9 aux utilisateurs qui ont besoin d'une capacit\u00e9 de canaux num\u00e9riques \u00e9tendue sur leurs unit\u00e9s AWG2000. Cette licence est un \u00e9l\u00e9ment cl\u00e9 pour ceux qui cherchent \u00e0 maximiser le potentiel de sortie num\u00e9rique de leurs g\u00e9n\u00e9rateurs de formes d'onde.<\/p>","protected":false},"excerpt":{"rendered":"<p>Licence Dig 8 canaux pour AWG2000 (c\u00e2ble NON inclus)<\/p>","protected":false},"featured_media":7858,"comment_status":"closed","ping_status":"closed","template":"","meta":{"_acf_changed":false,"slim_seo":{"title":"AWG-2100-DIG8 - YOTAVIS AG","description":"Licence Dig 8 canaux pour AWG2000 (c\u00e2ble NON inclus)"}},"product_brand":[657],"product_cat":[526,651],"product_tag":[],"class_list":{"0":"post-6856","1":"product","2":"type-product","3":"status-publish","4":"has-post-thumbnail","6":"product_brand-active-technologies","7":"product_cat-accessories","8":"product_cat-software","10":"first","11":"instock","12":"taxable","13":"shipping-taxable","14":"purchasable","15":"product-type-simple"},"acf":[],"_links":{"self":[{"href":"https:\/\/yotavis.ch\/fr\/wp-json\/wp\/v2\/product\/6856","targetHints":{"allow":["GET"]}}],"collection":[{"href":"https:\/\/yotavis.ch\/fr\/wp-json\/wp\/v2\/product"}],"about":[{"href":"https:\/\/yotavis.ch\/fr\/wp-json\/wp\/v2\/types\/product"}],"replies":[{"embeddable":true,"href":"https:\/\/yotavis.ch\/fr\/wp-json\/wp\/v2\/comments?post=6856"}],"wp:featuredmedia":[{"embeddable":true,"href":"https:\/\/yotavis.ch\/fr\/wp-json\/wp\/v2\/media\/7858"}],"wp:attachment":[{"href":"https:\/\/yotavis.ch\/fr\/wp-json\/wp\/v2\/media?parent=6856"}],"wp:term":[{"taxonomy":"product_brand","embeddable":true,"href":"https:\/\/yotavis.ch\/fr\/wp-json\/wp\/v2\/product_brand?post=6856"},{"taxonomy":"product_cat","embeddable":true,"href":"https:\/\/yotavis.ch\/fr\/wp-json\/wp\/v2\/product_cat?post=6856"},{"taxonomy":"product_tag","embeddable":true,"href":"https:\/\/yotavis.ch\/fr\/wp-json\/wp\/v2\/product_tag?post=6856"}],"curies":[{"name":"wp","href":"https:\/\/api.w.org\/{rel}","templated":true}]}}