{"id":9830,"date":"2025-10-09T00:00:00","date_gmt":"2025-10-08T22:00:00","guid":{"rendered":"https:\/\/yotavis.ch\/product\/bnc-745t-4c\/"},"modified":"2026-04-24T13:37:06","modified_gmt":"2026-04-24T11:37:06","slug":"bnc-745t-4c","status":"publish","type":"product","link":"https:\/\/yotavis.ch\/fr\/produit\/bnc-745t-4c\/","title":{"rendered":"BNC 745T 4C"},"content":{"rendered":"<p>Le g\u00e9n\u00e9rateur d'impulsions et de retards BNC 745T dispose de 4 canaux et fonctionne \u00e0 une fr\u00e9quence de 1 MHz. Il fournit une amplitude de 5 volts et supporte un temps de transition minimum de 1 nanoseconde. L'appareil est capable de g\u00e9n\u00e9rer des largeurs d'impulsion aussi courtes que 100 nanosecondes. Ce g\u00e9n\u00e9rateur d'impulsions et de retards est con\u00e7u pour offrir un contr\u00f4le pr\u00e9cis de la synchronisation sur ses multiples canaux. Ses sp\u00e9cifications soulignent sa capacit\u00e9 \u00e0 g\u00e9rer des transitions de signaux rapides et \u00e0 maintenir des niveaux d'amplitude coh\u00e9rents. La combinaison de ces caract\u00e9ristiques le rend adapt\u00e9 aux applications n\u00e9cessitant une g\u00e9n\u00e9ration d'impulsions et des ajustements temporels pr\u00e9cis.<\/p>","protected":false},"excerpt":{"rendered":"<p>BNC 745T Pulse &#038; Delay Generator 4 Channels<\/p>","protected":false},"featured_media":10311,"comment_status":"closed","ping_status":"closed","template":"","meta":{"_acf_changed":false,"slim_seo":{"title":"BNC 745T 4C - YOTAVIS AG","description":"BNC 745T G\u00e9n\u00e9rateur d'impulsions et de retard 4 voies"}},"product_brand":[1202],"product_cat":[513,671],"product_tag":[],"class_list":{"0":"post-9830","1":"product","2":"type-product","3":"status-publish","4":"has-post-thumbnail","6":"product_brand-bnc","7":"product_cat-generator","8":"product_cat-pulse-generator","9":"pa_amplitude-v-668","10":"pa_channels-338","11":"pa_frequency-mhz-744","12":"pa_pulse-width-min-ns-745","13":"pa_transition-time-min-ns-137","15":"first","16":"instock","17":"taxable","18":"shipping-taxable","19":"product-type-simple"},"acf":[],"_links":{"self":[{"href":"https:\/\/yotavis.ch\/fr\/wp-json\/wp\/v2\/product\/9830","targetHints":{"allow":["GET"]}}],"collection":[{"href":"https:\/\/yotavis.ch\/fr\/wp-json\/wp\/v2\/product"}],"about":[{"href":"https:\/\/yotavis.ch\/fr\/wp-json\/wp\/v2\/types\/product"}],"replies":[{"embeddable":true,"href":"https:\/\/yotavis.ch\/fr\/wp-json\/wp\/v2\/comments?post=9830"}],"wp:featuredmedia":[{"embeddable":true,"href":"https:\/\/yotavis.ch\/fr\/wp-json\/wp\/v2\/media\/10311"}],"wp:attachment":[{"href":"https:\/\/yotavis.ch\/fr\/wp-json\/wp\/v2\/media?parent=9830"}],"wp:term":[{"taxonomy":"product_brand","embeddable":true,"href":"https:\/\/yotavis.ch\/fr\/wp-json\/wp\/v2\/product_brand?post=9830"},{"taxonomy":"product_cat","embeddable":true,"href":"https:\/\/yotavis.ch\/fr\/wp-json\/wp\/v2\/product_cat?post=9830"},{"taxonomy":"product_tag","embeddable":true,"href":"https:\/\/yotavis.ch\/fr\/wp-json\/wp\/v2\/product_tag?post=9830"}],"curies":[{"name":"wp","href":"https:\/\/api.w.org\/{rel}","templated":true}]}}