{"id":9837,"date":"2025-10-09T00:00:00","date_gmt":"2025-10-08T22:00:00","guid":{"rendered":"https:\/\/yotavis.ch\/product\/bnc-588-oem-8c\/"},"modified":"2026-04-24T13:37:09","modified_gmt":"2026-04-24T11:37:09","slug":"bnc-588-oem-8c","status":"publish","type":"product","link":"https:\/\/yotavis.ch\/fr\/produit\/bnc-588-oem-8c\/","title":{"rendered":"BNC 588-OEM 8C"},"content":{"rendered":"<p>Le g\u00e9n\u00e9rateur d'impulsions et de retards BNC 588-OEM dispose de 8 canaux et fonctionne \u00e0 une fr\u00e9quence de 10 MHz. Il a une amplitude maximale de 10 V et une largeur d'impulsion minimale de 10 ns. Le dispositif offre un temps de transition aussi bas que 3 ns, ce qui permet un contr\u00f4le pr\u00e9cis de la synchronisation. Ce g\u00e9n\u00e9rateur est con\u00e7u pour g\u00e9rer efficacement les fonctions d'impulsion et de retard sur ses multiples canaux. Ses sp\u00e9cifications se concentrent sur la g\u00e9n\u00e9ration d'impulsions pr\u00e9cises avec des param\u00e8tres d'amplitude et de fr\u00e9quence d\u00e9finis. La combinaison de ces caract\u00e9ristiques le rend adapt\u00e9 aux applications qui n\u00e9cessitent des r\u00e9glages contr\u00f4l\u00e9s de l'amplitude et de la synchronisation des impulsions.<\/p>","protected":false},"excerpt":{"rendered":"<p>BNC 588-OEM Pulse &#038; Delay Generator 8 Channels<\/p>","protected":false},"featured_media":10320,"comment_status":"closed","ping_status":"closed","template":"","meta":{"_acf_changed":false,"slim_seo":{"title":"BNC 588-OEM 8C - YOTAVIS AG","description":"BNC 588-OEM G\u00e9n\u00e9rateur d'impulsions et de retard 8 canaux"}},"product_brand":[1202],"product_cat":[513,671],"product_tag":[],"class_list":{"0":"post-9837","1":"product","2":"type-product","3":"status-publish","4":"has-post-thumbnail","6":"product_brand-bnc","7":"product_cat-generator","8":"product_cat-pulse-generator","9":"pa_amplitude-v-106","10":"pa_channels-459","11":"pa_frequency-mhz-105","12":"pa_pulse-width-min-ns-656","13":"pa_transition-time-min-ns-743","15":"first","16":"instock","17":"taxable","18":"shipping-taxable","19":"product-type-simple"},"acf":[],"_links":{"self":[{"href":"https:\/\/yotavis.ch\/fr\/wp-json\/wp\/v2\/product\/9837","targetHints":{"allow":["GET"]}}],"collection":[{"href":"https:\/\/yotavis.ch\/fr\/wp-json\/wp\/v2\/product"}],"about":[{"href":"https:\/\/yotavis.ch\/fr\/wp-json\/wp\/v2\/types\/product"}],"replies":[{"embeddable":true,"href":"https:\/\/yotavis.ch\/fr\/wp-json\/wp\/v2\/comments?post=9837"}],"wp:featuredmedia":[{"embeddable":true,"href":"https:\/\/yotavis.ch\/fr\/wp-json\/wp\/v2\/media\/10320"}],"wp:attachment":[{"href":"https:\/\/yotavis.ch\/fr\/wp-json\/wp\/v2\/media?parent=9837"}],"wp:term":[{"taxonomy":"product_brand","embeddable":true,"href":"https:\/\/yotavis.ch\/fr\/wp-json\/wp\/v2\/product_brand?post=9837"},{"taxonomy":"product_cat","embeddable":true,"href":"https:\/\/yotavis.ch\/fr\/wp-json\/wp\/v2\/product_cat?post=9837"},{"taxonomy":"product_tag","embeddable":true,"href":"https:\/\/yotavis.ch\/fr\/wp-json\/wp\/v2\/product_tag?post=9837"}],"curies":[{"name":"wp","href":"https:\/\/api.w.org\/{rel}","templated":true}]}}