{"id":9838,"date":"2025-10-09T00:00:00","date_gmt":"2025-10-08T22:00:00","guid":{"rendered":"https:\/\/yotavis.ch\/product\/bnc-507-2c\/"},"modified":"2026-04-24T13:37:09","modified_gmt":"2026-04-24T11:37:09","slug":"bnc-507-2c","status":"publish","type":"product","link":"https:\/\/yotavis.ch\/fr\/produit\/bnc-507-2c\/","title":{"rendered":"BNC 507 2C"},"content":{"rendered":"<p>Le BNC 507 2C est un g\u00e9n\u00e9rateur d'impulsions de courant \u00e0 2 canaux. Il est fabriqu\u00e9 par BNC et est con\u00e7u pour d\u00e9livrer des impulsions de courant pr\u00e9cises sur ses deux canaux de sortie. Ce dispositif convient aux applications n\u00e9cessitant la g\u00e9n\u00e9ration d'impulsions de courant contr\u00f4l\u00e9es. Le num\u00e9ro de mod\u00e8le BNC 507 2C identifie cette configuration sp\u00e9cifique au sein de la gamme de produits BNC.<\/p>","protected":false},"excerpt":{"rendered":"<p>BNC 507 G\u00e9n\u00e9rateur d'impulsions de courant 2 canaux<\/p>","protected":false},"featured_media":10327,"comment_status":"closed","ping_status":"closed","template":"","meta":{"_acf_changed":false,"slim_seo":{"title":"BNC 507 2C - YOTAVIS AG","description":"BNC 507 G\u00e9n\u00e9rateur d'impulsions de courant 2 canaux"}},"product_brand":[1202],"product_cat":[513,750],"product_tag":[],"class_list":{"0":"post-9838","1":"product","2":"type-product","3":"status-publish","4":"has-post-thumbnail","6":"product_brand-bnc","7":"product_cat-generator","8":"product_cat-others-generator","10":"first","11":"instock","12":"taxable","13":"shipping-taxable","14":"product-type-simple"},"acf":[],"_links":{"self":[{"href":"https:\/\/yotavis.ch\/fr\/wp-json\/wp\/v2\/product\/9838","targetHints":{"allow":["GET"]}}],"collection":[{"href":"https:\/\/yotavis.ch\/fr\/wp-json\/wp\/v2\/product"}],"about":[{"href":"https:\/\/yotavis.ch\/fr\/wp-json\/wp\/v2\/types\/product"}],"replies":[{"embeddable":true,"href":"https:\/\/yotavis.ch\/fr\/wp-json\/wp\/v2\/comments?post=9838"}],"wp:featuredmedia":[{"embeddable":true,"href":"https:\/\/yotavis.ch\/fr\/wp-json\/wp\/v2\/media\/10327"}],"wp:attachment":[{"href":"https:\/\/yotavis.ch\/fr\/wp-json\/wp\/v2\/media?parent=9838"}],"wp:term":[{"taxonomy":"product_brand","embeddable":true,"href":"https:\/\/yotavis.ch\/fr\/wp-json\/wp\/v2\/product_brand?post=9838"},{"taxonomy":"product_cat","embeddable":true,"href":"https:\/\/yotavis.ch\/fr\/wp-json\/wp\/v2\/product_cat?post=9838"},{"taxonomy":"product_tag","embeddable":true,"href":"https:\/\/yotavis.ch\/fr\/wp-json\/wp\/v2\/product_tag?post=9838"}],"curies":[{"name":"wp","href":"https:\/\/api.w.org\/{rel}","templated":true}]}}