{"id":9840,"date":"2025-10-09T00:00:00","date_gmt":"2025-10-08T22:00:00","guid":{"rendered":"https:\/\/yotavis.ch\/product\/bnc-508-2c\/"},"modified":"2026-04-24T13:37:10","modified_gmt":"2026-04-24T11:37:10","slug":"bnc-508-2c","status":"publish","type":"product","link":"https:\/\/yotavis.ch\/fr\/produit\/bnc-508-2c\/","title":{"rendered":"BNC 508 2C"},"content":{"rendered":"<p>Le g\u00e9n\u00e9rateur d'impulsions de courant BNC 508 dispose de 2 canaux con\u00e7us pour g\u00e9n\u00e9rer des impulsions de courant pr\u00e9cises. Fabriqu\u00e9 par BNC, cet appareil est identifi\u00e9 par le num\u00e9ro de mod\u00e8le BNC 508 2C. Il est sp\u00e9cialement con\u00e7u pour g\u00e9rer les t\u00e2ches de g\u00e9n\u00e9ration d'impulsions de courant sur deux canaux distincts, ce qui permet un fonctionnement simultan\u00e9. Le produit est reconnu pour sa capacit\u00e9 \u00e0 fournir des impulsions de courant contr\u00f4l\u00e9es, qui sont essentielles dans diverses applications de test et de mesure. La conception vise \u00e0 fournir des performances fiables en mati\u00e8re de g\u00e9n\u00e9ration d'impulsions de courant sans sp\u00e9cifications suppl\u00e9mentaires sur les param\u00e8tres de puissance, de tension ou de fr\u00e9quence. Ce mod\u00e8le convient aux utilisateurs qui ont besoin d'un g\u00e9n\u00e9rateur d'impulsions de courant \u00e0 deux canaux de la marque BNC.<\/p>","protected":false},"excerpt":{"rendered":"<p>BNC 508 G\u00e9n\u00e9rateur d'impulsions de courant 2 voies<\/p>","protected":false},"featured_media":10328,"comment_status":"closed","ping_status":"closed","template":"","meta":{"_acf_changed":false,"slim_seo":{"title":"BNC 508 2C - YOTAVIS AG","description":"BNC 508 G\u00e9n\u00e9rateur d'impulsions de courant 2 voies"}},"product_brand":[1202],"product_cat":[513,750],"product_tag":[],"class_list":{"0":"post-9840","1":"product","2":"type-product","3":"status-publish","4":"has-post-thumbnail","6":"product_brand-bnc","7":"product_cat-generator","8":"product_cat-others-generator","10":"first","11":"instock","12":"taxable","13":"shipping-taxable","14":"product-type-simple"},"acf":[],"_links":{"self":[{"href":"https:\/\/yotavis.ch\/fr\/wp-json\/wp\/v2\/product\/9840","targetHints":{"allow":["GET"]}}],"collection":[{"href":"https:\/\/yotavis.ch\/fr\/wp-json\/wp\/v2\/product"}],"about":[{"href":"https:\/\/yotavis.ch\/fr\/wp-json\/wp\/v2\/types\/product"}],"replies":[{"embeddable":true,"href":"https:\/\/yotavis.ch\/fr\/wp-json\/wp\/v2\/comments?post=9840"}],"wp:featuredmedia":[{"embeddable":true,"href":"https:\/\/yotavis.ch\/fr\/wp-json\/wp\/v2\/media\/10328"}],"wp:attachment":[{"href":"https:\/\/yotavis.ch\/fr\/wp-json\/wp\/v2\/media?parent=9840"}],"wp:term":[{"taxonomy":"product_brand","embeddable":true,"href":"https:\/\/yotavis.ch\/fr\/wp-json\/wp\/v2\/product_brand?post=9840"},{"taxonomy":"product_cat","embeddable":true,"href":"https:\/\/yotavis.ch\/fr\/wp-json\/wp\/v2\/product_cat?post=9840"},{"taxonomy":"product_tag","embeddable":true,"href":"https:\/\/yotavis.ch\/fr\/wp-json\/wp\/v2\/product_tag?post=9840"}],"curies":[{"name":"wp","href":"https:\/\/api.w.org\/{rel}","templated":true}]}}