{"id":9841,"date":"2025-10-09T00:00:00","date_gmt":"2025-10-08T22:00:00","guid":{"rendered":"https:\/\/yotavis.ch\/product\/bnc-508-4c\/"},"modified":"2026-04-24T13:37:10","modified_gmt":"2026-04-24T11:37:10","slug":"bnc-508-4c","status":"publish","type":"product","link":"https:\/\/yotavis.ch\/fr\/produit\/bnc-508-4c\/","title":{"rendered":"BNC 508 4C"},"content":{"rendered":"<p>Le BNC 508 4C est un g\u00e9n\u00e9rateur d'impulsions de courant \u00e0 4 canaux. Il est con\u00e7u et fabriqu\u00e9 par la marque BNC. Ce dispositif est identifi\u00e9 par le num\u00e9ro de mod\u00e8le BNC 508 et est sp\u00e9cifiquement con\u00e7u pour g\u00e9n\u00e9rer des impulsions de courant sur plusieurs canaux simultan\u00e9ment. Le produit est reconnu pour sa capacit\u00e9 \u00e0 g\u00e9rer quatre sorties distinctes, ce qui permet des applications polyvalentes dans divers sc\u00e9narios de test et de mesure. La br\u00e8ve description met en \u00e9vidence sa fonction principale de g\u00e9n\u00e9rateur d'impulsions de courant \u00e0 quatre canaux, en soulignant sa capacit\u00e9 de sortie multicanal. Le BNC 508 4C convient aux utilisateurs qui ont besoin de g\u00e9n\u00e9rer des impulsions de courant pr\u00e9cises sur plusieurs canaux dans le cadre de leur travail ou de leurs projets.<\/p>","protected":false},"excerpt":{"rendered":"<p>BNC 508 G\u00e9n\u00e9rateur d'impulsions de courant 4 voies<\/p>","protected":false},"featured_media":10328,"comment_status":"closed","ping_status":"closed","template":"","meta":{"_acf_changed":false,"slim_seo":{"title":"BNC 508 4C - YOTAVIS AG","description":"BNC 508 G\u00e9n\u00e9rateur d'impulsions de courant 4 voies"}},"product_brand":[1202],"product_cat":[513,750],"product_tag":[],"class_list":{"0":"post-9841","1":"product","2":"type-product","3":"status-publish","4":"has-post-thumbnail","6":"product_brand-bnc","7":"product_cat-generator","8":"product_cat-others-generator","10":"first","11":"instock","12":"taxable","13":"shipping-taxable","14":"product-type-simple"},"acf":[],"_links":{"self":[{"href":"https:\/\/yotavis.ch\/fr\/wp-json\/wp\/v2\/product\/9841","targetHints":{"allow":["GET"]}}],"collection":[{"href":"https:\/\/yotavis.ch\/fr\/wp-json\/wp\/v2\/product"}],"about":[{"href":"https:\/\/yotavis.ch\/fr\/wp-json\/wp\/v2\/types\/product"}],"replies":[{"embeddable":true,"href":"https:\/\/yotavis.ch\/fr\/wp-json\/wp\/v2\/comments?post=9841"}],"wp:featuredmedia":[{"embeddable":true,"href":"https:\/\/yotavis.ch\/fr\/wp-json\/wp\/v2\/media\/10328"}],"wp:attachment":[{"href":"https:\/\/yotavis.ch\/fr\/wp-json\/wp\/v2\/media?parent=9841"}],"wp:term":[{"taxonomy":"product_brand","embeddable":true,"href":"https:\/\/yotavis.ch\/fr\/wp-json\/wp\/v2\/product_brand?post=9841"},{"taxonomy":"product_cat","embeddable":true,"href":"https:\/\/yotavis.ch\/fr\/wp-json\/wp\/v2\/product_cat?post=9841"},{"taxonomy":"product_tag","embeddable":true,"href":"https:\/\/yotavis.ch\/fr\/wp-json\/wp\/v2\/product_tag?post=9841"}],"curies":[{"name":"wp","href":"https:\/\/api.w.org\/{rel}","templated":true}]}}