{"id":9844,"date":"2025-10-09T00:00:00","date_gmt":"2025-10-08T22:00:00","guid":{"rendered":"https:\/\/yotavis.ch\/product\/bnc-pcx-7500-ex\/"},"modified":"2026-04-24T13:37:12","modified_gmt":"2026-04-24T11:37:12","slug":"bnc-pcx-7500-ex","status":"publish","type":"product","link":"https:\/\/yotavis.ch\/fr\/produit\/bnc-pcx-7500-ex\/","title":{"rendered":"BNC PCX-7500-EX"},"content":{"rendered":"<p>Le BNC PCX-7500-EX est un g\u00e9n\u00e9rateur d'impulsions de courant con\u00e7u par BNC. Ce dispositif est identifi\u00e9 par son nom de mod\u00e8le PCX-7500-EX et est destin\u00e9 aux applications n\u00e9cessitant une g\u00e9n\u00e9ration pr\u00e9cise d'impulsions de courant. Le produit ne pr\u00e9sente pas de sp\u00e9cifications techniques sp\u00e9cifiques telles que la puissance, la tension, le courant, le nombre de sorties ou les param\u00e8tres de fr\u00e9quence. Il manque \u00e9galement des d\u00e9tails sur des caract\u00e9ristiques telles que la t\u00e9l\u00e9commande, les canaux, la bande passante, la fr\u00e9quence d'\u00e9chantillonnage, la profondeur de m\u00e9moire, la r\u00e9solution verticale, les canaux num\u00e9riques ou les capacit\u00e9s de l'\u00e9cran tactile. Les informations concernant l'amplitude, le balayage, la rafale, le temps de transition, la largeur d'impulsion, le bruit de phase, la largeur de bande IQ, les chiffres, les valeurs nominales maximales de tension et de courant, la r\u00e9sistance, la valeur efficace vraie, la vitesse de balayage, la pr\u00e9cision de base, les ports, la conception portable, la largeur de bande d'analyse, DANL, RTSA, le protocole, l'interface, les capteurs RF, les connecteurs, la gamme de longueurs d'onde, la vitesse, le niveau maximum, IOLM, la gamme dynamique ou la modularit\u00e9 ne sont pas fournies. La description se concentre uniquement sur l'identification du produit en tant que g\u00e9n\u00e9rateur d'impulsions de courant sous la marque BNC, sans autres d\u00e9tails techniques ou fonctionnels.<\/p>","protected":false},"excerpt":{"rendered":"<p>BNC PCX-7500-EX G\u00e9n\u00e9rateur d'impulsions de courant<\/p>","protected":false},"featured_media":10341,"comment_status":"closed","ping_status":"closed","template":"","meta":{"_acf_changed":false,"slim_seo":{"title":"BNC PCX-7500-EX - YOTAVIS AG","description":"BNC PCX-7500-EX G\u00e9n\u00e9rateur d'impulsions de courant"}},"product_brand":[1202],"product_cat":[513,750],"product_tag":[],"class_list":{"0":"post-9844","1":"product","2":"type-product","3":"status-publish","4":"has-post-thumbnail","6":"product_brand-bnc","7":"product_cat-generator","8":"product_cat-others-generator","10":"first","11":"instock","12":"taxable","13":"shipping-taxable","14":"product-type-simple"},"acf":[],"_links":{"self":[{"href":"https:\/\/yotavis.ch\/fr\/wp-json\/wp\/v2\/product\/9844","targetHints":{"allow":["GET"]}}],"collection":[{"href":"https:\/\/yotavis.ch\/fr\/wp-json\/wp\/v2\/product"}],"about":[{"href":"https:\/\/yotavis.ch\/fr\/wp-json\/wp\/v2\/types\/product"}],"replies":[{"embeddable":true,"href":"https:\/\/yotavis.ch\/fr\/wp-json\/wp\/v2\/comments?post=9844"}],"wp:featuredmedia":[{"embeddable":true,"href":"https:\/\/yotavis.ch\/fr\/wp-json\/wp\/v2\/media\/10341"}],"wp:attachment":[{"href":"https:\/\/yotavis.ch\/fr\/wp-json\/wp\/v2\/media?parent=9844"}],"wp:term":[{"taxonomy":"product_brand","embeddable":true,"href":"https:\/\/yotavis.ch\/fr\/wp-json\/wp\/v2\/product_brand?post=9844"},{"taxonomy":"product_cat","embeddable":true,"href":"https:\/\/yotavis.ch\/fr\/wp-json\/wp\/v2\/product_cat?post=9844"},{"taxonomy":"product_tag","embeddable":true,"href":"https:\/\/yotavis.ch\/fr\/wp-json\/wp\/v2\/product_tag?post=9844"}],"curies":[{"name":"wp","href":"https:\/\/api.w.org\/{rel}","templated":true}]}}