{"id":9847,"date":"2025-10-09T00:00:00","date_gmt":"2025-10-08T22:00:00","guid":{"rendered":"https:\/\/yotavis.ch\/product\/bnc-rfs-1420\/"},"modified":"2026-04-24T13:37:19","modified_gmt":"2026-04-24T11:37:19","slug":"bnc-rfs-1420","status":"publish","type":"product","link":"https:\/\/yotavis.ch\/fr\/produit\/bnc-rfs-1420\/","title":{"rendered":"BNC RFS-1420"},"content":{"rendered":"<p>Le BNC RFS-1420 est un g\u00e9n\u00e9rateur de signaux RF capable de fonctionner \u00e0 une fr\u00e9quence de 42 GHz, avec une fr\u00e9quence maximale de 40 000 MHz. Il d\u00e9livre une amplitude de sortie de 15 dBm, ce qui le rend adapt\u00e9 \u00e0 diverses applications \u00e0 haute fr\u00e9quence. L'appareil pr\u00e9sente un bruit de phase de -124 dBc\/Hz, ce qui indique qu'il est capable de maintenir la puret\u00e9 du signal. Ce g\u00e9n\u00e9rateur de signaux est con\u00e7u par la marque BNC, connue pour ses \u00e9quipements de test \u00e9lectroniques. La combinaison de sa capacit\u00e9 haute fr\u00e9quence et de sa sortie d'amplitude lui permet d'\u00eatre utilis\u00e9 dans des environnements de test et de d\u00e9veloppement o\u00f9 des signaux RF pr\u00e9cis sont requis. Le BNC RFS-1420 permet de g\u00e9n\u00e9rer des signaux fiables dans les plages de fr\u00e9quence et d'amplitude sp\u00e9cifi\u00e9es.<\/p>","protected":false},"excerpt":{"rendered":"<p>BNC RFS-1420 G\u00e9n\u00e9rateur de signaux RF 42 GHz<\/p>","protected":false},"featured_media":10347,"comment_status":"closed","ping_status":"closed","template":"","meta":{"_acf_changed":false,"slim_seo":{"title":"BNC RFS-1420 - YOTAVIS AG","description":"BNC RFS-1420 G\u00e9n\u00e9rateur de signaux RF 42 GHz"}},"product_brand":[1202],"product_cat":[513,521],"product_tag":[],"class_list":{"0":"post-9847","1":"product","2":"type-product","3":"status-publish","4":"has-post-thumbnail","6":"product_brand-bnc","7":"product_cat-generator","8":"product_cat-rf-generator","9":"pa_amplitude-dbm-751","10":"pa_channels-384","11":"pa_frequency-mhz-274","13":"first","14":"instock","15":"taxable","16":"shipping-taxable","17":"product-type-simple"},"acf":[],"_links":{"self":[{"href":"https:\/\/yotavis.ch\/fr\/wp-json\/wp\/v2\/product\/9847","targetHints":{"allow":["GET"]}}],"collection":[{"href":"https:\/\/yotavis.ch\/fr\/wp-json\/wp\/v2\/product"}],"about":[{"href":"https:\/\/yotavis.ch\/fr\/wp-json\/wp\/v2\/types\/product"}],"replies":[{"embeddable":true,"href":"https:\/\/yotavis.ch\/fr\/wp-json\/wp\/v2\/comments?post=9847"}],"wp:featuredmedia":[{"embeddable":true,"href":"https:\/\/yotavis.ch\/fr\/wp-json\/wp\/v2\/media\/10347"}],"wp:attachment":[{"href":"https:\/\/yotavis.ch\/fr\/wp-json\/wp\/v2\/media?parent=9847"}],"wp:term":[{"taxonomy":"product_brand","embeddable":true,"href":"https:\/\/yotavis.ch\/fr\/wp-json\/wp\/v2\/product_brand?post=9847"},{"taxonomy":"product_cat","embeddable":true,"href":"https:\/\/yotavis.ch\/fr\/wp-json\/wp\/v2\/product_cat?post=9847"},{"taxonomy":"product_tag","embeddable":true,"href":"https:\/\/yotavis.ch\/fr\/wp-json\/wp\/v2\/product_tag?post=9847"}],"curies":[{"name":"wp","href":"https:\/\/api.w.org\/{rel}","templated":true}]}}