{"id":9849,"date":"2025-10-09T00:00:00","date_gmt":"2025-10-08T22:00:00","guid":{"rendered":"https:\/\/yotavis.ch\/product\/bnc-rfs-4200\/"},"modified":"2026-04-24T13:37:20","modified_gmt":"2026-04-24T11:37:20","slug":"bnc-rfs-4200","status":"publish","type":"product","link":"https:\/\/yotavis.ch\/fr\/produit\/bnc-rfs-4200\/","title":{"rendered":"BNC RFS-4200"},"content":{"rendered":"<p>Le BNC RFS-4200 est un g\u00e9n\u00e9rateur de signaux RF de 20 GHz con\u00e7u pour fonctionner \u00e0 une fr\u00e9quence de 2000 MHz. Il d\u00e9livre une amplitude de 27 dBm, fournissant un signal de sortie robuste pour diverses applications. Le dispositif pr\u00e9sente un niveau de bruit de phase de -134 dBc\/Hz, ce qui indique sa capacit\u00e9 \u00e0 maintenir l'int\u00e9grit\u00e9 du signal avec un minimum d'interf\u00e9rences. Ce g\u00e9n\u00e9rateur de signaux est fabriqu\u00e9 par BNC, une marque connue pour ses \u00e9quipements de test \u00e9lectronique. Le BNC RFS-4200 est adapt\u00e9 \u00e0 une utilisation dans des environnements o\u00f9 une g\u00e9n\u00e9ration de fr\u00e9quence pr\u00e9cise et une amplitude stable sont requises. Ses sp\u00e9cifications mettent l'accent sur les performances \u00e0 haute fr\u00e9quence et la qualit\u00e9 du signal. Ce mod\u00e8le n'inclut pas de fonctions suppl\u00e9mentaires telles que la t\u00e9l\u00e9commande, les canaux multiples ou l'\u00e9cran tactile, mais se concentre plut\u00f4t sur les capacit\u00e9s de g\u00e9n\u00e9ration de signaux.<\/p>","protected":false},"excerpt":{"rendered":"<p>BNC RFS-4200 G\u00e9n\u00e9rateur de signaux RF 20 GHz<\/p>","protected":false},"featured_media":10353,"comment_status":"closed","ping_status":"closed","template":"","meta":{"_acf_changed":false,"slim_seo":{"title":"BNC RFS-4200 - YOTAVIS AG","description":"BNC RFS-4200 G\u00e9n\u00e9rateur de signaux RF 20 GHz"}},"product_brand":[1202],"product_cat":[513,521],"product_tag":[],"class_list":{"0":"post-9849","1":"product","2":"type-product","3":"status-publish","4":"has-post-thumbnail","6":"product_brand-bnc","7":"product_cat-generator","8":"product_cat-rf-generator","9":"pa_amplitude-dbm-752","10":"pa_channels-384","11":"pa_frequency-mhz-686","13":"first","14":"instock","15":"taxable","16":"shipping-taxable","17":"product-type-simple"},"acf":[],"_links":{"self":[{"href":"https:\/\/yotavis.ch\/fr\/wp-json\/wp\/v2\/product\/9849","targetHints":{"allow":["GET"]}}],"collection":[{"href":"https:\/\/yotavis.ch\/fr\/wp-json\/wp\/v2\/product"}],"about":[{"href":"https:\/\/yotavis.ch\/fr\/wp-json\/wp\/v2\/types\/product"}],"replies":[{"embeddable":true,"href":"https:\/\/yotavis.ch\/fr\/wp-json\/wp\/v2\/comments?post=9849"}],"wp:featuredmedia":[{"embeddable":true,"href":"https:\/\/yotavis.ch\/fr\/wp-json\/wp\/v2\/media\/10353"}],"wp:attachment":[{"href":"https:\/\/yotavis.ch\/fr\/wp-json\/wp\/v2\/media?parent=9849"}],"wp:term":[{"taxonomy":"product_brand","embeddable":true,"href":"https:\/\/yotavis.ch\/fr\/wp-json\/wp\/v2\/product_brand?post=9849"},{"taxonomy":"product_cat","embeddable":true,"href":"https:\/\/yotavis.ch\/fr\/wp-json\/wp\/v2\/product_cat?post=9849"},{"taxonomy":"product_tag","embeddable":true,"href":"https:\/\/yotavis.ch\/fr\/wp-json\/wp\/v2\/product_tag?post=9849"}],"curies":[{"name":"wp","href":"https:\/\/api.w.org\/{rel}","templated":true}]}}