{"id":9853,"date":"2025-10-09T00:00:00","date_gmt":"2025-10-08T22:00:00","guid":{"rendered":"https:\/\/yotavis.ch\/product\/mg3710e-036\/"},"modified":"2026-03-02T16:43:54","modified_gmt":"2026-03-02T15:43:54","slug":"mg3710e-036","status":"publish","type":"product","link":"https:\/\/yotavis.ch\/fr\/produit\/mg3710e-036\/","title":{"rendered":"MG3710E-036"},"content":{"rendered":"<p>Le MG3710E-036 d'Anritsu est un g\u00e9n\u00e9rateur vectoriel RF haute performance con\u00e7u pour g\u00e9n\u00e9rer des signaux pr\u00e9cis jusqu'\u00e0 6000 MHz. Dot\u00e9 d'un canal unique avec une amplitude de sortie de 30 dBm et un bruit de phase exceptionnel de -131 dBc\/Hz, ce g\u00e9n\u00e9rateur est id\u00e9al pour les tests avanc\u00e9s et le d\u00e9veloppement dans les domaines des communications et de l'\u00e9lectronique. Sa largeur de bande IQ de 120 MHz prend en charge des sch\u00e9mas de modulation complexes, ce qui le rend adapt\u00e9 aux laboratoires de recherche et aux environnements de production n\u00e9cessitant des signaux RF pr\u00e9cis et stables. Disponible dans la boutique en ligne, le MG3710E-036 offre des performances fiables aux ing\u00e9nieurs qui recherchent une solution de qualit\u00e9 professionnelle dans la cat\u00e9gorie des g\u00e9n\u00e9rateurs et des g\u00e9n\u00e9rateurs de vecteurs RF.<\/p>","protected":false},"excerpt":{"rendered":"<p>G\u00e9n\u00e9rateur de signaux vectoriels 100kHz \u00e0 6GHz<\/p>","protected":false},"featured_media":10162,"comment_status":"closed","ping_status":"closed","template":"","meta":{"_acf_changed":false,"slim_seo":{"title":"MG3710E-036 - YOTAVIS AG","description":"G\u00e9n\u00e9rateur de signaux vectoriels 100kHz \u00e0 6GHz"}},"product_brand":[758],"product_cat":[513,522],"product_tag":[],"class_list":{"0":"post-9853","1":"product","2":"type-product","3":"status-publish","4":"has-post-thumbnail","6":"product_brand-anritsu","7":"product_cat-generator","8":"product_cat-rf-vector-generator","9":"pa_amplitude-dbm-276","10":"pa_channels-384","11":"pa_frequency-mhz-176","12":"pa_iq-bandwidth-mhz-757","14":"first","15":"instock","16":"taxable","17":"shipping-taxable","18":"product-type-simple"},"acf":[],"_links":{"self":[{"href":"https:\/\/yotavis.ch\/fr\/wp-json\/wp\/v2\/product\/9853","targetHints":{"allow":["GET"]}}],"collection":[{"href":"https:\/\/yotavis.ch\/fr\/wp-json\/wp\/v2\/product"}],"about":[{"href":"https:\/\/yotavis.ch\/fr\/wp-json\/wp\/v2\/types\/product"}],"replies":[{"embeddable":true,"href":"https:\/\/yotavis.ch\/fr\/wp-json\/wp\/v2\/comments?post=9853"}],"wp:featuredmedia":[{"embeddable":true,"href":"https:\/\/yotavis.ch\/fr\/wp-json\/wp\/v2\/media\/10162"}],"wp:attachment":[{"href":"https:\/\/yotavis.ch\/fr\/wp-json\/wp\/v2\/media?parent=9853"}],"wp:term":[{"taxonomy":"product_brand","embeddable":true,"href":"https:\/\/yotavis.ch\/fr\/wp-json\/wp\/v2\/product_brand?post=9853"},{"taxonomy":"product_cat","embeddable":true,"href":"https:\/\/yotavis.ch\/fr\/wp-json\/wp\/v2\/product_cat?post=9853"},{"taxonomy":"product_tag","embeddable":true,"href":"https:\/\/yotavis.ch\/fr\/wp-json\/wp\/v2\/product_tag?post=9853"}],"curies":[{"name":"wp","href":"https:\/\/api.w.org\/{rel}","templated":true}]}}